{"id":872,"date":"2021-11-15T10:52:09","date_gmt":"2021-11-15T10:52:09","guid":{"rendered":"https:\/\/www.ugb.ro\/?page_id=872"},"modified":"2025-05-14T12:02:12","modified_gmt":"2025-05-14T12:02:12","slug":"specializarea-drept-antreprenorial","status":"publish","type":"page","link":"https:\/\/www.ugb.ro\/index.php\/studii-2\/studii-de-master\/specializarea-drept-antreprenorial\/","title":{"rendered":"Specializarea Drept antreprenorial"},"content":{"rendered":"\n<blockquote class=\"wp-block-quote is-style-default is-layout-flow wp-block-quote-is-layout-flow\">\n<p>Coordonator program: <strong>Conf. univ. Dr. Adrian GHERASIM<\/strong><\/p>\n\n\n\n<p>Domeniul: <strong>DREPT<\/strong><\/p>\n\n\n\n<p>Durata studiilor \/ num\u0103rul de credite transferabile ECTS: <strong>4 SEMESTRE \/ 120 DE CREDITE<\/strong> <\/p>\n\n\n\n<p>Tipul masteratului: <strong>Profesional<\/strong><\/p>\n\n\n\n<p>Forma de \u00eenv\u0103\u0163\u0103m\u00e2nt: <strong>\u00ceNV\u0102\u0162\u0102M\u00c2NT CU FRECVEN\u0162\u0102 (IF)<\/strong><\/p>\n<\/blockquote>\n\n\n\n<div class=\"wp-block-buttons is-layout-flex wp-block-buttons-is-layout-flex\">\n<div class=\"wp-block-button\"><a class=\"wp-block-button__link wp-element-button\" href=\"https:\/\/admitere.ugb.ro\/inscriere-online\">Inscrie-te online &#8211; Admitere 2025<\/a><\/div>\n<\/div>\n\n\n\n<p><\/p>\n\n\n\n<p>Propun\u00e2ndu-\u015fi s\u0103 r\u0103spund\u0103 unor necesit\u0103\u0163i stringente de preg\u0103tire \u015fi formare \u00een diferite domenii de activitate, acest program de master preg\u0103te\u0219te speciali\u015fti de \u00eenalt\u0103 clas\u0103 prin aprofundarea cuno\u0219tin\u021belor de drept \u0219i a alor discipline cu implica\u021bii \u00een economie, precum \u015fi \u00eensu\u015firea cuno\u015ftin\u0163elor de drept necesare absolven\u0163ilor de studii juridice, economice, financiare etc., implica\u0163i \u00een conducerea \u015fi administrarea afacerilor.<\/p>\n\n\n\n<p>Misiunea Programului de studii Master Drept antreprenorial, const\u0103 \u00een a desf\u0103\u015fura activit\u0103\u0163i didactice cu scopul de a forma speciali\u015fti de \u00eenalt\u0103 calificare pentru activit\u0103\u0163ile juridice, didactice, \u015ftiin\u0163ifice \u0219i de a asigura \u015fi dezvolta resursele \u015fi instrumentele necesare desf\u0103\u015fur\u0103rii proceselor de educa\u0163ie la standarde de calitate superioare, necesare men\u0163inerii competitivit\u0103\u0163ii \u00een spa\u0163iul european al \u00eenv\u0103\u0163\u0103m\u00e2ntului juridic. \u00cen vederea \u00eendeplinirii misiunii declarate, programul de masterat Drept antreprenorial \u00ee\u015fi propune s\u0103 abordeze un set de discipline care nu au fost incluse \u00een planul de \u00eenv\u0103\u0163\u0103m\u00e2nt al programului de studii de licen\u0163\u0103 \u00een drept.<\/p>\n\n\n\n<p>OBIECTIVELE PROGRAMULUI DE STUDII UNIVERSITARE DE MASTER DREPT ANTREPRENORIAL<\/p>\n\n\n\n<p>Obiectivul general al programului de master <strong>Drept antreprenorial const\u0103<\/strong> \u00een formarea de competen\u0163e necesare coordon\u0103rii \u015fi administr\u0103rii afacerilor, acord\u0103rii de consultan\u0163\u0103 de specialitate \u00een domeniu, conducerii institu\u0163iilor implicate \u00een func\u0163ionarea mediului de afaceri la nivel na\u0163ional \u015fi local, form\u0103rii \u015fi administr\u0103rii fondurilor, solu\u0163ion\u0103rii unor probleme noi sau a unor situa\u0163ii de criz\u0103 ap\u0103rute din cauza unor evenimente sau evolu\u0163ii neprev\u0103zute, administr\u0103rii procedurilor de prevenire a insolven\u0163ei \u015fi de insolven\u0163\u0103 a profesioni\u015ftilor. &nbsp;<\/p>\n\n\n\n<p>Acest obiectiv general va fi atins prin obiectivele specifice urm\u0103rite, \u015fi anume:<\/p>\n\n\n\n<ul class=\"wp-block-list\">\n<li>Furnizarea de cuno\u015ftin\u0163e avansate, abilit\u0103\u0163i \u015fi competen\u0163e specifice;<\/li>\n\n\n\n<li>Formarea deprinderilor pentru abord\u0103ri strategice, prin aplicarea de cuno\u015ftin\u0163e specializate \u015fi utilizarea surselor de informa\u0163ii specializate;<\/li>\n<\/ul>\n\n\n\n<ul class=\"wp-block-list\">\n<li>compatibilizarea ofertei educa\u0163ionale cu cerin\u0163ele pie\u0163ei muncii specifice domeniului dreptului antreprenorial, prin adaptarea permanent\u0103 a planului de \u00eenv\u0103\u0163\u0103m\u00e2nt \u00een vederea form\u0103rii competen\u0163elor de specialitate cu luarea \u00een considerare a Cadrului na\u0163ional al calific\u0103rilor specific acestui domeniu;<\/li>\n\n\n\n<li>dezvoltarea deprinderilor de studiu, analiz\u0103 \u015fi interpretare a normelor juridice specifice dreptului antreprenorial \u015fi de aplicare \u00een practic\u0103 a cuno\u015ftin\u0163elor dob\u00e2ndite;<\/li>\n\n\n\n<li>analiza implica\u0163iilor teroretice \u015fi practice ale noilor reglement\u0103ri legale privind armonizarea legisla\u0163iei rom\u00e2ne cu cea a Uniunii Europene.<\/li>\n<\/ul>\n\n\n\n<p><strong>COMPETEN\u0162E DOB\u00c2NDITE DE &nbsp; ABSOLVEN\u0162I LA FINALIZAREA STUDIILOR<\/strong><\/p>\n\n\n\n<p><strong>Competen\u0163e profesionale<\/strong><\/p>\n\n\n\n<p>C.1. \u00cen\u0163elegerea \u015fi utilizarea adecvat\u0103 a conceptelor, teoriilor, paradigmelor \u015fi metodologiilor din domeniul juridic.<\/p>\n\n\n\n<p>C.2. \u00cen\u0163elegerea \u015fi aplicarea tehnicilor \u015fi instrumentelor specifice domeniului juridic.<\/p>\n\n\n\n<p>C.3. Interpretarea \u015fi aplicarea legisla\u0163iei rom\u00e2ne\u015fti, a legisla\u0163iei europene \u015fi a celorlalte instrumente juridice interna\u0163ionale.<\/p>\n\n\n\n<p>C.4. Interpretarea, corelarea \u015fi compararea institu\u0163iilor juridice din dreptul na\u0163ional, dreptul european \u015fi dreptul interna\u0163ional.<\/p>\n\n\n\n<p>C.5. Aplicarea cuno\u015ftin\u0163elor necesare \u00een culegerea datelor \u015fi informa\u0163iilor referitoare la o problem\u0103 de drept concret\u0103.<\/p>\n\n\n\n<p>C.6. Utilizarea legisla\u0163iei \u00een vigoare \u00een analiza situa\u0163iilor juridice, \u00een \u00eencadrarea lor corect\u0103 din punct de vedere juridic \u015fi \u00een solu\u0163ionarea lor.<\/p>\n\n\n\n<p><strong>Competen\u0163e transversale<\/strong><\/p>\n\n\n\n<p>CT.1. Realizarea sarcinilor profesionale \u00een mod eficient \u015fi responsabil, cu respectarea regulilor de etic\u0103 \u015fi deontologie specifice domeniului.<\/p>\n\n\n\n<p>CT.2. Aplicarea tehnicilor de munc\u0103 eficient\u0103 \u00een echip\u0103 bazat\u0103 pe elemente de interdisciplinaritate, cu respectarea palierelor ierarhice.<\/p>\n\n\n\n<p>CT.3. Utilizarea eficient\u0103 a resurselor de comunicare \u015fi a surselor de informare \u015fi de formare profesional\u0103 asistat\u0103, at\u00e2t \u00een limba rom\u00e2n\u0103, c\u00e2t \u015fi \u00eentr-o limb\u0103 str\u0103in\u0103 de circula\u0163ie interna\u0163ional\u0103.<\/p>\n\n\n\n<p><strong>FINALIT\u0102\u0162I<\/strong><\/p>\n\n\n\n<p>Titlu acordat: Titlul de master<\/p>\n\n\n\n<p>Domeniul: Drept<\/p>\n\n\n\n<p>Denumire calificare: <strong>Drept antreprenorial<\/strong><\/p>\n\n\n\n<p>Ocupa\u0163ii care pot fi practicate pe pia\u0163a muncii:<\/p>\n\n\n\n<p>261911 Expert armonizare legislativa<\/p>\n\n\n\n<p>261912 Analist armonizare legislative<\/p>\n","protected":false},"excerpt":{"rendered":"<p>Coordonator program: Conf. univ. Dr. Adrian GHERASIM Domeniul: DREPT Durata studiilor \/ num\u0103rul de credite transferabile ECTS: 4 SEMESTRE \/ 120 DE CREDITE Tipul masteratului:&hellip;<\/p>\n","protected":false},"author":1,"featured_media":0,"parent":64,"menu_order":0,"comment_status":"closed","ping_status":"closed","template":"","meta":{"footnotes":""},"class_list":["post-872","page","type-page","status-publish","hentry"],"_links":{"self":[{"href":"https:\/\/www.ugb.ro\/index.php\/wp-json\/wp\/v2\/pages\/872","targetHints":{"allow":["GET"]}}],"collection":[{"href":"https:\/\/www.ugb.ro\/index.php\/wp-json\/wp\/v2\/pages"}],"about":[{"href":"https:\/\/www.ugb.ro\/index.php\/wp-json\/wp\/v2\/types\/page"}],"author":[{"embeddable":true,"href":"https:\/\/www.ugb.ro\/index.php\/wp-json\/wp\/v2\/users\/1"}],"replies":[{"embeddable":true,"href":"https:\/\/www.ugb.ro\/index.php\/wp-json\/wp\/v2\/comments?post=872"}],"version-history":[{"count":5,"href":"https:\/\/www.ugb.ro\/index.php\/wp-json\/wp\/v2\/pages\/872\/revisions"}],"predecessor-version":[{"id":1717,"href":"https:\/\/www.ugb.ro\/index.php\/wp-json\/wp\/v2\/pages\/872\/revisions\/1717"}],"up":[{"embeddable":true,"href":"https:\/\/www.ugb.ro\/index.php\/wp-json\/wp\/v2\/pages\/64"}],"wp:attachment":[{"href":"https:\/\/www.ugb.ro\/index.php\/wp-json\/wp\/v2\/media?parent=872"}],"curies":[{"name":"wp","href":"https:\/\/api.w.org\/{rel}","templated":true}]}}