{"id":870,"date":"2021-11-15T10:51:45","date_gmt":"2021-11-15T10:51:45","guid":{"rendered":"https:\/\/www.ugb.ro\/?page_id=870"},"modified":"2025-05-14T12:02:43","modified_gmt":"2025-05-14T12:02:43","slug":"specializarea-stiinte-penale-si-criminalistica","status":"publish","type":"page","link":"https:\/\/www.ugb.ro\/index.php\/studii-2\/studii-de-master\/specializarea-stiinte-penale-si-criminalistica\/","title":{"rendered":"Specializarea \u0218tiin\u021be penale \u0219i criminalistic\u0103"},"content":{"rendered":"\n<blockquote class=\"wp-block-quote is-style-default is-layout-flow wp-block-quote-is-layout-flow\">\n<p>Coordonator program: <strong>Conf. univ. Dr. Adrian GHERASIM<\/strong><\/p>\n\n\n\n<p>Domeniul: <strong>DREPT<\/strong><\/p>\n\n\n\n<p>Durata studiilor \/ num\u0103rul de credite transferabile ECTS: <strong>2 SEMESTRE \/ 60 CREDITE<\/strong><\/p>\n\n\n\n<p>Tipul masteratului: <strong>Profesional<\/strong><\/p>\n\n\n\n<p>Forma de \u00eenv\u0103\u0163\u0103m\u00e2nt: <strong>\u00ceNV\u0102\u0162\u0102M\u00c2NT CU FRECVEN\u0162\u0102 (IF)<\/strong><\/p>\n<\/blockquote>\n\n\n\n<div class=\"wp-block-buttons is-layout-flex wp-block-buttons-is-layout-flex\">\n<div class=\"wp-block-button\"><a class=\"wp-block-button__link wp-element-button\" href=\"https:\/\/admitere.ugb.ro\/inscriere-online\">Inscrie-te online &#8211; Admitere 2025<\/a><\/div>\n<\/div>\n\n\n\n<p><\/p>\n\n\n\n<p>Misiunea Programului de studii Master \u201e\u015etiin\u0163e penale \u015fi Criminalistic\u0103\u201d (MSP), const\u0103 \u00een aprofundarea cuno\u015ftin\u0163elor teoretice \u015fi practice a speciali\u015ftilor din domeniul \u015ftiin\u0163elor penale \u015fi ale criminalisticii, pentru consolidarea competen\u0163elor \u015fi capabilit\u0103\u0163ilor acestora de a aplica cuno\u015ftin\u0163ele specifice \u015fi de a rezolva probleme cu diferite grade de dificulatate, care s\u0103 asigure, dup\u0103 caz, cre\u015fterea \u015fanselor de angajare a absolven\u0163ilor \u00eentr-o profesie juridic\u0103, precum \u015fi de promovare \u00een func\u0163ii a acestora la locul de munc\u0103.<\/p>\n\n\n\n<p>\u00cen vederea \u00eendeplinirii misiunii declarate, programul de masterat MSP \u00ee\u015fi propune s\u0103 abordeze un set de discipline care nu au fost incluse \u00een planul de \u00eenv\u0103\u0163\u0103m\u00e2nt al programului de studii de licen\u0163\u0103 \u00een drept, dar \u00een egal\u0103 m\u0103sur\u0103 s\u0103 aprofundeze \u015fi institu\u0163ii juridice, \u00een special din perspectiva practicianului \u00een drept, \u00een domeniul \u015ftiin\u0163elor penale \u015fi ale criminalisticii.<\/p>\n\n\n\n<p>OBIECTIVELE PROGRAMULUI DE STUDII UNIVERSITARE DE MASTER<br>\u015eTIIN\u0162E PENALE \u015eI CRIMINALISTIC\u0102<\/p>\n\n\n\n<ol style=\"list-style-type:lower-alpha\" class=\"wp-block-list\">\n<li>Compatibilizarea ofertei educa\u0163ionale cu cerin\u0163ele pie\u0163ei muncii specifice domeniului \u015ftiin\u0163elor penale \u015fi criminalisticii, prin adaptarea permanent\u0103 a planului de \u00eenv\u0103\u0163\u0103m\u00e2nt \u00een vederea form\u0103rii competen\u0163elor de specialitate cu luarea \u00een considerare a Cadrului na\u0163ional al calific\u0103rilor specific acestui domeniu;<\/li>\n\n\n\n<li>\u00censu\u015firea aprofundat\u0103 a cuno\u015ftin\u0163elor \u015fi competen\u0163elor \u00een domeniul justi\u0163iei penale, necesare exercit\u0103rii carierei de magistrat, avocat, consilier juridic, executor judec\u0103toresc, consilier \u015fi inspector de proba\u0163iune, mediator, arbitru, etc.;<\/li>\n\n\n\n<li>Studierea \u015fi aprofundarea unor institu\u0163ii fundamentale \u00een materie penal\u0103, dar \u015fi a unor materii noi \u00een raport cu planul de \u00eenv\u0103\u0163\u0103m\u00e2nt specific studiilor de licen\u0163\u0103;<\/li>\n\n\n\n<li>Dezvoltarea g\u00e2ndirii inovative generale cu privire la organizarea \u015fi func\u0163ionarea institu\u0163iilor judiciare \u00een materie penal\u0103, \u00eentr-o societate aflat\u0103 \u00eentr-o permanent\u0103 schimbare, a\u015fa cum este societatea rom\u00e2neasc\u0103;<\/li>\n\n\n\n<li>Dezvoltarea deprinderilor de studiu, analiz\u0103 \u015fi interpretare a normelor juridice specifice \u015ftiin\u0163elor penale \u015fi de aplicare \u00een practic\u0103 a cuno\u015ftin\u0163elor juridice dob\u00e2ndite;<\/li>\n\n\n\n<li>Specializarea practicienilor juri\u015fti, prin abordarea interdisciplinar\u0103 a disciplinelor necesare exercit\u0103rii profesiilor juridice \u00een domeniul justi\u0163iei penale;<\/li>\n\n\n\n<li>Analiza \u015fi interpretarea practicii judiciare \u00een domeniul \u015ftiin\u0163elor penale, \u00een acord cu practica judiciar\u0103 existent\u0103 \u00een acest domeniu \u00een statele Uniunii Europene;<\/li>\n\n\n\n<li>Analiza implica\u0163iilor teroretice \u015fi practice ale noilor reglement\u0103ri legale privind armonizarea legisla\u0163iei rom\u00e2ne cu cea a Uniunii Europene;<\/li>\n\n\n\n<li>Formarea aptitudinilor \u015fi capacit\u0103\u0163ii de evaluare a proceselor atipice cu care se confrunt\u0103 institu\u0163iile de drept public din domeniul \u015ftiin\u0163elor penale \u015fi ale criminalisticii determinate de comportamentul social general;<\/li>\n\n\n\n<li>Formarea deprinderilor de cercetare \u015ftiin\u0163ific\u0103 specifice institu\u0163iilor de drept public din domeniul \u015ftiin\u0163elor penale \u015fi de aplicare \u00een practic\u0103 a cuno\u015ftin\u0163elor juridice profesionale, prin participarea masteranzilor la temele de cercetare circumscrise programului de master MSP<\/li>\n<\/ol>\n\n\n\n<p>Activitatea didactic\u0103 \u00een cadrul programului analizat este impulsionat\u0103 de o intens\u0103 activitate de cercetare \u015ftiin\u0163ific\u0103 desf\u0103\u015furat\u0103 la nivelul facult\u0103\u0163ii \u015fi al colectivului programului de studii Drept.<\/p>\n\n\n\n<p><strong>COMPETEN\u0162E DOB\u00c2NDITE DE &nbsp; ABSOLVEN\u0162I LA FINALIZAREA STUDIILOR<\/strong><\/p>\n\n\n\n<p><strong>Competen\u0163e profesionale:<\/strong><\/p>\n\n\n\n<p>C1 Descrierea, analiza \u015fi utilizarea conceptelor \u015fi teoriilor moderne specifice \u015ftiin\u0163elor penale \u015fi criminalisticii;<\/p>\n\n\n\n<p>C2 Identificarea \u015fi aplicarea corect\u0103 a tehnicilor \u015fi instrumentelor specifice proceselor \u015fi activit\u0103\u0163ilor desf\u0103\u015furate de organele judiciare;<\/p>\n\n\n\n<p>C3 Identificarea, interpretarea \u015fi aplicarea aprofundat\u0103 a legisla\u0163iei rom\u00e2ne\u015fti \u015fi europene specifice organelor judiciare \u015fi cooper\u0103rii dintre acestea;<\/p>\n\n\n\n<p>C4 Aplicarea eficace \u015fi eficient\u0103 a cuno\u015ftin\u0163elor dob\u00e2ndite \u00een solu\u0163ionarea temeinic\u0103 \u015fi legal\u0103 a unor cauze penale cu diferite grade de complexitate \u015fi situa\u0163ii incomplet definite;<\/p>\n\n\n\n<p>C5 Aplicarea principiilor cercet\u0103rii \u015ftiin\u0163ifice specifice \u015ftiin\u0163elor penale \u015fi criminalisticii, \u015fi realizarea de comunic\u0103ri orale \/ \u00een scris, prin care sunt prezentate rezultatele ob\u0163inute \u00eentr-un mod pertinent, clar \u015fi conving\u0103tor.<\/p>\n\n\n\n<p><strong>Competen\u0163e transversale:<\/strong><\/p>\n\n\n\n<p>CT1 Executarea unor sarcini profesionale complexe, \u00een condi\u0163ii de autonomie \u015fi de independen\u0163\u0103 profesional\u0103, cu respectarea normelor de etic\u0103 \u015fi deontologie profesional\u0103;<\/p>\n\n\n\n<p>CT2 Asumarea unor roluri\/func\u0163ii de conducere a activit\u0103\u0163ii grupurilor profesionale sau a unor institu\u0163ii din domeniul juridic specific \u015ftiin\u0163elor penale;<\/p>\n\n\n\n<p>CT3 Autocontrolul procesului de \u00eenv\u0103\u0163are, diagnoza nevoilor de formare, analiza reflexiv\u0103 a propriei activit\u0103\u0163i profesionale \u00een corela\u0163ie cu nevoile institu\u0163iei\/organiza\u0163iei care sunt \u00een continu\u0103 schimbare.<\/p>\n\n\n\n<p><strong>FINALIT\u0102\u0162I<\/strong><\/p>\n\n\n\n<p>Titlu acordat: Master.<\/p>\n\n\n\n<p>Domeniul: \u0218tiin\u021be juridice.<\/p>\n\n\n\n<p>Denumire calificare: \u015etiin\u0163e penale \u015fi Criminalistic\u0103.<\/p>\n\n\n\n<p>Ocupa\u0163ii care pot fi practicate pe pia\u0163a muncii:<\/p>\n\n\n\n<ul class=\"wp-block-list\">\n<li>261902 Expert criminalist;<\/li>\n\n\n\n<li>261920 Expert prevenire \u015fi combatere a corup\u0163iei;<\/li>\n\n\n\n<li>261921 Consilier de proba\u0163iune;<\/li>\n\n\n\n<li>261922 Inspector de proba\u0163iune.<\/li>\n<\/ul>\n","protected":false},"excerpt":{"rendered":"<p>Coordonator program: Conf. univ. Dr. Adrian GHERASIM Domeniul: DREPT Durata studiilor \/ num\u0103rul de credite transferabile ECTS: 2 SEMESTRE \/ 60 CREDITE Tipul masteratului: Profesional&hellip;<\/p>\n","protected":false},"author":1,"featured_media":0,"parent":64,"menu_order":0,"comment_status":"closed","ping_status":"closed","template":"","meta":{"footnotes":""},"class_list":["post-870","page","type-page","status-publish","hentry"],"_links":{"self":[{"href":"https:\/\/www.ugb.ro\/index.php\/wp-json\/wp\/v2\/pages\/870","targetHints":{"allow":["GET"]}}],"collection":[{"href":"https:\/\/www.ugb.ro\/index.php\/wp-json\/wp\/v2\/pages"}],"about":[{"href":"https:\/\/www.ugb.ro\/index.php\/wp-json\/wp\/v2\/types\/page"}],"author":[{"embeddable":true,"href":"https:\/\/www.ugb.ro\/index.php\/wp-json\/wp\/v2\/users\/1"}],"replies":[{"embeddable":true,"href":"https:\/\/www.ugb.ro\/index.php\/wp-json\/wp\/v2\/comments?post=870"}],"version-history":[{"count":5,"href":"https:\/\/www.ugb.ro\/index.php\/wp-json\/wp\/v2\/pages\/870\/revisions"}],"predecessor-version":[{"id":1720,"href":"https:\/\/www.ugb.ro\/index.php\/wp-json\/wp\/v2\/pages\/870\/revisions\/1720"}],"up":[{"embeddable":true,"href":"https:\/\/www.ugb.ro\/index.php\/wp-json\/wp\/v2\/pages\/64"}],"wp:attachment":[{"href":"https:\/\/www.ugb.ro\/index.php\/wp-json\/wp\/v2\/media?parent=870"}],"curies":[{"name":"wp","href":"https:\/\/api.w.org\/{rel}","templated":true}]}}