{"id":868,"date":"2021-11-15T10:51:08","date_gmt":"2021-11-15T10:51:08","guid":{"rendered":"https:\/\/www.ugb.ro\/?page_id=868"},"modified":"2025-05-14T12:01:42","modified_gmt":"2025-05-14T12:01:42","slug":"specializarea-cariera-judiciara","status":"publish","type":"page","link":"https:\/\/www.ugb.ro\/index.php\/studii-2\/studii-de-master\/specializarea-cariera-judiciara\/","title":{"rendered":"Specializarea Carier\u0103 judiciar\u0103"},"content":{"rendered":"\n<blockquote class=\"wp-block-quote is-style-default is-layout-flow wp-block-quote-is-layout-flow\">\n<p>Coordonator program: <strong>Conf. univ. Dr. Adrian GHERASIM<\/strong><\/p>\n\n\n\n<p>Domeniul: <strong>DREPT<\/strong><\/p>\n\n\n\n<p>Durata studiilor \/ num\u0103rul de credite transferabile ECTS: <strong>2 SEMESTRE \/ 60 CREDITE<\/strong><\/p>\n\n\n\n<p>Tipul masteratului: <strong>Profesional<\/strong><\/p>\n\n\n\n<p>Forma de \u00eenv\u0103\u0163\u0103m\u00e2nt: <strong>\u00ceNV\u0102\u0162\u0102M\u00c2NT CU FRECVEN\u0162\u0102 (IF)<\/strong><\/p>\n<\/blockquote>\n\n\n\n<div class=\"wp-block-buttons is-layout-flex wp-block-buttons-is-layout-flex\">\n<div class=\"wp-block-button\"><a class=\"wp-block-button__link wp-element-button\" href=\"https:\/\/admitere.ugb.ro\/inscriere-online\">Inscrie-te online &#8211; Admitere 2025<\/a><\/div>\n<\/div>\n\n\n\n<p><\/p>\n\n\n\n<p>Misiunea Programului de studii Master \u201eCarier\u0103 judiciar\u0103\u201d (MCJ), const\u0103 \u00een aprofundarea cuno\u0219tin\u021belor teoretice \u0219i practice a speciali\u0219tilor din domeniul \u0219tiin\u021belor juridice, pentru consolidarea competen\u021belor \u0219i capabilit\u0103\u021bilor acestora de a aplica cuno\u0219tin\u021bele specifice domeniilor de specialitate juridic\u0103 \u0219i de a rezolva probleme cu diferite grade de dificulatate, care s\u0103 asigure, dup\u0103 caz, cre\u0219terea \u0219anselor de angajare a absolven\u021bilor \u00eentr-o profesie juridic\u0103, precum \u0219i de promovare \u00een func\u021bii a acestora la locul de munc\u0103.<\/p>\n\n\n\n<p>\u00cen vederea \u00eendeplinirii misiunii declarate, programul de masterat MCJ \u00ee\u015fi propune s\u0103 abordeze un set de discipline care nu au fost incluse \u00een planul de \u00eenv\u0103\u0163\u0103m\u00e2nt al programului de studii de licen\u0163\u0103 \u00een drept, dar \u00een egal\u0103 m\u0103sur\u0103 s\u0103 aprofundeze \u0219i institu\u0163ii juridice, \u00een special din perspectiva practicianului \u00een drept.<\/p>\n\n\n\n<p>OBIECTIVELE PROGRAMULUI DE STUDII UNIVERSITARE DE MASTER CARIER\u0102 JUDICIAR\u0102<\/p>\n\n\n\n<p>Obiectivele <a>specifice Programului de studii Master \u201eCarier\u0103 judiciar\u0103<strong><em>\u201d, <\/em><\/strong>sunt urm\u0103toarele<\/a>:<\/p>\n\n\n\n<ul class=\"wp-block-list\">\n<li>Cunoa\u0219terea \u0219i \u00eensu\u0219irea aprofundat\u0103 a institu\u021biilor de drept public \u0219i drept privat necesare exercit\u0103rii carierei de magistrat, avocat, consilier juridic, notar, practician \u00een insolven\u021b\u0103, executor judec\u0103toresc, consilier \u0219i inspector de proba\u021biune, mediator, arbitru, etc.;<\/li>\n\n\n\n<li>Cunoa\u0219terea \u0219i \u00een\u021belegera aprofundat\u0103 a sistemului judiciar \u0219i a organiz\u0103rii acestuia;<\/li>\n\n\n\n<li>Dezvoltarea g\u00e2ndirii inovative generale cu privire la organizarea \u0219i func\u021bionarea institu\u021biilor judiciare \u00eentr-o societate aflat\u0103 \u00eentr-o permanent\u0103 schimbare, a\u0219a cum este societatea rom\u00e2neasc\u0103;<\/li>\n\n\n\n<li>Cunoa\u0219terea \u0219i \u00eensu\u0219irea reglement\u0103rilor legale \u00een domeniul institu\u021biilor de drept public \u0219i privat din domeniul carierei judiciare, \u00een ceea ce prive\u0219te organizarea \u0219i func\u021bionarea acestora, precum \u0219i la condi\u021biile de acces \u0219i de carier\u0103 profesional\u0103 \u00een cadrul acestora;<\/li>\n\n\n\n<li>Dezvoltarea deprinderilor de studiu, analiz\u0103 \u0219i interpretare a normelor juridice specifice profesiilor juridice \u0219i de aplicare \u00een practic\u0103 a cuno\u0219tin\u021belor juridice profesionale;<\/li>\n\n\n\n<li>Specializarea practicienilor juri\u0219ti, prin abordarea interdisciplinar\u0103 a disciplinelor necesare exercit\u0103rii profesiilor juridice;<\/li>\n\n\n\n<li>Analiza \u0219i interpretarea practicii judiciare \u00een domeniul institu\u021biilor de drept public \u0219i privat din Rom\u00e2nia, \u00een acord cu practica judiciar\u0103 existent\u0103 \u00een acest domeniu \u00een statele Uniunii Europene;<\/li>\n\n\n\n<li>Formarea aptitudinilor \u0219i capacit\u0103\u021bii de evaluare a proceselor atipice cu care se confrunt\u0103 institu\u021biile de drept public \u0219i privat din domeniul carierei judiciare determinate de comportamentul social general;<\/li>\n\n\n\n<li>Formarea deprinderilor de cercetare \u0219tiin\u021bific\u0103 specifice institu\u021biilor de drept public \u0219i privat din domeniul carierei judiciare \u0219i de aplicare \u00een practic\u0103 a cuno\u0219tin\u021belor juridice profesionale, prin participarea masteranzilor la temele de cercetare circumscrise programului de master MCJ;<\/li>\n<\/ul>\n\n\n\n<p>Activitatea didactic\u0103 \u00een cadrul programului analizat este impulsionat\u0103 de o intens\u0103 activitate de cercetare \u015ftiin\u0163ific\u0103 desf\u0103\u015furat\u0103 la nivelul facult\u0103\u0163ii \u015fi al colectivului programului de studii Drept.<\/p>\n\n\n\n<p><strong>COMPETEN\u0162E DOB\u00c2NDITE DE &nbsp; ABSOLVEN\u0162I LA FINALIZAREA STUDIILOR<\/strong><\/p>\n\n\n\n<p><strong>Competen\u021be profesionale:<\/strong><\/p>\n\n\n\n<p>C1 Descrierea, analiza \u015fi utilizarea conceptelor \u015fi teoriilor moderne specifice profesiilor juridice din domeniul de drept public \u0219i drept privat<\/p>\n\n\n\n<p>C2 Identificarea \u0219i aplicarea corect\u0103 a tehnicilor \u015fi instrumentelor specifice \u00eembun\u0103t\u0103\u021birii proceselor \u0219i activit\u0103\u021bilor desf\u0103\u0219urate \u00een cadrul profesiilor juridice<\/p>\n\n\n\n<p>C3 Identificarea, interpretarea \u0219i aplicarea aprofundat\u0103 a legisla\u0163iei rom\u00e2ne\u015fti \u0219i europene specifice profesiilor juridice de drept public \u0219i drept privat<\/p>\n\n\n\n<p>C4 Aplicarea eficace \u0219i eficient\u0103 a cuno\u015ftin\u0163elor dob\u00e2ndite \u00een rezolvarea unor probleme juridice \u0219i situa\u021bii cu diferite grade de complexitate, cu respectarea regulilor de etic\u0103 \u0219i deontologie profesional\u0103<\/p>\n\n\n\n<p>C5 Aplicarea principiilor cercet\u0103rii \u015ftiin\u0163ifice specifice domeniului juridic \u0219i realizarea unei comunic\u0103ri orale \/ \u00een scris, prin care sunt prezentate rezultatele ob\u021binute \u00eentr-un mod clar \u015fi conving\u0103tor<\/p>\n\n\n\n<p><strong>Competen\u021be transversale:<\/strong><\/p>\n\n\n\n<p>CT1 Executarea sarcinilor profesionale complexe, cu respectarea normelor de etic\u0103 \u0219i deontologie profesional\u0103, urm\u00e2nd un plan de lucru propriu, stabilit pe baza document\u0103rii individuale \u0219i a celor mai bune practici na\u021bionale, europene \u0219i interna\u021bionale<\/p>\n\n\n\n<p>CT2 Planificarea, monitorizarea \u015fi asumarea, \u00een calitate de leadership, a sarcinilor profesionale ale grupului sau grupurilor profesionale subordonate<\/p>\n\n\n\n<p>CT3 Informarea \u015fi documentarea permanent\u0103 \u00een domeniul s\u0103u de activitate \u015fi domenii conexe, \u00een corela\u0163ie cu nevoile pie\u0163ii muncii, aflate \u00een continu\u0103 schimbare<\/p>\n\n\n\n<p><strong>FINALIT\u0102\u0162I<\/strong><\/p>\n\n\n\n<p>Titlu acordat: Master.<\/p>\n\n\n\n<p>Domeniul: \u0218tiin\u021be juridice.<\/p>\n\n\n\n<p>Denumire calificare: Carier\u0103 judiciar\u0103.<\/p>\n\n\n\n<p>Ocupa\u0163ii care pot fi practicate pe pia\u0163a muncii:<\/p>\n\n\n\n<ul class=\"wp-block-list\">\n<li>261204 Inspector judiciar;<\/li>\n\n\n\n<li>261205 Asistent judiciar;<\/li>\n\n\n\n<li>261206 Personal de specialitate juridic\u0103 asimilat judec\u0103torilor \u0219i procurorilor;<\/li>\n\n\n\n<li>261903 Expert jurist;<\/li>\n\n\n\n<li>261914 Revizor jurist.<\/li>\n<\/ul>\n","protected":false},"excerpt":{"rendered":"<p>Coordonator program: Conf. univ. Dr. Adrian GHERASIM Domeniul: DREPT Durata studiilor \/ num\u0103rul de credite transferabile ECTS: 2 SEMESTRE \/ 60 CREDITE Tipul masteratului: Profesional&hellip;<\/p>\n","protected":false},"author":1,"featured_media":0,"parent":64,"menu_order":0,"comment_status":"closed","ping_status":"closed","template":"","meta":{"footnotes":""},"class_list":["post-868","page","type-page","status-publish","hentry"],"_links":{"self":[{"href":"https:\/\/www.ugb.ro\/index.php\/wp-json\/wp\/v2\/pages\/868","targetHints":{"allow":["GET"]}}],"collection":[{"href":"https:\/\/www.ugb.ro\/index.php\/wp-json\/wp\/v2\/pages"}],"about":[{"href":"https:\/\/www.ugb.ro\/index.php\/wp-json\/wp\/v2\/types\/page"}],"author":[{"embeddable":true,"href":"https:\/\/www.ugb.ro\/index.php\/wp-json\/wp\/v2\/users\/1"}],"replies":[{"embeddable":true,"href":"https:\/\/www.ugb.ro\/index.php\/wp-json\/wp\/v2\/comments?post=868"}],"version-history":[{"count":5,"href":"https:\/\/www.ugb.ro\/index.php\/wp-json\/wp\/v2\/pages\/868\/revisions"}],"predecessor-version":[{"id":1715,"href":"https:\/\/www.ugb.ro\/index.php\/wp-json\/wp\/v2\/pages\/868\/revisions\/1715"}],"up":[{"embeddable":true,"href":"https:\/\/www.ugb.ro\/index.php\/wp-json\/wp\/v2\/pages\/64"}],"wp:attachment":[{"href":"https:\/\/www.ugb.ro\/index.php\/wp-json\/wp\/v2\/media?parent=868"}],"curies":[{"name":"wp","href":"https:\/\/api.w.org\/{rel}","templated":true}]}}