{"id":866,"date":"2021-11-15T10:50:31","date_gmt":"2021-11-15T10:50:31","guid":{"rendered":"https:\/\/www.ugb.ro\/?page_id=866"},"modified":"2025-05-14T12:02:34","modified_gmt":"2025-05-14T12:02:34","slug":"specializarea-managementul-afacerilor","status":"publish","type":"page","link":"https:\/\/www.ugb.ro\/index.php\/studii-2\/studii-de-master\/specializarea-managementul-afacerilor\/","title":{"rendered":"Specializarea Managementul afacerilor"},"content":{"rendered":"\n<blockquote class=\"wp-block-quote is-style-default is-layout-flow wp-block-quote-is-layout-flow\">\n<p>Coordonator program: <strong>Conf. univ. Dr. Adrian Gherasim<\/strong><\/p>\n\n\n\n<p>Domeniul: <strong>MANAGEMENT<\/strong><\/p>\n\n\n\n<p>Durata studiilor \/ num\u0103rul de credite transferabile ECTS: <strong>4 SEMESTRE \/ 120 CREDITE<\/strong><\/p>\n\n\n\n<p>Tipul masteratului: <strong>Profesional<\/strong><\/p>\n\n\n\n<p>Forma de \u00eenv\u0103\u0163\u0103m\u00e2nt: <strong>\u00ceNV\u0102\u0162\u0102M\u00c2NT CU FRECVEN\u0162\u0102 (IF)<\/strong><\/p>\n<\/blockquote>\n\n\n\n<div class=\"wp-block-buttons is-layout-flex wp-block-buttons-is-layout-flex\">\n<div class=\"wp-block-button\"><a class=\"wp-block-button__link wp-element-button\" href=\"https:\/\/admitere.ugb.ro\/inscriere-online\">Inscrie-te online &#8211; Admitere 2025<\/a><\/div>\n<\/div>\n\n\n\n<p><\/p>\n\n\n\n<p>Misiunea Programului de studii universitare de master Managementul afacerilor, este de a forma speciali\u015fti \u00een domeniul antreprenorial, cu un \u00eenalt nivel de preg\u0103tire profesional\u0103, capabili s\u0103 fac\u0103 fa\u0163\u0103 cerin\u0163elor specifice economiei contemporane, bazat\u0103 pe concuren\u0163\u0103, performan\u0163\u0103 \u015fi progres, \u00een contextul dezvolt\u0103rii durabile. Ne propunem ca, prin intermediul cuno\u015ftin\u0163elor \u015fi competen\u0163elor dob\u00e2ndite, precum \u015fi a practicii efectuate \u00een societ\u0103\u0163i comerciale, absolven\u0163ii programului s\u0103 se integreze cu u\u015furin\u0163\u0103 pe pia\u0163a muncii specific\u0103 domeniului absolvit.<\/p>\n\n\n\n<p>\u00cen prezent, at\u00e2t pe pia\u0163a Rom\u00e2niei, c\u00e2t \u015fi pe pia\u0163a UE exist\u0103 o cerere \u00een cre\u015ftere de profesioni\u015fti \u00een domeniul administr\u0103rii afacerilor, \u00een special a celor mici \u015fi mijlocii.<\/p>\n\n\n\n<p>Programul de master MANAGEMENTUL AFACERILOR vine ca r\u0103spuns la aceast\u0103 cerere, urm\u0103rind formarea speciali\u015ftilor care s\u0103 poat\u0103 \u00een\u0163elege \u015fi gestiona problemele cu care se confrunt\u0103 firmele \u00eentr-un context dinamic, prin oferirea acelor competen\u0163e \u015fi abilit\u0103\u0163i care s\u0103 permit\u0103 reac\u0163ii \u00een timp real la situa\u0163ii dificile, \u00een mediul turbulent de ast\u0103zi, expertiz\u0103 \u00een gestiunea resurselor organiza\u0163iilor, spirit antreprenorial, flexibilitate, capacitatea de a rela\u0163iona.<\/p>\n\n\n\n<p>Programul de studii permite accesul la toate func\u0163iile \u00eentreprinderii, precum cea comercial\u0103, financiar-contabil\u0103, de produc\u0163ie, cercetare-dezvoltare, de personal. Se deschid astfel perspective de lucru \u00een toate sectoarele de activitate (industrie, distribu\u0163ie, servicii etc.).<\/p>\n\n\n\n<p>Ciclul masteral constituie cel de-al doilea nivel al sistemului de educa\u0163ie superioara, oferit de Universitatea \u201dGeorge Bacovia\u201d din Bac\u0103u.<\/p>\n\n\n\n<p>Absolvirea va conduce la ob\u0163inerea diplomei de master \u0219i asigura formarea pe specializ\u0103ri \u00eenguste, cursan\u0163ii dob\u00e2ndind cuno\u015ftin\u0163e avansate \u0219i competen\u021be de analiz\u0103 \u0219i sintez\u0103, specifice func\u0163iilor de conducere din fiecare domeniu.<\/p>\n\n\n\n<p>OBIECTIVELE PROGRAMULUI DE STUDII UNIVERSITARE DE MASTER<br>MANAGEMENTUL AFACERILOR<\/p>\n\n\n\n<ul class=\"wp-block-list\">\n<li>Dezvoltarea abilit\u0103\u0163ilor strategice \u015fi de leader \u00eentr-un context local \u015fi global;<\/li>\n\n\n\n<li>Formarea deprinderilor pentru abord\u0103ri strategice, prin aplicarea de cuno\u015ftin\u0163e specializate \u015fi utilizarea surselor de informa\u0163ii specializate;<\/li>\n\n\n\n<li>Crearea abilit\u0103\u0163ilor pentru o comunicare efectiv\u0103 \u015fi persuasiv\u0103 \u00een mediul organiza\u0163ional;<\/li>\n\n\n\n<li>Asigurarea unui nivel ridicat de \u00een\u0163elegere \u015fi adoptare a responsabilit\u0103\u0163ii sociale \u015fi sustenabilit\u0103\u0163ii dezvolt\u0103rii afacerilor;<\/li>\n\n\n\n<li>Dezvoltarea abilit\u0103\u0163ilor de a gestiona rela\u0163iile cu partenerii de afaceri.<\/li>\n<\/ul>\n\n\n\n<p><strong>COMPETEN\u0162E DOB\u00c2NDITE DE &nbsp; ABSOLVEN\u0162I LA FINALIZAREA STUDIILOR<\/strong><\/p>\n\n\n\n<ul class=\"wp-block-list\">\n<li>Competen\u0163e profesionale:\n<ul class=\"wp-block-list\">\n<li>C1 &#8211; Capacitatea de a crea o \u00eentreprindere inovativ\u0103;<\/li>\n\n\n\n<li>C2 &#8211; Capacitatea de a gestiona o \u00eentreprindere competitiv\u0103;<\/li>\n\n\n\n<li>C3 &#8211; Capacitatea de Comunicare \u2013 promovare a afacerii;<\/li>\n\n\n\n<li>C4 &#8211; Formularea, implementarea \u015fi controlul strategiei de afaceri;<\/li>\n\n\n\n<li>C5 &#8211; Formularea de proiecte de finan\u0163are \u015fi monitorizarea implement\u0103rii acestora;<\/li>\n\n\n\n<li>C6 &#8211; Consiliere pentru dezvoltarea IMM-urilor competitive pe pia\u0163\u0103.<\/li>\n<\/ul>\n<\/li>\n\n\n\n<li>Competen\u0163e transversale:\n<ul class=\"wp-block-list\">\n<li>CT1 &#8211; Capacitatea de a lua decizii manageriale \u00een condi\u0163ii de risc ridicat, g\u0103sirea de solu\u0163ii creative pentru atenuarea conflictelor care apar \u00een mediul organiza\u0163ional \u015fi extern;<\/li>\n\n\n\n<li>CT2 &#8211; Formularea unor tehnici \u015fi proceduri adecvate pentru evaluarea resursei umane, stimularea comunic\u0103rii \u015fi a muncii \u00een echip\u0103;<\/li>\n\n\n\n<li>CT3 &#8211; Dezvoltarea continu\u0103 a competen\u0163elor antreprenoriale.<\/li>\n<\/ul>\n<\/li>\n<\/ul>\n\n\n\n<p><strong>FINALIT\u0102\u0162I<\/strong><\/p>\n\n\n\n<p>Titlu acordat: Master.<\/p>\n\n\n\n<p>Domeniul: Management.<\/p>\n\n\n\n<p>Denumire calificare: Managementul afacerilor.<\/p>\n\n\n\n<p>Ocupa\u0163ii care pot fi practicate pe pia\u0163a muncii:<\/p>\n\n\n\n<ul class=\"wp-block-list\">\n<li>COR 242106 &#8211; Manager de inovare;<\/li>\n\n\n\n<li>COR 242108 &#8211; Manager \u00eembun\u0103t\u0103\u0163ire procese;<\/li>\n\n\n\n<li>COR 212112 &#8211; Manager de proiect \u00een parteneriat public privat;<\/li>\n\n\n\n<li>COR 242114 &#8211; Manager al sistemelor de management al calit\u0103\u0163ii.<\/li>\n<\/ul>\n","protected":false},"excerpt":{"rendered":"<p>Coordonator program: Conf. univ. Dr. Adrian Gherasim Domeniul: MANAGEMENT Durata studiilor \/ num\u0103rul de credite transferabile ECTS: 4 SEMESTRE \/ 120 CREDITE Tipul masteratului: Profesional&hellip;<\/p>\n","protected":false},"author":1,"featured_media":0,"parent":64,"menu_order":0,"comment_status":"closed","ping_status":"closed","template":"","meta":{"footnotes":""},"class_list":["post-866","page","type-page","status-publish","hentry"],"_links":{"self":[{"href":"https:\/\/www.ugb.ro\/index.php\/wp-json\/wp\/v2\/pages\/866","targetHints":{"allow":["GET"]}}],"collection":[{"href":"https:\/\/www.ugb.ro\/index.php\/wp-json\/wp\/v2\/pages"}],"about":[{"href":"https:\/\/www.ugb.ro\/index.php\/wp-json\/wp\/v2\/types\/page"}],"author":[{"embeddable":true,"href":"https:\/\/www.ugb.ro\/index.php\/wp-json\/wp\/v2\/users\/1"}],"replies":[{"embeddable":true,"href":"https:\/\/www.ugb.ro\/index.php\/wp-json\/wp\/v2\/comments?post=866"}],"version-history":[{"count":5,"href":"https:\/\/www.ugb.ro\/index.php\/wp-json\/wp\/v2\/pages\/866\/revisions"}],"predecessor-version":[{"id":1718,"href":"https:\/\/www.ugb.ro\/index.php\/wp-json\/wp\/v2\/pages\/866\/revisions\/1718"}],"up":[{"embeddable":true,"href":"https:\/\/www.ugb.ro\/index.php\/wp-json\/wp\/v2\/pages\/64"}],"wp:attachment":[{"href":"https:\/\/www.ugb.ro\/index.php\/wp-json\/wp\/v2\/media?parent=866"}],"curies":[{"name":"wp","href":"https:\/\/api.w.org\/{rel}","templated":true}]}}