{"id":864,"date":"2021-11-15T10:49:58","date_gmt":"2021-11-15T10:49:58","guid":{"rendered":"https:\/\/www.ugb.ro\/?page_id=864"},"modified":"2025-05-14T12:02:38","modified_gmt":"2025-05-14T12:02:38","slug":"specializarea-managementul-institutiilor-din-administratia-publica","status":"publish","type":"page","link":"https:\/\/www.ugb.ro\/index.php\/studii-2\/studii-de-master\/specializarea-managementul-institutiilor-din-administratia-publica\/","title":{"rendered":"Specializarea Managementul institu\u021biilor din administra\u021bia public\u0103"},"content":{"rendered":"\n<blockquote class=\"wp-block-quote is-style-default is-layout-flow wp-block-quote-is-layout-flow\">\n<p>Coordonator program: <strong>Conf. univ. Dr. Adrian GHER<\/strong>ASIM<\/p>\n\n\n\n<p>Domeniul: <strong>MANAGEMENT.<\/strong><\/p>\n\n\n\n<p>Durata studiilor \/ num\u0103rul de credite transferabile ECTS: <strong>4 SEMESTRE \/ 120 DE CREDITE<\/strong> <\/p>\n\n\n\n<p>Tipul masteratului: <strong>Profesional<\/strong><\/p>\n\n\n\n<p>Forma de \u00eenv\u0103\u0163\u0103m\u00e2nt: <strong>\u00ceNV\u0102\u0162\u0102M\u00c2NT CU FRECVEN\u0162\u0102 (IF)<\/strong><\/p>\n<\/blockquote>\n\n\n\n<div class=\"wp-block-buttons is-layout-flex wp-block-buttons-is-layout-flex\">\n<div class=\"wp-block-button\"><a class=\"wp-block-button__link wp-element-button\" href=\"https:\/\/admitere.ugb.ro\/inscriere-online\">Inscrie-te online &#8211; Admitere 2025<\/a><\/div>\n<\/div>\n\n\n\n<p><\/p>\n\n\n\n<p>Misiunea Programului de studii universitare de master <strong>Managementul institu\u0163iilor din administra\u0163ia public\u0103<\/strong>, este de a forma speciali\u015fti \u00een domeniul administra\u0163iei publice, cu un \u00eenalt nivel de preg\u0103tire profesional\u0103, capabili s\u0103 fac\u0103 fa\u0163\u0103 cerin\u0163elor specifice administra\u0163iei, bazat\u0103 pe orientare spre performan\u0163\u0103 \u015fi progres, \u00een contextul dezvolt\u0103rii durabile. Ne propunem ca, prin intermediul cuno\u015ftin\u0163elor \u015fi competen\u0163elor dob\u00e2ndite, precum \u015fi a practicii efectuate \u00een institu\u0163ii publice locale si centrale, absolven\u0163ii programului s\u0103 se integreze cu u\u015furin\u0163\u0103 pe pia\u0163a muncii specific\u0103 domeniului absolvit.<\/p>\n\n\n\n<p>\u00cen prezent, at\u00e2t pe pia\u0163a Rom\u00e2niei, c\u00e2t \u015fi pe pia\u0163a UE exist\u0103 o cerere \u00een cre\u015ftere de profesioni\u015fti \u00een domeniul administra\u0163iei publice.<\/p>\n\n\n\n<p>Programul de master <strong>Managementul institu\u0163iilor din administra\u0163ia public\u0103<\/strong> furnizeaz\u0103 studen\u0163ilor cuno\u015ftin\u0163ele, abilit\u0103\u0163ile \u015fi competen\u0163ele necesare activit\u0103\u0163ii lor profesionale viitoare \u015fi se realizeaz\u0103 at\u00e2t prin activit\u0103\u0163ile didactice prev\u0103zute \u00een planul de \u00eenv\u0103\u0163\u0103m\u00e2nt, c\u00e2t \u015fi prin integrarea masteranzilor \u00een activit\u0103\u0163ile de cercetare dezvoltare prev\u0103zute \u00een Planul de cercetare specific, precum \u015fi prin activit\u0103\u0163i practice \u015fi de interac\u0163iune cu institu\u0163iile publice cu care Universitatea are \u00eencheiate contracte de colaborare.<\/p>\n\n\n\n<p>Ciclul masteral constituie cel de-al doilea nivel al sistemului de educa\u0163ie superioara, oferit de Universitatea \u201dGeorge Bacovia\u201d din Bac\u0102u.<\/p>\n\n\n\n<p>OBIECTIVELE PROGRAMULUI DE STUDII UNIVERSITARE DE MASTER MANAGEMENTUL INSTITU\u0162IILOR DIN ADMINISTRA\u0162IA PUBLIC\u0102<\/p>\n\n\n\n<p>Obiectivul general al programului de master <strong>Managementul institu\u0163iilor din administra\u0163ia public\u0103 <\/strong>este formarea unor competen\u0163e profesionale avansate \u00een domeniul administra\u0163iei publice. Acest obiectiv general va fi atins prin obiectivele specifice urm\u0103rite, \u015fi anume:<\/p>\n\n\n\n<ul class=\"wp-block-list\">\n<li>Furnizarea de cuno\u015ftin\u0163e avansate, abilit\u0103\u0163i \u015fi competen\u0163e specifice administra\u0163iei publice;<\/li>\n\n\n\n<li>Dezvoltarea abilit\u0103\u0163ilor strategice \u015fi de leader;<\/li>\n\n\n\n<li>Oferirea c\u0103tre masteranzi a preg\u0103tirii necesare \u00een vederea cre\u015fterii competitivit\u0103\u0163ii specifice evolu\u0163iei \u015fi moderniz\u0103rii sistemului administrativ;<\/li>\n\n\n\n<li>Formarea deprinderilor pentru abord\u0103ri strategice, prin aplicarea de cuno\u015ftin\u0163e specializate \u015fi utilizarea surselor de informa\u0163ii specializate;<\/li>\n\n\n\n<li>Crearea abilit\u0103\u0163ilor de comunicare \u00een mediul organiza\u0163ional.<\/li>\n<\/ul>\n\n\n\n<p><strong>COMPETEN\u0162E DOB\u00c2NDITE DE &nbsp; ABSOLVEN\u0162I LA FINALIZAREA STUDIILOR<\/strong><\/p>\n\n\n\n<ul class=\"wp-block-list\">\n<li><strong>Competente profesionale:<\/strong><\/li>\n<\/ul>\n\n\n\n<p>C1.Utilizarea teoriilor \u015fi conceptelor social-politice pentru analiza organiz\u0103rii, func\u0163ion\u0103rii \u015fi managementului institu\u0163iilor publice \u015fi\/sau private;<\/p>\n\n\n\n<p>C2. Identificarea \u015fi aplicarea dispozi\u0163iilor legale na\u0163ionale \u015fi europene cu privire la domeniul de activitate, inclusiv ini\u0163ierea \u015fi formularea de propuneri de acte normative;<\/p>\n\n\n\n<p>C3. Comunicarea \u00een limba programului de studii \u015fi \u00eentr-o limb\u0103 de circula\u0163ie interna\u0163ional\u0103, a unor mesaje profesionale cu grad ridicat de complexitate;<\/p>\n\n\n\n<p>C4. Dezvoltarea profesional\u0103 \u00een organiza\u0163ii publice \u015fi\/sau private;<\/p>\n\n\n\n<p>C5. Asumarea unor func\u0163ii de nivel mediu \u015fi superior \u00een managementul resurselor umane;<\/p>\n\n\n\n<p>C6. Elaborarea \u015fi implementarea proiectelor, politicilor \u015fi strategiilor de combatere a comunic\u0103rii deficitare, a conflictelor, crizelor \u015fi stresului.<\/p>\n\n\n\n<ul class=\"wp-block-list\">\n<li><strong>Competente transversale:<\/strong><\/li>\n<\/ul>\n\n\n\n<p>CT1. \u00cendeplinirea la termen, \u00een mod riguros, eficient \u015fi responsabil, a unor sarcini profesionale cu grad ridicat de complexitate, \u00een condi\u0163ii de autoritate \u015fi responsabilitate crescut, precum \u015fi autonomie decizional\u0103, cu respectarea riguroas\u0103 a deontologiei profesionale.<\/p>\n\n\n\n<p>CT2 Aplicarea eficient\u0103 a tehnicilor de comunicare \u015fi de rela\u0163ionare la nivel organiza\u0163ional \u00een condi\u0163iile exercit\u0103rii \u015fi perfec\u0163ion\u0103rii deprinderilor de roluri specifice diferitelor niveluri ierarhice.<\/p>\n\n\n\n<p>CT3. Autoevaluarea nevoii de formare personal\u0103 \u015fi profesional\u0103 continu\u0103 \u015fi a evolu\u0163iei \u00een cariera profesional\u0103, \u00een scopul dezvolt\u0103rii competentelor dob\u00e2ndite \u015fi al adapt\u0103rii la cerin\u0163ele dinamismului pie\u0163ei muncii.<\/p>\n\n\n\n<p><strong>FINALIT\u0102\u0162I<\/strong><\/p>\n\n\n\n<p>Titlu acordat: Titlul de master.<\/p>\n\n\n\n<p>Domeniul: Management.<\/p>\n\n\n\n<p>Denumire calificare: <strong>Managementul institu\u0163iilor din administra\u0163ia public\u0103<\/strong>.<\/p>\n\n\n\n<p>Ocupa\u0163ii care pot fi practicate pe pia\u0163a muncii:<\/p>\n\n\n\n<p>242202 expert administra\u0163ia public\u0103;<\/p>\n\n\n\n<p>242208 administrator public;<\/p>\n\n\n\n<p>242209 inspector de integritate;<\/p>\n\n\n\n<p>242210 examinator de stat de specialitate.<\/p>\n","protected":false},"excerpt":{"rendered":"<p>Coordonator program: Conf. univ. Dr. Adrian GHERASIM Domeniul: MANAGEMENT. Durata studiilor \/ num\u0103rul de credite transferabile ECTS: 4 SEMESTRE \/ 120 DE CREDITE Tipul masteratului:&hellip;<\/p>\n","protected":false},"author":1,"featured_media":0,"parent":64,"menu_order":0,"comment_status":"closed","ping_status":"closed","template":"","meta":{"footnotes":""},"class_list":["post-864","page","type-page","status-publish","hentry"],"_links":{"self":[{"href":"https:\/\/www.ugb.ro\/index.php\/wp-json\/wp\/v2\/pages\/864","targetHints":{"allow":["GET"]}}],"collection":[{"href":"https:\/\/www.ugb.ro\/index.php\/wp-json\/wp\/v2\/pages"}],"about":[{"href":"https:\/\/www.ugb.ro\/index.php\/wp-json\/wp\/v2\/types\/page"}],"author":[{"embeddable":true,"href":"https:\/\/www.ugb.ro\/index.php\/wp-json\/wp\/v2\/users\/1"}],"replies":[{"embeddable":true,"href":"https:\/\/www.ugb.ro\/index.php\/wp-json\/wp\/v2\/comments?post=864"}],"version-history":[{"count":5,"href":"https:\/\/www.ugb.ro\/index.php\/wp-json\/wp\/v2\/pages\/864\/revisions"}],"predecessor-version":[{"id":1719,"href":"https:\/\/www.ugb.ro\/index.php\/wp-json\/wp\/v2\/pages\/864\/revisions\/1719"}],"up":[{"embeddable":true,"href":"https:\/\/www.ugb.ro\/index.php\/wp-json\/wp\/v2\/pages\/64"}],"wp:attachment":[{"href":"https:\/\/www.ugb.ro\/index.php\/wp-json\/wp\/v2\/media?parent=864"}],"curies":[{"name":"wp","href":"https:\/\/api.w.org\/{rel}","templated":true}]}}