{"id":862,"date":"2021-11-15T10:49:04","date_gmt":"2021-11-15T10:49:04","guid":{"rendered":"https:\/\/www.ugb.ro\/?page_id=862"},"modified":"2025-05-14T12:00:29","modified_gmt":"2025-05-14T12:00:29","slug":"specializarea-administratie-publica","status":"publish","type":"page","link":"https:\/\/www.ugb.ro\/index.php\/studii-2\/studii-de-licenta\/specializarea-administratie-publica\/","title":{"rendered":"Specializarea Administra\u021bie public\u0103"},"content":{"rendered":"\n<blockquote class=\"wp-block-quote is-style-default is-layout-flow wp-block-quote-is-layout-flow\">\n<p>Coordonator program: <strong>Conf. univ. Dr. Daniel GHERASIM<\/strong><\/p>\n\n\n\n<p>Domeniul de licen\u0163\u0103: <strong>\u015eTIIN\u0162E ADMINISTRATIVE<\/strong><\/p>\n\n\n\n<p>Durata studiilor \/ num\u0103rul de credite transferabile ECTS: <strong>3 ANI (6 SEMESTRE)\/ 180 CREDITE<\/strong><\/p>\n\n\n\n<p>Forma de \u00eenv\u0103\u0163\u0103m\u00e2nt: <strong>\u00ceNV\u0102\u0162\u0102M\u00c2NT CU FRECVEN\u0162\u0102 (IF)<\/strong><\/p>\n<\/blockquote>\n\n\n\n<p>Misiunea Programului de studii universitare de licen\u0163\u0103 Administra\u0163ie Public\u0103 este de a forma speciali\u015fti \u00een domeniul \u015ftiin\u0163elor administrative, cu un \u00eenalt nivel de preg\u0103tire profesional\u0103, capabili s\u0103 fac\u0103 fa\u0163\u0103 cerin\u0163elor specifice economiei \u015fi administra\u0163iei contemporane, bazat\u0103 pe concuren\u0163\u0103, performan\u0163\u0103 \u015fi progres, \u00een contextul dezvolt\u0103rii durabile. Ne propunem ca, prin intermediul cuno\u015ftin\u0163elor \u015fi competen\u0163elor dob\u00e2ndite, precum \u015fi a practicii efectuate \u00een institu\u0163ii administrative de profil, absolven\u0163ii programului de studiu Administra\u0163ie Public\u0103 s\u0103 se integreze cu u\u015furin\u0163\u0103 pe pia\u0163a muncii specific\u0103 domeniului absolvit.<\/p>\n\n\n\n<div class=\"wp-block-buttons is-layout-flex wp-block-buttons-is-layout-flex\">\n<div class=\"wp-block-button is-style-fill\"><a class=\"wp-block-button__link wp-element-button\" href=\"https:\/\/admitere.ugb.ro\/inscriere-online\">Inscrie-te online &#8211; Admitere 2025<\/a><\/div>\n<\/div>\n\n\n\n<p><\/p>\n\n\n\n<p><strong>OBIECTIVELE PROGRAMULUI DE STUDII UNIVERSITARE DE LICEN\u0162\u0102 ADMINISTRA\u0162IE PUBLIC\u0102<\/strong><\/p>\n\n\n\n<p><strong><em>Obiectivele programului de studiu universitar de licen\u0163\u0103 Administra\u0163ie Public\u0103<\/em><\/strong> sunt urm\u0103toarele:<\/p>\n\n\n\n<p>a. formarea de cadre specializate \u00een \u015ftiin\u0163e administrative;<\/p>\n\n\n\n<p>b. armonizarea con\u0163inutului planurilor de \u00eenv\u0103\u0163\u0103m\u00e2nt \u015fi a serviciilor educa\u0163ionale la cerin\u0163ele sistemului european de \u00eenv\u0103\u0163\u0103m\u00e2nt \u015fi la realit\u0103\u0163ile pie\u0163ei muncii din Rom\u00e2nia;<\/p>\n\n\n\n<p>c. crearea competen\u0163elor \u015fi deprinderilor de munc\u0103, strict necesare exercit\u0103rii \u00een condi\u0163ii de maxim\u0103 eficien\u0163\u0103 a profesiilor din administra\u0163ia public\u0103, asigurarea cuno\u015ftin\u0163elor \u015fi abilit\u0103\u0163ilor de adaptare a studentului \u015fi viitorului specialist la cerin\u0163ele \u015fi condi\u0163iile impuse de mediul social-juridic \u015fi administrativ rom\u00e2nesc.<\/p>\n\n\n\n<p>Aceste obiective sunt realizate prin intermediul activit\u0103\u0163ilor didactice desf\u0103\u015furate \u00een cadrul orelor planificate de curs, seminar \u015fi laborator, precum \u015fi \u00een cadrul activit\u0103\u0163ii de cercetare \u015ftiin\u0163ific\u0103, desf\u0103\u015furat\u0103 de cadrele didactice \u015fi studen\u0163i, materializat\u0103 prin participarea la conferin\u0163e na\u0163ionale \u015fi interna\u0163ionale, congrese, seminarii \u015fi mese rotunde, dar \u015fi, dup\u0103 caz, prin parteneriate \u00eencheiate cu institu\u0163ii de \u00eenv\u0103\u0163\u0103m\u00e2nt din \u0163ar\u0103 \u015fi din str\u0103in\u0103tate, contracte de cercetare etc.<\/p>\n\n\n\n<p>\u00cen vederea \u00eendeplinirii misiunii specifice, Programul de studii de licen\u0163\u0103 Administra\u0163ie Public\u0103 \u00ee\u015fi propune urm\u0103toarele <strong><em>obiective privind activitatea didactic\u0103<\/em><\/strong>:<\/p>\n\n\n\n<p>a. aprofundarea, prin planurile de \u00eenv\u0103\u0163\u0103m\u00e2nt \u015fi prin con\u0163inutul cursurilor, seminariilor \u015fi lucr\u0103rilor practice, a cuno\u015ftin\u0163elor \u015ftiin\u0163ifice \u015fi a experien\u0163ei practice \u00een domeniul administra\u0163iei publice;<\/p>\n\n\n\n<p>b. dezvoltarea deprinderilor de informare, culegere \u015fi analiz\u0103 a datelor \u015fi informa\u0163iilor din domeniul \u015ftiin\u0163elor administrative;<\/p>\n\n\n\n<p>c. cunoa\u015fterea, \u00een\u0163elegerea \u015fi utilizarea conceptelor, teoriilor \u015fi modelelor \u00een analiza \u015fi fundamentarea deciziilor \u00een domeniul \u015ftiin\u0163elor administrative;<\/p>\n\n\n\n<p>d. formarea competen\u0163elor speciali\u015ftilor \u00een domeniul \u015ftiin\u0163elor administrative \u00een acord cu principiile eticii profesionale, ale managementului calit\u0103\u0163ii totale \u015fi ale respect\u0103rii drepturilor fundamentale ale cet\u0103\u0163enilor;<\/p>\n\n\n\n<p>e. ini\u0163ierea studen\u0163ilor \u00een studierea fenomenelor din administra\u0163ia public\u0103 la scar\u0103 na\u0163ional\u0103, european\u0103 \u015fi mondial\u0103 \u015fi a problemelor cu care se confrunt\u0103 \u015ftiin\u0163ele administra\u0163iei.<\/p>\n\n\n\n<p>Prin preg\u0103tirea \u00een domeniul de licen\u0163\u0103 Administra\u0163ie Public\u0103 se urm\u0103re\u015fte ca absolven\u0163ii s\u0103 intre \u00een posesia cuno\u015ftin\u0163elor \u015fi deprinderilor care s\u0103 le permit\u0103:<\/p>\n\n\n\n<p>a. utilizarea metodelor \u015fi tehnicilor specifice institu\u0163iilor administrative;<\/p>\n\n\n\n<p>b. executarea de activit\u0103\u0163i practice specifice institu\u0163iilor din administra\u0163ia public\u0103;<\/p>\n\n\n\n<p>c. participarea \u00een echip\u0103 la proiectarea \u015fi executarea unor programe specifice domeniului \u015ftiin\u0163e administrative;<\/p>\n\n\n\n<p>d. utilizarea performant\u0103 a limbajului specific menit s\u0103 permit\u0103 comunicarea scris\u0103 \u015fi verbal\u0103 \u00een limba rom\u00e2n\u0103 \u015fi \u00een cel pu\u0163in o limb\u0103 de circula\u0163ie interna\u0163ional\u0103;<\/p>\n\n\n\n<p>e. formarea de competen\u0163e juridico-administrative necesare absolven\u0163ilor, care s\u0103 le permit\u0103 s\u0103 desf\u0103\u015foare activit\u0103\u0163i \u00een institu\u0163iile din Uniunea European\u0103 sau institu\u0163iile similare din statele membre.<\/p>\n\n\n\n<p>Activitatea didactic\u0103 \u00een cadrul programului analizat este impulsionat\u0103 de o intens\u0103 activitate de cercetare \u015ftiin\u0163ific\u0103 desf\u0103\u015furat\u0103 la nivelul facult\u0103\u0163ii \u015fi al colectivului programului de studii Administra\u0163ie Public\u0103.<\/p>\n\n\n\n<p><strong>COMPETEN\u0162E DOB\u00c2NDITE DE ABSOLVEN\u0162I LA FINALIZAREA STUDIILOR<\/strong><\/p>\n\n\n\n<p><strong>Competen\u0163e profesionale:<\/strong><\/p>\n\n\n\n<p>C1. Cunoa\u015fterea, \u00een\u0163elegerea \u015fi explicarea &nbsp;conceptelor, teoriilor \u015fi metodelor de baz\u0103 de organizare \u015fi func\u0163ionare a structurilor administrative, a institu\u0163iilor publice \u015fi\/sau private;<\/p>\n\n\n\n<p>C2. Identificarea facil\u0103, analizarea \u015fi interpretarea problematicilor teoretice \u015fi practice din sistemul&nbsp; administrativ, inclusiv a&nbsp; unor practici specifice;<\/p>\n\n\n\n<p>C.3.Comunicarea de informa\u0163ii profesionale, \u00een limba programului de studii \u015fi documentarea \u00eentr-o limb\u0103 de circula\u0163ie interna\u0163ional\u0103, cu mesaje structurate referitoare la o problem\u0103 dat\u0103 din specialitate;<\/p>\n\n\n\n<p>C4. Cunoa\u015fterea \u015fi analiza instrumentelor \u015fi strategiilor pentru func\u0163ionarea si dezvoltarea institu\u0163ional\u0103;<\/p>\n\n\n\n<p>C5. Organizarea si desf\u0103\u015furarea&nbsp; activit\u0103\u0163ilor profesionale&nbsp; din domeniu, inclusiv de tip managerial, cu respectarea eticii \u015fi deontologiei profesionale;<\/p>\n\n\n\n<p>C6. Identificarea, analiza \u015fi rezolvarea problemelor simple sau complexe din administra\u0163ia public\u0103, \u00een mod cooperant, flexibil \u015fi eficient, dezvoltarea muncii \u00een echip\u0103.<\/p>\n\n\n\n<p><strong>Competen\u0163e transversale:<\/strong><\/p>\n\n\n\n<p>CT.1. Realizarea sarcinilor profesionale \u00een mod eficient \u015fi responsabil, cu respectarea regulilor de etic\u0103 \u015fi deontologie specifice domeniului;<\/p>\n\n\n\n<p>CT.2. Aplicarea tehnicilor de munc\u0103 eficient\u0103 \u00een echip\u0103 bazat\u0103 pe elemente de interdisciplinaritate, cu respectarea palierelor ierarhice;<\/p>\n\n\n\n<p>CT.3. Utilizarea eficient\u0103 a resurselor de comunicare \u015fi a surselor de informare \u015fi de formare profesional\u0103 asistat\u0103, at\u00e2t \u00een limba rom\u00e2n\u0103, c\u00e2t \u015fi \u00eentr-o limb\u0103 str\u0103in\u0103 de circula\u0163ie interna\u0163ional\u0103.<\/p>\n\n\n\n<p><strong>FINALIT\u0102\u0162I<\/strong><\/p>\n\n\n\n<p>Titlu acordat: <strong>Licen\u0163iat \u00een Administra\u0163ie Public\u0103<\/strong><\/p>\n\n\n\n<p>Denumire calificare: <strong>Administra\u0163ie Public\u0103<\/strong><\/p>\n\n\n\n<p>Ocupa\u0163ii care pot fi practicate pe pia\u0163a muncii:<\/p>\n\n\n\n<p>242201 consilier administra\u0163ia public\u0103;<\/p>\n\n\n\n<p>242203 inspector de specialitate \u00een administra\u0163ia public\u0103;<\/p>\n\n\n\n<p>242204 referent de specialitate \u00een administra\u0163ia public\u0103;<\/p>\n\n\n\n<p>242225 consilier de stare civil\u0103.<\/p>\n","protected":false},"excerpt":{"rendered":"<p>Coordonator program: Conf. univ. Dr. Daniel GHERASIM Domeniul de licen\u0163\u0103: \u015eTIIN\u0162E ADMINISTRATIVE Durata studiilor \/ num\u0103rul de credite transferabile ECTS: 3 ANI (6 SEMESTRE)\/ 180&hellip;<\/p>\n","protected":false},"author":1,"featured_media":0,"parent":62,"menu_order":0,"comment_status":"closed","ping_status":"closed","template":"","meta":{"footnotes":""},"class_list":["post-862","page","type-page","status-publish","hentry"],"_links":{"self":[{"href":"https:\/\/www.ugb.ro\/index.php\/wp-json\/wp\/v2\/pages\/862","targetHints":{"allow":["GET"]}}],"collection":[{"href":"https:\/\/www.ugb.ro\/index.php\/wp-json\/wp\/v2\/pages"}],"about":[{"href":"https:\/\/www.ugb.ro\/index.php\/wp-json\/wp\/v2\/types\/page"}],"author":[{"embeddable":true,"href":"https:\/\/www.ugb.ro\/index.php\/wp-json\/wp\/v2\/users\/1"}],"replies":[{"embeddable":true,"href":"https:\/\/www.ugb.ro\/index.php\/wp-json\/wp\/v2\/comments?post=862"}],"version-history":[{"count":7,"href":"https:\/\/www.ugb.ro\/index.php\/wp-json\/wp\/v2\/pages\/862\/revisions"}],"predecessor-version":[{"id":1711,"href":"https:\/\/www.ugb.ro\/index.php\/wp-json\/wp\/v2\/pages\/862\/revisions\/1711"}],"up":[{"embeddable":true,"href":"https:\/\/www.ugb.ro\/index.php\/wp-json\/wp\/v2\/pages\/62"}],"wp:attachment":[{"href":"https:\/\/www.ugb.ro\/index.php\/wp-json\/wp\/v2\/media?parent=862"}],"curies":[{"name":"wp","href":"https:\/\/api.w.org\/{rel}","templated":true}]}}