{"id":860,"date":"2021-11-15T10:45:32","date_gmt":"2021-11-15T10:45:32","guid":{"rendered":"https:\/\/www.ugb.ro\/?page_id=860"},"modified":"2025-05-14T12:00:49","modified_gmt":"2025-05-14T12:00:49","slug":"specializarea-drept","status":"publish","type":"page","link":"https:\/\/www.ugb.ro\/index.php\/studii-2\/studii-de-licenta\/specializarea-drept\/","title":{"rendered":"Specializarea Drept"},"content":{"rendered":"\n<blockquote class=\"wp-block-quote is-style-default is-layout-flow wp-block-quote-is-layout-flow\">\n<p>Coordonator program: <strong>Conf. univ. Dr. Daniel GHERASIM<\/strong><\/p>\n\n\n\n<p>Domeniul fundamental: <strong>\u015eTIIN\u0162E JURIDICE<\/strong><\/p>\n\n\n\n<p>Durata studiilor \/ num\u0103rul de credite transferabile ECTS: <strong>4 ANI \/ 8 SEMESTRE, 240 DE CREDITE<\/strong><\/p>\n\n\n\n<p>Forma de \u00eenv\u0103\u0163\u0103m\u00e2nt: <strong>\u00ceNV\u0102\u0162\u0102M\u00c2NT CU FRECVEN\u0162\u0102 (IF)<\/strong><\/p>\n<\/blockquote>\n\n\n\n<p><\/p>\n\n\n\n<div class=\"wp-block-buttons is-layout-flex wp-block-buttons-is-layout-flex\">\n<div class=\"wp-block-button\"><a class=\"wp-block-button__link wp-element-button\" href=\"https:\/\/admitere.ugb.ro\/inscriere-online\">Inscrie-te online &#8211; Admitere 2025<\/a><\/div>\n<\/div>\n\n\n\n<p><\/p>\n\n\n\n<p><strong>MISIUNEA PROGRAMULUI DE STUDII UNIVERSITARE DE LICEN\u0162\u0102 DREPT<\/strong><\/p>\n\n\n\n<p>Misiunea Programului de studii universitare de licen\u0163\u0103 Drept, este de a forma speciali\u015fti \u00een domeniul \u015ftiin\u0163elor juridice, cu un \u00eenalt nivel de preg\u0103tire profesional\u0103, capabili s\u0103 fac\u0103 fa\u0163\u0103 cerin\u0163elor specifice economiei contemporane, bazat\u0103 pe concuren\u0163\u0103, performan\u0163\u0103 \u015fi progres, \u00een contextul dezvolt\u0103rii durabile. Ne propunem ca, prin intermediul cuno\u015ftin\u0163elor \u015fi competen\u0163elor dob\u00e2ndite, precum \u015fi a practicii efectuate \u00een institu\u0163ii juridice de profil, absolven\u0163ii programului de studiu Drept s\u0103 se integreze cu u\u015furin\u0163\u0103 pe pia\u0163a muncii specific\u0103 domeniului juridic absolvit.<\/p>\n\n\n\n<p><strong>OBIECTIVELE PROGRAMULUI DE STUDII UNIVERSITARE DE LICEN\u0162\u0102 DREPT<\/strong><\/p>\n\n\n\n<p><strong><em>Obiectivele programului de studiu universitar de licen\u0163\u0103 Drept<\/em><\/strong>, sunt urm\u0103toarele:<\/p>\n\n\n\n<p>Aceste obiective sunt realizate prin intermediul activit\u0103\u0163ilor didactice desf\u0103\u015furate \u00een cadrul orelor planificate de curs, seminar \u015fi laborator, precum \u015fi \u00een cadrul activit\u0103\u0163ii de cercetare \u015ftiin\u0163ific\u0103, desf\u0103\u015furat\u0103 de cadrele didactice \u015fi studen\u0163i, materializat\u0103 prin participarea la conferin\u0163e na\u0163ionale \u015fi interna\u0163ionale, congrese, seminarii \u015fi mese rotunde, dar \u015fi, dup\u0103 caz, prin parteneriate \u00eencheiate cu institu\u0163ii de \u00eenv\u0103\u0163\u0103m\u00e2nt din \u0163ar\u0103 \u015fi din str\u0103in\u0103tate, contracte de cercetare, etc.<\/p>\n\n\n\n<p>Activitatea didactic\u0103 \u00een cadrul programului analizat este impulsionat\u0103 de o intens\u0103 activitate de cercetare \u015ftiin\u0163ific\u0103 desf\u0103\u015furat\u0103 la nivelul facult\u0103\u0163ii \u015fi al colectivului programului de studii Drept.<\/p>\n\n\n\n<p><strong>COMPETEN\u0162E DOB\u00c2NDITE DE ABSOLVEN\u0162I LA FINALIZAREA STUDIILOR<\/strong><\/p>\n\n\n\n<p><strong>Competen\u0163e profesionale:<\/strong><\/p>\n\n\n\n<p>C.1. \u00cen\u0163elegerea \u015fi utilizarea adecvat\u0103 a conceptelor, teoriilor, paradigmelor \u015fi metodologiilor din domeniul juridic.<\/p>\n\n\n\n<p>C.2. \u00cen\u0163elegerea \u015fi aplicarea tehnicilor \u015fi instrumentelor specifice domeniului juridic.<\/p>\n\n\n\n<p>C.3. Interpretarea \u015fi aplicarea legisla\u0163iei rom\u00e2ne\u015fti, a legisla\u0163iei europene \u015fi a celorlalte instrumente juridice interna\u0163ionale.<\/p>\n\n\n\n<p>C.4. Interpretarea, corelarea \u015fi compararea institu\u0163iilor juridice din dreptul na\u0163ional, dreptul european \u015fi dreptul interna\u0163ional.<\/p>\n\n\n\n<p>C.5. Aplicarea cuno\u015ftin\u0163elor necesare \u00een culegerea datelor \u015fi informa\u0163iilor referitoare la o problem\u0103 de drept concret\u0103.<\/p>\n\n\n\n<p>C.6. Utilizarea legisla\u0163iei \u00een vigoare \u00een analiza situa\u0163iilor juridice, \u00een \u00eencadrarea lor corect\u0103 din punct de vedere juridic \u015fi \u00een solu\u0163ionarea lor.<\/p>\n\n\n\n<p><strong>Competen\u0163e transversale:<\/strong><\/p>\n\n\n\n<p>CT.1. Realizarea sarcinilor profesionale \u00een mod eficient \u015fi responsabil, cu respectarea regulilor de etic\u0103 \u015fi deontologie specifice domeniului.<\/p>\n\n\n\n<p>CT.2. Aplicarea tehnicilor de munc\u0103 eficient\u0103 \u00een echip\u0103 bazat\u0103 pe elemente de interdisciplinaritate, cu respectarea palierelor ierarhice.<\/p>\n\n\n\n<p>CT.3. Utilizarea eficient\u0103 a resurselor de comunicare \u015fi a surselor de informare \u015fi de formare profesional\u0103 asistat\u0103, at\u00e2t \u00een limba rom\u00e2n\u0103, c\u00e2t \u015fi \u00eentr-o limb\u0103 str\u0103in\u0103 de circula\u0163ie interna\u0163ional\u0103.<\/p>\n\n\n\n<p><strong>FINALIT\u0102\u0162I<\/strong><\/p>\n\n\n\n<p>Titlu acordat: <strong>Licen\u0163iat \u00een drept.<\/strong><\/p>\n\n\n\n<p>Denumire calificare: <strong>Drept.<\/strong><\/p>\n\n\n\n<p>Ocupa\u0163ii care pot fi practicate pe pia\u0163a muncii:<\/p>\n\n\n\n<p>261101 Avocat; 261102 Jurisconsult; 261103 Consilier juridic.<\/p>\n","protected":false},"excerpt":{"rendered":"<p>Coordonator program: Conf. univ. Dr. Daniel GHERASIM Domeniul fundamental: \u015eTIIN\u0162E JURIDICE Durata studiilor \/ num\u0103rul de credite transferabile ECTS: 4 ANI \/ 8 SEMESTRE, 240&hellip;<\/p>\n","protected":false},"author":1,"featured_media":0,"parent":62,"menu_order":0,"comment_status":"closed","ping_status":"closed","template":"","meta":{"footnotes":""},"class_list":["post-860","page","type-page","status-publish","hentry"],"_links":{"self":[{"href":"https:\/\/www.ugb.ro\/index.php\/wp-json\/wp\/v2\/pages\/860","targetHints":{"allow":["GET"]}}],"collection":[{"href":"https:\/\/www.ugb.ro\/index.php\/wp-json\/wp\/v2\/pages"}],"about":[{"href":"https:\/\/www.ugb.ro\/index.php\/wp-json\/wp\/v2\/types\/page"}],"author":[{"embeddable":true,"href":"https:\/\/www.ugb.ro\/index.php\/wp-json\/wp\/v2\/users\/1"}],"replies":[{"embeddable":true,"href":"https:\/\/www.ugb.ro\/index.php\/wp-json\/wp\/v2\/comments?post=860"}],"version-history":[{"count":6,"href":"https:\/\/www.ugb.ro\/index.php\/wp-json\/wp\/v2\/pages\/860\/revisions"}],"predecessor-version":[{"id":1712,"href":"https:\/\/www.ugb.ro\/index.php\/wp-json\/wp\/v2\/pages\/860\/revisions\/1712"}],"up":[{"embeddable":true,"href":"https:\/\/www.ugb.ro\/index.php\/wp-json\/wp\/v2\/pages\/62"}],"wp:attachment":[{"href":"https:\/\/www.ugb.ro\/index.php\/wp-json\/wp\/v2\/media?parent=860"}],"curies":[{"name":"wp","href":"https:\/\/api.w.org\/{rel}","templated":true}]}}