{"id":782,"date":"2021-05-12T12:36:52","date_gmt":"2021-05-12T12:36:52","guid":{"rendered":"https:\/\/www.ugb.ro\/?page_id=782"},"modified":"2026-04-16T13:28:51","modified_gmt":"2026-04-16T13:28:51","slug":"informatii-de-interes-public","status":"publish","type":"page","link":"https:\/\/www.ugb.ro\/index.php\/informatii-de-interes-public\/","title":{"rendered":"Informa\u021bii de interes public"},"content":{"rendered":"\n<hr class=\"wp-block-separator has-alpha-channel-opacity\"\/>\n\n\n\n<p>Raport de evaluare intern\u0103 \u00een vederea autoriz\u0103rii provizorii a programului de studii universitare de licen\u021b\u0103 ASISTEN\u021a\u0102 MEDICAL\u0102 GENERAL\u0102 &#8211; <a href=\"https:\/\/drive.google.com\/file\/d\/1f-wD7wnUuVt_CTZEr_60Q9tZB7aRnYX3\/view?usp=sharing\">click aici<\/a>. \u00ae<\/p>\n\n\n\n<p>Raport de evaluare intern\u0103 \u00een vederea autoriz\u0103rii provizorii a programului de studii universitare de licen\u021b\u0103 Informatic\u0103 \u2013 <a href=\"https:\/\/drive.google.com\/file\/d\/172JaeYYsr_8Ibl37qFh7iOohw_p_baZC\/view?usp=sharing\" target=\"_blank\" rel=\"noreferrer noopener\">click aici<\/a>. \u00ae<\/p>\n\n\n\n<p>Raport de autoevaluare \u00een vederea evalu\u0103rii periodice a domeniului de studii universitare de masterat Drept &#8211; <a href=\"https:\/\/drive.google.com\/file\/d\/11Z6YCykR7TTiLvVMmhrmIevFgFzFmmx3\/view?usp=sharing\" target=\"_blank\" rel=\"noreferrer noopener\">click aici<\/a>. \u00ae<\/p>\n\n\n\n<hr class=\"wp-block-separator has-alpha-channel-opacity\"\/>\n\n\n\n<h2 class=\"wp-block-heading\">CONCURS PUBLIC DECAN FACULTATEA DE \u0218TIIN\u021aE ECONOMICE, JURIDICE \u0218I ADMINISTRATIVE<\/h2>\n\n\n\n<p>REZULTATELE CONCURSULUI PUBLIC PENTRU OCUPAREA FUNC\u021aIEI DE DE DECAN AL FACULT\u0102\u021aII DE \u0218TIIN\u021aE ECONOMICE, JURIDICE \u0218I ADMINISTRATIVE<br>Comisia de concurs a hot\u0103r\u00e2t s\u0103 propun\u0103 spre validare Senatului Universit\u0103\u021bii \u201eGeorge Bacovia\u201d din Bac\u0103u pe doamna Lect. univ. dr. Violeta Hazaparu pentru ocuparea func\u021biei de Decan al Facult\u0103\u021bii de \u0218tiin\u021be Economice, Juridice \u0219i Administrative, pentru mandatul 2024 -2029.<\/p>\n\n\n\n<p>CANDIDA\u021aI \u00ceNSCRI\u0218I LA CONCURS<\/p>\n\n\n\n<ul class=\"wp-block-list\">\n<li>CV + PLAN MANAGERIAL VIOLETA HAZAPARU- <a href=\"https:\/\/drive.google.com\/file\/d\/1camYxvLWj8K9rK4VdhBJVqtrkd1VR6r8\/view?usp=drive_link\" target=\"_blank\" rel=\"noreferrer noopener\">click aici<\/a>.<\/li>\n\n\n\n<li>CV+PLAN MANAGERIAL RADU CRISTIAN BUC\u0218\u0102 &#8211; <a href=\"https:\/\/drive.google.com\/file\/d\/1yKaFlYF5pSbDm9wv2uDxiShGSQAJhs0i\/view?usp=drive_link\" target=\"_blank\" rel=\"noreferrer noopener\">click aici<\/a>.<\/li>\n<\/ul>\n\n\n\n<p>CALENDAR CONCURS DECAN<br>Concursul pentru func\u021bia de decan se va desf\u0103\u0219ura dup\u0103 urm\u0103torul calendar:<br>19.06.2024-01.07.2024 Depunerea la Registratura UGB a candidaturilor la func\u021bia de Decan<br>02.07.2024 Avizarea dosarelor de concurs de c\u0103tre Compartimentul Juridic al Universit\u0103\u021bii<br>03.07.2024 Avizarea candidaturilor la func\u021bia de Decan \u00een Consiliul Facult\u0103\u021bii de \u0218tiin\u021be Economice, Juridice \u0219i Administrative<br>04.07.2024 Derularea concursului pentru selectarea Decanului<br>04.07.2024 Comunicarea rezultatelor concursurilor pentru func\u021bia de decan<br>05.07.2024 Validarea \u00een Senatul universitar a rezultatelor concursului \u0219i emiterea deciziei de numire a noului Decan<\/p>\n\n\n\n<p>ANUN\u021a PUBLIC \u2013 <a href=\"https:\/\/drive.google.com\/file\/d\/1sxFOAOAWRYpj9K0MCPwEAXpj5yKYHpML\/view?usp=sharing\" target=\"_blank\" rel=\"noreferrer noopener\">click aici<\/a>.<\/p>\n\n\n\n<h2 class=\"wp-block-heading\">Alegeri pentru mandatul 2024-2029<\/h2>\n\n\n\n<h3 class=\"wp-block-heading\">Candidaturi pentru func\u021bia de rector al Universit\u0103\u021bii &#8222;George Bacovia&#8221; din Bac\u0103u, mandatul 2024-2029<\/h3>\n\n\n\n<ul class=\"wp-block-list\">\n<li><a href=\"https:\/\/drive.google.com\/file\/d\/1GDgKGV6Cz_eeMmEMh8HDTw9vqvfF2-8x\/view?usp=sharing\" target=\"_blank\" rel=\"noreferrer noopener\">Rezultatele alegerilor pentru func\u021bia de rector al Universit\u0103\u021bii George Bacovia din Bac\u0103u &#8211; click aici.<\/a>\n<ul class=\"wp-block-list\">\n<li>Alegerile vor fi validate \u00een \u0219edin\u021ba Senatului UGB din data de <strong>27 martie 2024<\/strong>.<\/li>\n<\/ul>\n<\/li>\n\n\n\n<li>Conf. univ.dr. Andrei Octavian Paraschivescu &#8211; publicat \u00een data de 04.03.2024\n<ul class=\"wp-block-list\">\n<li>Plan managerial &#8211; <a href=\"https:\/\/drive.google.com\/file\/d\/1UczjwX9E-2Dpo0uXiDOGgUsW0sOTLAXA\/view?usp=drive_link\" target=\"_blank\" rel=\"noreferrer noopener\">click aici<\/a><\/li>\n\n\n\n<li>CV &#8211; <a href=\"https:\/\/drive.google.com\/file\/d\/1VHR3NxKTXrkYVvbIoDzEvyr9sppUWAwd\/view?usp=sharing\" data-type=\"link\" data-id=\"https:\/\/drive.google.com\/file\/d\/1VHR3NxKTXrkYVvbIoDzEvyr9sppUWAwd\/view?usp=sharing\" target=\"_blank\" rel=\"noreferrer noopener\">click aici<\/a><\/li>\n<\/ul>\n<\/li>\n<\/ul>\n\n\n\n<h3 class=\"wp-block-heading\">Candidaturi pentru postul de Director al Departamentului didactic \u0219i de cercetare<\/h3>\n\n\n\n<ul class=\"wp-block-list\">\n<li>Lect.univ.dr. Bordeianu Gabriela-Daniela &#8211; <a href=\"https:\/\/drive.google.com\/file\/d\/117fxRsTc0Un_mk-fohyCM4Fhil3kg-0-\/view?usp=drive_link\" target=\"_blank\" rel=\"noreferrer noopener\">click aici<\/a> \u00ae<\/li>\n<\/ul>\n\n\n\n<h3 class=\"wp-block-heading\">Alegeri pentru mandatul 2024-2029<\/h3>\n\n\n\n<ul class=\"wp-block-list\">\n<li>Convocatorul alegerilor &#8211; <a href=\"https:\/\/drive.google.com\/file\/d\/1LOJVOLp0jzR-f0vVEXFG9FOREuS_7Z8T\/view?usp=sharing\" target=\"_blank\" rel=\"noreferrer noopener\">click aici<\/a><\/li>\n\n\n\n<li>Metodologia alegerilor &#8211; <a href=\"https:\/\/drive.google.com\/file\/d\/1HweNqG56qwWFyKuZgTSsprKixuLUEcuP\/view?usp=sharing\" data-type=\"link\" data-id=\"https:\/\/drive.google.com\/file\/d\/1HweNqG56qwWFyKuZgTSsprKixuLUEcuP\/view?usp=sharing\" target=\"_blank\" rel=\"noreferrer noopener\">click aici<\/a><\/li>\n\n\n\n<li>Calendarul alegerilor- <a href=\"https:\/\/drive.google.com\/file\/d\/1eF70GF7CB8o80l0nPSCyh3eP05K0f9AJ\/view?usp=sharing\" target=\"_blank\" rel=\"noreferrer noopener\">click aici<\/a><\/li>\n<\/ul>\n\n\n\n<p><a href=\"https:\/\/drive.google.com\/file\/d\/1DdWN4bigVz2LHYiGghTYHffUYvUY0qsi\/view?usp=sharing\" target=\"_blank\" rel=\"noreferrer noopener\">Persoanele cu drept de vot din institu\u021bia de \u00eenv\u0103\u021b\u0103m\u00e2nt superior, care sunt chemate s\u0103 participe la referendumul pentru  alegerea modalit\u0103\u021bii de desemnare a Rectorului Universit\u0103\u021bii \u201eGeorge Bacovia\u201d din Bac\u0103u &#8211; Mandatul 2024-2029 &#8211; click aici<\/a>. \u00ae<\/p>\n\n\n\n<p><a href=\"https:\/\/drive.google.com\/file\/d\/1oDIGsaDIh9_GPHwPXWs7HRWbjuY9D5KD\/view?usp=sharing\" target=\"_blank\" rel=\"noreferrer noopener nofollow\">Rezultat referendum pentru stabilirea modalit\u0103\u021bii de desemnare a rectorului &#8211; click aici.<\/a><\/p>\n\n\n\n<p><\/p>\n\n\n\n<p>Mai multe detalii g\u0103si\u021bi pe pagina dedicat\u0103 alegerilor &#8211; <a href=\"https:\/\/avizier.ugb.ro\/alegeri\" target=\"_blank\" rel=\"noreferrer noopener\">click aici<\/a>.<\/p>\n\n\n\n<hr class=\"wp-block-separator has-alpha-channel-opacity\"\/>\n\n\n\n<p>Raportul de autoevaluare institu\u021bional\u0103 \u00een vederea evalu\u0103rii externe a calit\u0103\u021bii &#8211; <a href=\"https:\/\/drive.google.com\/file\/d\/1O9daAWWKwOYepFdvTiranZbIhvoS8g_L\/view?usp=sharing\" target=\"_blank\" rel=\"noreferrer noopener\">click aici<\/a>.<\/p>\n\n\n\n<p>Raportul de de evaluare intern\u0103 \u00een vederea evalu\u0103rii periodice a domeniului de studii universitare de masterat Management &#8211; <a href=\"https:\/\/drive.google.com\/file\/d\/1XocxGWxtFXWX41-iMi610c7XTl1W72Ye\/view?usp=drive_link\" data-type=\"link\" data-id=\"https:\/\/drive.google.com\/file\/d\/1XocxGWxtFXWX41-iMi610c7XTl1W72Ye\/view?usp=drive_link\" target=\"_blank\" rel=\"noreferrer noopener\">click aici<\/a>.<\/p>\n\n\n\n<p>Raportul de evaluare intern\u0103 \u00een vederea evalu\u0103rii periodice a programului de studii universitare de licen\u021b\u0103 DREPT &#8211; <a rel=\"noreferrer noopener\" href=\"https:\/\/drive.google.com\/file\/d\/1XUu4xqhaDm76BdipFKNi201McuJZ3ERp\/view?usp=drive_link\" target=\"_blank\">click aici<\/a>.<\/p>\n\n\n\n<p>Raportul de evaluare intern\u0103 \u00een vederea acredit\u0103rii specializ\u0103rii Administra\u021bie public\u0103 &#8211; <a rel=\"noreferrer noopener\" href=\"https:\/\/drive.google.com\/file\/d\/1HBSzNJUcs7vlWRZcQK7vy7qKkrlv9NxS\/view\" target=\"_blank\">click aici<\/a>.<\/p>\n\n\n\n<hr class=\"wp-block-separator has-alpha-channel-opacity\"\/>\n\n\n\n<h2 class=\"wp-block-heading\">Consultare public\u0103<\/h2>\n\n\n\n<p>Av\u00e2nd \u00een vedere prevederile Legii \u00cenv\u0103\u021b\u0103m\u00e2ntului Superior \u0219i \u00een spiritul transparen\u021bei decizionale \u0219i asum\u0103rii responsabilit\u0103\u021bii publice, Universitatea George Bacovia lanseaz\u0103 spre consultare \u0219i dezbatere public\u0103:<\/p>\n\n\n\n<p><a href=\"https:\/\/drive.google.com\/file\/d\/1aAJc5q-hQBxMHKehtmXn1ot4-PmcPwtn\/view?usp=drive_link\" target=\"_blank\" rel=\"noreferrer noopener\">Proiect CARTA UNIVERSITAR\u0102 2024 &#8211; click aici<\/a>.<br>Invit\u0103m membrii comunit\u0103\u021bii universitare s\u0103 \u00eemp\u0103rt\u0103\u0219easc\u0103 propuneri, sugestii \u0219i opinii privind Carta Universit\u0103\u021bii George Bacovia din Bac\u0103u, \u0219i subliniem importan\u021ba contribu\u021biei fiec\u0103rui participant \u00een procesul de elaborare \u0219i perfec\u021bionare a acestui document fundamental.<\/p>\n\n\n\n<p>Pentru a v\u0103 exprima punctele de vedere, v\u0103 rug\u0103m s\u0103 transmite\u021bi propunerile dumneavoastr\u0103 la adresa de e-mail: rectorat@ugb.ro utiliz\u00e2nd formularul din <strong><a href=\"https:\/\/drive.google.com\/uc?export=download&amp;id=1_qHyPmXG4ff7B0nP8xkbNEpWN5NAktIH\">Anexa 1 &#8211; click aici<\/a><\/strong>.<\/p>\n\n\n\n<p>Calendar consultare public\u0103:<\/p>\n\n\n\n<ul class=\"wp-block-list\">\n<li>Publicare proiect: 24.04.2024<\/li>\n\n\n\n<li>Termen limit\u0103 transmitere observa\u021bii: 07.05.2024<\/li>\n\n\n\n<li>Dezbaterea public\u0103: 09.05.2024 \u00eentre orele 12.00-14.00 la sediul UGB, Sala Senatului<\/li>\n<\/ul>\n\n\n\n<p>Carta universitar\u0103 aprbat\u0103 de Senatul Universit\u0103\u021bii George Bacovia, \u00een data de 28.05.2024 &#8211; <a href=\"https:\/\/drive.google.com\/file\/d\/1fk9RxjwobW37sgr4Ui2WWTx2sP2QHVU-\/view?usp=drive_link\" target=\"_blank\" rel=\"noreferrer noopener\">click aici<\/a>.<\/p>\n\n\n\n<hr class=\"wp-block-separator has-alpha-channel-opacity\"\/>\n\n\n\n<p>Raportul decanului Facult\u0103\u021bii de \u0218tiin\u021be economice, juridice \u0219i administrative &#8211; 2025 &#8211; <a href=\"https:\/\/drive.google.com\/file\/d\/1oZAajAHJpw_f5v-n4LozAj3aJFgEQkA0\/view?usp=drive_link\" target=\"_blank\" rel=\"noreferrer noopener\">click aici<\/a>.<\/p>\n\n\n\n<p>Raportul decanului Facult\u0103\u021bii de \u0218tiin\u021be economice, juridice \u0219i administrative &#8211; 2024 &#8211; <a href=\"https:\/\/drive.google.com\/file\/d\/1hzGot8ZE3asztfKE6d6VTtc7tS7yXHiu\/view?usp=drive_link\" target=\"_blank\" rel=\"noreferrer noopener\">click aici<\/a>.<\/p>\n\n\n\n<p>Raportul decanului Facult\u0103\u021bii de \u0218tiin\u021be economice, juridice \u0219i administrative &#8211; 2023 &#8211; <a href=\"https:\/\/drive.google.com\/file\/d\/1qTsRPouqDKQ0MQ3O5Yga_tDSgPemkwL_\/view?usp=drive_link\" target=\"_blank\" rel=\"noreferrer noopener\">click aici<\/a>.<\/p>\n\n\n\n<p>Raportul decanului Facult\u0103\u021bii de \u0218tiin\u021be economice, juridice \u0219i administrative &#8211; 2022 &#8211; <a href=\"https:\/\/drive.google.com\/file\/d\/1dTo_QQw6gTjyKGntcBuRz9JHRO4ZcR6N\/view?usp=sharing\" target=\"_blank\" rel=\"noreferrer noopener\">click aici<\/a>.<\/p>\n\n\n\n<hr class=\"wp-block-separator has-alpha-channel-opacity\"\/>\n\n\n\n<p>Raportul rectorului privind starea universit\u0103\u021bii \u00een anul 2024 &#8211; <a href=\"https:\/\/drive.google.com\/file\/d\/12-qzSimeCQ6PsiL5YrRIEf23BUcpsFh_\/view?usp=drive_link\" target=\"_blank\" rel=\"noreferrer noopener\">click aici<\/a>.<\/p>\n\n\n\n<p>Raportul rectorului privind starea universit\u0103\u021bii \u00een anul 2023 &#8211; <a href=\"https:\/\/drive.google.com\/file\/d\/13g59oi031PYMoLQp9BxR8V37Tg5FQAzK\/view?usp=drive_link\" target=\"_blank\" rel=\"noreferrer noopener\">click aici<\/a>.<\/p>\n\n\n\n<p>Raportul rectorului privind starea universit\u0103\u021bii \u00een anul 2022 &#8211; <a href=\"https:\/\/drive.google.com\/file\/d\/1BpPFuWyvfaxGWfUsYvBhmDn4kvNHrreU\/view?usp=sharing\" target=\"_blank\" rel=\"noreferrer noopener\">click aici<\/a>.<\/p>\n\n\n\n<p>Raportul rectorului privind starea universit\u0103\u021bii \u00een anul 2021 &#8211; <a href=\"https:\/\/drive.google.com\/file\/d\/18ZrK0jcT4KcO59MnQ3oAKtxLFSLW1x9o\/view?usp=share_link\" target=\"_blank\" rel=\"noreferrer noopener\">click aici<\/a>.<\/p>\n\n\n\n<p>Raportul rectorului privind starea universit\u0103\u021bii \u00een anul 2020 &#8211; <a rel=\"noreferrer noopener\" href=\"https:\/\/drive.google.com\/file\/d\/1x0K3ixTOrB8-Zifr6JW_riPpxugS1xGP\/view?usp=sharing\" target=\"_blank\">click aici<\/a>.<\/p>\n\n\n\n<p>Raportul de autoevaluare 2021 &#8211; Specializarea Economia comer\u021bului, turismului \u0219i serviciilor &#8211; <a rel=\"noreferrer noopener\" href=\"https:\/\/drive.google.com\/file\/d\/1bpuRN8zFyAsi_Ii1ZLF6W4ki4pgu3Q9h\/view?usp=sharing\" target=\"_blank\">click aici<\/a>. \u00ae<\/p>\n\n\n\n<p>Raportul de autoevaluare 2021 &#8211; Specializarea Management &#8211; <a rel=\"noreferrer noopener\" href=\"https:\/\/drive.google.com\/file\/d\/1hVR6rdM8yHYXKnkuvOBAXKxLtGxLeCDR\/view?usp=sharing\" target=\"_blank\">click aici<\/a>. \u00ae<\/p>\n\n\n\n<hr class=\"wp-block-separator has-alpha-channel-opacity\"\/>\n\n\n\n<p>Hot\u0103r\u00e2rile Senatului Universit\u0103\u021bii &#8222;George Bacovia&#8221; din Bac\u0103u &#8211; <a href=\"https:\/\/drive.google.com\/drive\/folders\/1kkkCp2zjTz-S2ALCCajoJh-XXsk9QDEL?usp=sharing\" target=\"_blank\" rel=\"noreferrer noopener\">click aici<\/a>.<\/p>\n\n\n\n<hr class=\"wp-block-separator has-alpha-channel-opacity\"\/>\n\n\n\n<h2 class=\"wp-block-heading\">Concursuri<\/h2>\n\n\n\n<p>CONCURS PENTRU OCUPAREA O POSTULUI DE DIRECTOR GENERAL ADMINISTRATIV<\/p>\n\n\n\n<p>Universitatea George Bacovia din Bac\u0103u organizeaz\u0103 concurs pentru ocuparea postului de director general administrativ, \u00een perioada 21-25 noiembrie 2022, la sediul institu\u021biei din Str. Pictor Theodor Aman, nr.96, municipiul Bac\u0103u, jude\u021bul Bac\u0103u.<\/p>\n\n\n\n<p>Pentru detalii &#8211; <a rel=\"noreferrer noopener\" href=\"https:\/\/drive.google.com\/file\/d\/1vfoJd_X4EpEYvOEzAyGwgpTh_FfzO31i\/view?usp=sharing\" target=\"_blank\">click aici<\/a>.<\/p>\n\n\n\n<p>Calendarul desf\u0103\u0219ur\u0103rii concursului pentru ocuparea postului de Director general administrativ &#8211; <a rel=\"noreferrer noopener\" href=\"https:\/\/drive.google.com\/file\/d\/1QDdyzuBrx5cbI3TC26kFKjhKxPyPy7l_\/view?usp=share_link\" target=\"_blank\">click aici<\/a>.<\/p>\n\n\n\n<p>Rezultatele etapei de selec\u021bie a dosarelor de concurs &#8211; <a rel=\"noreferrer noopener\" href=\"https:\/\/drive.google.com\/file\/d\/1DDZFcLe-bxO9RGPHg5hucpoVMJjug61y\/view?usp=share_link\" target=\"_blank\">click aici<\/a>.<\/p>\n\n\n\n<p>Rezultatele probei scrise din ziua de 21.11.2022 &#8211; <a rel=\"noreferrer noopener\" href=\"https:\/\/drive.google.com\/file\/d\/1ju05biIcmdtfLjYtCx721SYd8OQO3w8W\/view?usp=share_link\" target=\"_blank\">click aici<\/a>.<\/p>\n\n\n\n<p>Rezultatele finale ale concursului pentru ocuparea postului de director general administrativ &#8211; <a href=\"https:\/\/drive.google.com\/file\/d\/1bMKhV44ef5U-nr53wBvaGukJRKX1iHu2\/view?usp=share_link\" target=\"_blank\" rel=\"noreferrer noopener\">click aici<\/a>.<\/p>\n\n\n\n<hr class=\"wp-block-separator has-alpha-channel-opacity\"\/>\n\n\n\n<p>Regulament privind alegerile pentru reprezenta\u021bii studen\u021bilor Universit\u0103\u021bii \u201dGeorge Bacovia\u201d din Bac\u0103u \u00een structurile de conducere &#8211; <a rel=\"noreferrer noopener\" href=\"https:\/\/drive.google.com\/file\/d\/1BMHXyI3toIyvgG1lALvks4eeHCX_Sxqx\/view?usp=drive_link\" target=\"_blank\">click aici<\/a>.<\/p>\n\n\n\n<p>Metodologia privind organizarea \u0219i desf\u0103\u0219urarea alegerilor pentru structurile \u0219i func\u021biile de conducere din Universitatea George Bacovia din Bacau pentru mandatul <strong>2020-2024<\/strong> &#8211; <a rel=\"noreferrer noopener\" href=\"https:\/\/drive.google.com\/file\/d\/1nMylb-HwtQB3K0SGYjBI-IvZNv90rBPq\/view?usp=drive_link\" data-type=\"link\" data-id=\"https:\/\/drive.google.com\/file\/d\/1nMylb-HwtQB3K0SGYjBI-IvZNv90rBPq\/view?usp=drive_link\" target=\"_blank\">click aici<\/a>.<\/p>\n\n\n\n<hr class=\"wp-block-separator has-alpha-channel-opacity\"\/>\n\n\n\n<h2 class=\"wp-block-heading has-text-align-center\">Evaluarea personalului didactic si a satisfac\u021biei studen\u021bilor<\/h2>\n\n\n\n<ul class=\"wp-block-list\">\n<li><strong>2024-2025<\/strong>\n<ul class=\"wp-block-list\">\n<li>Raport privind evaluarea personalului didactic \u0219i a satisfac\u021biei studen\u021bilor pe semestrul I &#8211; <a href=\"https:\/\/drive.google.com\/file\/d\/1KhlQr9U8gXy__MmrclxpiXtVpthovx9h\/view?usp=sharing\" target=\"_blank\" rel=\"noreferrer noopener\">click aici<\/a>.<\/li>\n\n\n\n<li>Raport privind evaluarea personalului didactic \u0219i a satisfac\u021biei studen\u021bilor pe semestrul II &#8211; <a href=\"https:\/\/drive.google.com\/file\/d\/1pgTlKOYV0KCdhYAm4cXy1or0AeeorOkw\/view?usp=drive_link\" target=\"_blank\" rel=\"noreferrer noopener\">click aici<\/a>.<\/li>\n<\/ul>\n<\/li>\n\n\n\n<li><strong>2023-2024<\/strong>\n<ul class=\"wp-block-list\">\n<li>Raport privind evaluarea personalului didactic \u0219i a satisfac\u021biei studen\u021bilor pe semestrul I &#8211; <a href=\"https:\/\/drive.google.com\/file\/d\/1eduescAMXkC9TdYvnQXiKwr1L2UMUXbC\/view?usp=drive_link\" target=\"_blank\" rel=\"noreferrer noopener\">click aici<\/a>.<\/li>\n\n\n\n<li>Raport privind evaluarea personalului didactic \u0219i a satisfac\u021biei studen\u021bilor pe semestrul II &#8211; <a href=\"https:\/\/drive.google.com\/file\/d\/178Ff0wYOCss9qaSXU9-pr-LeVc_tsaHa\/view?usp=sharing\" target=\"_blank\" rel=\"noreferrer noopener\">click aici<\/a>.<\/li>\n<\/ul>\n<\/li>\n\n\n\n<li><strong>2022-2023<\/strong>\n<ul class=\"wp-block-list\">\n<li>Raport privind evaluarea personalului didactic \u0219i a satisfac\u021biei studen\u021bilor pe semestrul I &#8211; <a href=\"https:\/\/drive.google.com\/file\/d\/1cMhLmsWj0NcHMQrlBhzEcC7sKiYRENtQ\/view?usp=drive_link\" target=\"_blank\" rel=\"noreferrer noopener\">click aici<\/a>.<\/li>\n\n\n\n<li>Raport privind evaluarea personalului didactic \u0219i a satisfac\u021biei studen\u021bilor pe semestrul II &#8211; <a href=\"https:\/\/drive.google.com\/file\/d\/1oHcfxNCHTJu1CrQJ4U6g6b_1vI7G4xbz\/view?usp=drive_link\" target=\"_blank\" rel=\"noreferrer noopener\">click aici<\/a>.<\/li>\n<\/ul>\n<\/li>\n\n\n\n<li><strong>2021-2022<\/strong>\n<ul class=\"wp-block-list\">\n<li>Raport privind evaluarea personalului didactic \u0219i a satisfac\u021biei studen\u021bilor pe semestrul I &#8211; <a href=\"https:\/\/drive.google.com\/file\/d\/1iAVNofcWX7ofukQjtFx5l8iQv29tC7Bq\/view?usp=drive_link\" target=\"_blank\" rel=\"noreferrer noopener\">click aici<\/a>.<\/li>\n\n\n\n<li>Raport privind evaluarea personalului didactic \u0219i a satisfac\u021biei studen\u021bilor pe semestrul II &#8211; <a href=\"https:\/\/drive.google.com\/file\/d\/1w--Ks4qMfJuGJY1vEC2Xn8FyMTNA5Ep7\/view?usp=drive_link\">cl<\/a><a href=\"https:\/\/drive.google.com\/file\/d\/1w--Ks4qMfJuGJY1vEC2Xn8FyMTNA5Ep7\/view?usp=drive_link\" target=\"_blank\" rel=\"noreferrer noopener\">ick aici<\/a>.<\/li>\n<\/ul>\n<\/li>\n\n\n\n<li><strong>2020-2021<\/strong>\n<ul class=\"wp-block-list\">\n<li>Raport privind evaluarea personalului didactic \u0219i a satisfac\u021biei studen\u021bilor pe semestrul I &#8211; <a href=\"https:\/\/drive.google.com\/file\/d\/1M6iF4ondoaD4LwWzhuLShntZL2RUjRD1\/view?usp=drive_link\" target=\"_blank\" rel=\"noreferrer noopener\">click aici<\/a>.<\/li>\n\n\n\n<li>Raport privind evaluarea personalului didactic \u0219i a satisfac\u021biei studen\u021bilor pe semestrul II &#8211; <a href=\"https:\/\/drive.google.com\/file\/d\/138akSNo4ahwQu10YJRq5PUbZePS1BSY0\/view?usp=drive_link\" target=\"_blank\" rel=\"noreferrer noopener\">click aici<\/a>.<\/li>\n<\/ul>\n<\/li>\n\n\n\n<li><strong>2019-2020<\/strong>\n<ul class=\"wp-block-list\">\n<li>Raport privind evaluarea personalului didactic \u0219i a satisfac\u021biei studen\u021bilor pe semestrul I &#8211; <a href=\"https:\/\/drive.google.com\/file\/d\/1FrHLG4agmwhYkz99uS4pSxSWoTvz-cbx\/view?usp=drive_link\" target=\"_blank\" rel=\"noreferrer noopener\">click aici<\/a>.<\/li>\n\n\n\n<li>Raport privind evaluarea personalului didactic \u0219i a satisfac\u021biei studen\u021bilor pe semestrul II &#8211; <a href=\"https:\/\/drive.google.com\/file\/d\/16GgJoq-xG6zt3ktu9o5i_-j8e5K4cm1Q\/view?usp=drive_link\" target=\"_blank\" rel=\"noreferrer noopener\">click aici<\/a>.<\/li>\n<\/ul>\n<\/li>\n\n\n\n<li><strong>2018-2019<\/strong>\n<ul class=\"wp-block-list\">\n<li>Raport privind evaluarea personalului didactic \u0219i a satisfac\u021biei studen\u021bilor pe semestrul I &#8211; <a href=\"https:\/\/drive.google.com\/file\/d\/1PAec0lOi1co5m5CIBjR-2YHzIYcdpy6e\/view?usp=sharing\" target=\"_blank\" rel=\"noreferrer noopener\">click aici<\/a>.<\/li>\n\n\n\n<li>Raport privind evaluarea personalului didactic \u0219i a satisfac\u021biei studen\u021bilor pe semestrul II &#8211; <a href=\"https:\/\/drive.google.com\/file\/d\/1Vi1DQWzAflOUcoEGZBIyd3R0DX-4N-Oq\/view?usp=drive_link\" target=\"_blank\" rel=\"noreferrer noopener\">click aici<\/a>.<\/li>\n<\/ul>\n<\/li>\n<\/ul>\n\n\n\n<hr class=\"wp-block-separator has-alpha-channel-opacity\"\/>\n\n\n\n<h2 class=\"wp-block-heading has-text-align-center\">Rapoartele Comisiei de etic\u0103 din cadrul <br>Univerist\u0103\u021bii George Bacovia din Bac\u0103u<\/h2>\n\n\n\n<p>Raportul Comisiei de etic\u0103 pentru anul 2024 &#8211; <a href=\"https:\/\/drive.google.com\/file\/d\/1NNeuF6lW1UGQIyDfY7pyAs_jmFTMV-aW\/view?usp=drive_link\" target=\"_blank\" rel=\"noreferrer noopener\">click aici<\/a>.<\/p>\n\n\n\n<p>Raportul Comisiei de etic\u0103 pentru anul 2023 &#8211; <a href=\"https:\/\/drive.google.com\/file\/d\/1qqIzZ3mkbToXjN17te_4pDUojsfyZdHC\/view?usp=drive_link\" target=\"_blank\" rel=\"noreferrer noopener\">click aici<\/a>.<\/p>\n\n\n\n<p>Raportul Comisiei de etic\u0103 pentru anul 2022 &#8211; <a href=\"https:\/\/drive.google.com\/file\/d\/1IvO27P2qdf1CLd9TCKhS2BUjbm0-gDjI\/view?usp=drive_link\" target=\"_blank\" rel=\"noreferrer noopener\">click aici<\/a>.<\/p>\n\n\n\n<p>Raportul Comisiei de etic\u0103 pentru anul 2021 &#8211; <a href=\"https:\/\/drive.google.com\/file\/d\/1b2gcOB4T3boTeRgNBxVxvOARtJesec0V\/view?usp=drive_link\" target=\"_blank\" rel=\"noreferrer noopener\">click aici<\/a>.<\/p>\n\n\n\n<p>Raportul Comisiei de etic\u0103 pentru anul 2020 &#8211; <a href=\"https:\/\/drive.google.com\/file\/d\/1QdDRSvBZX5mRDnXGGoR81Bo1MO9l_U8e\/view?usp=drive_link\" target=\"_blank\" rel=\"noreferrer noopener\">click aici<\/a>.<\/p>\n\n\n\n<p>Raportul Comisiei de etic\u0103 pentru anul 2019 &#8211; <a href=\"https:\/\/drive.google.com\/file\/d\/1asxWZIglKpxnj4RzImGu14avCgcpYWQl\/view?usp=drive_link\" target=\"_blank\" rel=\"noreferrer noopener\">click aici<\/a>.<\/p>\n\n\n\n<p>Raportul Comisiei de etic\u0103 pentru anul 2018 &#8211; <a href=\"https:\/\/drive.google.com\/file\/d\/15JFn5fHryybN60cYO0f0xJrb3DhgoW8p\/view?usp=drive_link\" target=\"_blank\" rel=\"noreferrer noopener\">click aici<\/a>.<\/p>\n\n\n\n<hr class=\"wp-block-separator has-alpha-channel-opacity\"\/>\n\n\n\n<p><\/p>\n","protected":false},"excerpt":{"rendered":"<p>Raport de evaluare intern\u0103 \u00een vederea autoriz\u0103rii provizorii a programului de studii universitare de licen\u021b\u0103 ASISTEN\u021a\u0102 MEDICAL\u0102 GENERAL\u0102 &#8211; click aici. \u00ae Raport de evaluare&hellip;<\/p>\n","protected":false},"author":1,"featured_media":0,"parent":0,"menu_order":0,"comment_status":"closed","ping_status":"closed","template":"","meta":{"footnotes":""},"class_list":["post-782","page","type-page","status-publish","hentry"],"_links":{"self":[{"href":"https:\/\/www.ugb.ro\/index.php\/wp-json\/wp\/v2\/pages\/782","targetHints":{"allow":["GET"]}}],"collection":[{"href":"https:\/\/www.ugb.ro\/index.php\/wp-json\/wp\/v2\/pages"}],"about":[{"href":"https:\/\/www.ugb.ro\/index.php\/wp-json\/wp\/v2\/types\/page"}],"author":[{"embeddable":true,"href":"https:\/\/www.ugb.ro\/index.php\/wp-json\/wp\/v2\/users\/1"}],"replies":[{"embeddable":true,"href":"https:\/\/www.ugb.ro\/index.php\/wp-json\/wp\/v2\/comments?post=782"}],"version-history":[{"count":70,"href":"https:\/\/www.ugb.ro\/index.php\/wp-json\/wp\/v2\/pages\/782\/revisions"}],"predecessor-version":[{"id":1883,"href":"https:\/\/www.ugb.ro\/index.php\/wp-json\/wp\/v2\/pages\/782\/revisions\/1883"}],"wp:attachment":[{"href":"https:\/\/www.ugb.ro\/index.php\/wp-json\/wp\/v2\/media?parent=782"}],"curies":[{"name":"wp","href":"https:\/\/api.w.org\/{rel}","templated":true}]}}