{"id":78,"date":"2020-05-11T15:55:47","date_gmt":"2020-05-11T15:55:47","guid":{"rendered":"https:\/\/site.ugb.ro\/?page_id=78"},"modified":"2026-03-31T05:35:24","modified_gmt":"2026-03-31T05:35:24","slug":"proiecte-si-granturi","status":"publish","type":"page","link":"https:\/\/www.ugb.ro\/index.php\/cercetare-stiintifica\/proiecte-si-granturi\/","title":{"rendered":"Proiecte \u0219i granturi"},"content":{"rendered":"\n<h2 class=\"wp-block-heading\"><strong>INCLUZIUNE SOCIAL\u0102 \u0218I PROFESIONAL\u0102 PRIN \u00ceNTREPRINDERI SOCIALE<\/strong><\/h2>\n\n\n\n<p><a href=\"https:\/\/incluziune.ugb.ro\/\" target=\"_blank\" rel=\"noreferrer noopener\">https:\/\/incluziune.ugb.ro\/<\/a><\/p>\n\n\n\n<p>\u00cencep\u00e2nd cu data de 1 octombrie 2024, Universitatea \u201eGeorge Bacovia\u201d din Bac\u0103u (lider de proiect) implementeaz\u0103, \u00een parteneriat cu Centrul pentru Afaceri Solidare SRL Bucure\u0219ti \u0219i CIT-IRECSON Centrul de Informare Tehnologic\u0103,&nbsp; proiectul \u201eIncluziune social\u0103 \u0219i profesional\u0103 prin \u00eentreprinderi sociale\u201d, cofinan\u021bat din FONDUL SOCIAL EUROPEAN+, Programul Educa\u021bie \u0219i Ocupare 2021 \u2013 2027, Cod Apel: PEO\/103\/PEO_P4\/OP4\/ESO4.1\/PEO_A52, Cod Proiect: 310411.&nbsp;<\/p>\n\n\n\n<p>Proiectul se deruleaz\u0103 \u00een perioada 1 octombrie 2024 \u2013 31 decembrie 2026 cu un buget de 14.870.427,31 lei (din care 14.709.873,24 lei asisten\u021b\u0103 financiar\u0103 nerambursabil\u0103 \u0219i 160.554,07 lei cofinan\u021bare).<\/p>\n\n\n\n<hr class=\"wp-block-separator has-alpha-channel-opacity\"\/>\n\n\n\n<h2 class=\"wp-block-heading\"><strong>EDUCA\u021aIE PENTRU DEZVOLTARE DURABIL\u0102 \u0218I INCLUZIUNE<\/strong><\/h2>\n\n\n\n<p><a href=\"https:\/\/si-edu.eu\">https:\/\/si-edu.eu<\/a><\/p>\n\n\n\n<p>Universitatea George Bacovia din Bac\u0103u este partener \u00een cadrul proiectului <strong>Sustainable Inclusive Education &#8211; 2023-1-FR01-KA220-SCH-000155738<\/strong> finan\u0163at de Uniunea European\u0103 prin programul Erasmus+, Ac\u0163iunea cheie KA 220 SCH &#8211; Proiecte de cooperare \u00een domeniul educa\u0163iei \u0219colare<br>\u00cen cadrul proiectului au fost realizate curricula \u0219i materialele didactice (planurile de lec\u0163ie, materiale de predare, studii de caz, colec\u021bie de materiale video online, propuneri de activit\u0103\u021bi \u0219i proiecte de grup, bune practici etc.) pentru disciplina op\u021bional\u0103 Sustainable Inclusive Education (Educa\u021bie pentru Dezvoltare Durabil\u0103 \u0219i Incluziune).<br>Resursele didactice sunt disponibile pe site-ul proiectului \u00een limba englez\u0103 \u0219i \u00een toate limbile partenerilor pentru a putea fi utilizate de c\u0103tre cadrele didactice interesate \u00een dezvoltarea unor lec\u021bii \u0219i activit\u0103\u021bi pe tema dezvolt\u0103rii durabile \u0219i a incluziunii.<br>Cadrele didactice care sunt interesate de materialele didactice \u00een format editabil sunt rugate s\u0103 contacteze radu.florea@ugb.ro<br><\/p>\n\n\n\n<p>Comunicat de pres\u0103 &#8211; <a href=\"https:\/\/drive.google.com\/file\/d\/1euJIE9DRZBlTqzddFeUhYuQ5Iehb-sPU\/view?usp=drive_link\" target=\"_blank\" rel=\"noreferrer noopener\">click aici<\/a><br>Informa\u021bii suplimentare prezentare proiect RO &#8211; <a href=\"https:\/\/docs.google.com\/presentation\/d\/1TW0yH6Gx1EjQYcNK7f2hHVPUtdRmdaI0\/edit?usp=drive_link&amp;ouid=108872938408157137515&amp;rtpof=true&amp;sd=true\" target=\"_blank\" rel=\"noreferrer noopener\">click aici<\/a><br>Informa\u021bii suplimentare prezentare proiect EN &#8211; <a href=\"https:\/\/docs.google.com\/presentation\/d\/1mjmY2Pk18mUhYb8ULT1FjdNMNzu-_3Ke\/edit?usp=drive_link&amp;ouid=108872938408157137515&amp;rtpof=true&amp;sd=true\" target=\"_blank\" rel=\"noreferrer noopener\">click aici<\/a><\/p>\n\n\n\n<hr class=\"wp-block-separator has-alpha-channel-opacity\"\/>\n\n\n\n<h2 class=\"wp-block-heading\"><strong>TRANSFORMAREA DIGITAL\u0102 \u2013 CALEA SPRE UN VIITOR DE SUCCES<\/strong><\/h2>\n\n\n\n<p><a href=\"https:\/\/digitalizare.ugb.ro\/\" target=\"_blank\" rel=\"noreferrer noopener\">https:\/\/digitalizare.ugb.ro\/<\/a><\/p>\n\n\n\n<p class=\"has-text-align-left\">Universitatea \u201eGeorge Bacovia\u201d din Bac\u0103u, \u00een calitate de beneficiar, anun\u021b\u0103 demararea proiectului&nbsp;<strong>Transformarea digital\u0103 \u2013 calea spre un viitor de succes<\/strong>, aprobat prin Ordinul ministrului educa\u021biei nr. 4168\/30.06.2022, cod Proiect 375130608.<\/p>\n\n\n\n<p class=\"has-text-align-left\">Obiectivul general al proiectului const\u0103 \u00een crearea infrastructurii digitale (echipamente, aplica\u021bii, platforme, software etc.) \u00een vederea \u00eembun\u0103t\u0103\u021birii comunic\u0103rii dintre studen\u021bi \u0219i Universitate, crearea condi\u021biilor pentru lucru \u00een echip\u0103 \u00een spa\u021biul virtual (\u00een procesele de predare, \u00eenv\u0103\u021bare, evaluare pentru \u00eenv\u0103\u021b\u0103m\u00e2nt online, la distan\u021b\u0103 sau\/\u0219i hibrid), \u00eembun\u0103t\u0103\u021birea con\u021binuturilor materialelor de predare, accesul la baze de date interna\u021bionale \u00een vederea intensific\u0103rii cercet\u0103rii \u0219i la instrumente digitale care s\u0103 faciliteze accesul la \u00eenv\u0103\u021bare a studen\u021bilor, masteranzilor netradi\u021bionali \/ cu dizabilit\u0103\u021bi \/ din medii defavorizate. Prin proiect se vor asigura competen\u021be digitale relevante \u0219i avansate pentru studen\u021bi, masteranzi, personal didactic, didactic auxiliar \u0219i de cercetare. De asemenea, se vor actualiza \u0219i dezvolta noi programe de studii \u0219i cursuri de formare \u00een vederea dob\u00e2ndirii de c\u0103tre studen\u021bi, masteranzi a unor competen\u021be specifice profesiilor emergente \u0219i a consolid\u0103rii competen\u021belor antreprenoriale \u00een sectorul digital, fapt ce va contribui la cre\u0219terea angajabilit\u0103\u021bii pe pia\u021ba muncii a absolven\u021bilor, inclusiv \u00een profesiile digitale ale viitorului.<\/p>\n\n\n\n<p>Comunicat de pres\u0103 la finalizarea proiectului &#8211; <a href=\"https:\/\/drive.google.com\/file\/d\/1cd9adx7ZPgDEKwXq2FcpdKMqL4Cy5Ony\/view?usp=drive_link\" target=\"_blank\" rel=\"noreferrer noopener\">click aici<\/a>.<\/p>\n\n\n\n<p>Comunicat de pres\u0103 la \u00eenceperea proiectului &#8211; <a href=\"https:\/\/drive.google.com\/file\/d\/1H6b_vhQhyQVDsa6td2oA8nMCF7BV5M_8\/view?usp=drive_link\" target=\"_blank\" rel=\"noreferrer noopener\">click aici<\/a>.<\/p>\n\n\n\n<hr class=\"wp-block-separator has-alpha-channel-opacity\"\/>\n\n\n\n<h2 class=\"wp-block-heading\">UN PAS SPRE VIITOR PRIN AC\u021aIUNE \u0218I INOVARE<\/h2>\n\n\n\n<p><a href=\"https:\/\/innotech.ugb.ro\/\">https:\/\/innotech.ugb.ro\/<\/a><\/p>\n\n\n\n<p>Universitatea \u201eGeorge Bacovia\u201d din Bac\u0103u, \u00een calitate de beneficiar, \u00een parteneriat cu&nbsp;<a rel=\"noreferrer noopener\" href=\"http:\/\/www.google.com\/url?q=http%3A%2F%2Fromuluscenter.ro&amp;sa=D&amp;sntz=1&amp;usg=AFQjCNGUQOtqOGKEcWNuRQUvDyTCZHL6GQ\" target=\"_blank\">Centrul pentru Afaceri Solidare SRL<\/a>&nbsp;\u0219i&nbsp;<a rel=\"noreferrer noopener\" href=\"http:\/\/www.google.com\/url?q=http%3A%2F%2Fcit.irecson.ro&amp;sa=D&amp;sntz=1&amp;usg=AFQjCNEpol7RlGBk7OXWCglGQwowEslBag\" target=\"_blank\">CIT &#8211; IRECSON Centrul de Informare Tehnologic\u0103 SRL<\/a>&nbsp;a demarat proiectul \u201eUn pas spre viitor prin ac\u021biune \u0219i inovare\u201d cod SMIS 2014+:142182.<\/p>\n\n\n\n<p>Obiectivul general al proiectului const\u0103 \u00een dezvoltarea antreprenorialului \u00een Regiunea de Nord-Est prin stimularea ini\u021biativei antreprenoriale \u00een r\u00e2ndul a 350 studen\u021bi ((ISCED 5-7) \u00eenmatricula\u021bi cel pu\u021bin \u00een anul 2 de studii de licen\u021b\u0103, studen\u021bi doctoranzi, cursan\u021bi (ISCED 4, nivel de calificare 5) \u00eenmatricula\u021bi cel pu\u021bin \u00een anul 2 de studii \u00een colegiile organizate la nivelul institu\u021biilor de \u00eenv\u0103\u021b\u0103m\u00e2nt superior), prin sprijinirea lor pentru \u00eenfiin\u021barea de afaceri inclusiv prin oferirea unui suport financiar sub forma de grant (schema de minimis), pentru 18 afaceri. Prin proiect se dezvolt\u0103 oportunit\u0103\u021bi de \u00eenfiin\u021bare de noi afaceri inovative (inclusiv proiecte de tip start-up \u0219i spin-off inovativ) ce vor genera pe termen scurt \u0219i lung noi locuri de munc\u0103, fapt ce va contribui la cre\u0219terea competitivit\u0103\u021bii regiunii \u0219i la dezvoltarea inteligent\u0103 a unui mediu economic durabil, datorit\u0103 asisten\u021bei \u0219i activit\u0103\u021bilor de sprijin derulate \u00een cadrul proiectului, prin intermediul parteneriatului.<\/p>\n\n\n\n<p>Scopul final al proiectului este ca prin educa\u021bie non-formal\u0103 antreprenorial\u0103 \u00een r\u00e2ndul studen\u021bilor din grupul \u021bint\u0103, bazat\u0103 pe inovare \u0219i transfer tehnologic, s\u0103 creasc\u0103 abilitatea acestora de a materializa ideile de afaceri la nivelul regiunii Nord-Est, acest fapt realiz\u00e2ndu-se prin promovarea culturii antreprenoriale bazat\u0103 pe inovare (formare de competen\u021be antreprenoriale), sus\u021binerea \u0219i sprijinirea noilor afaceri \u00eenfiin\u021bate, ceea ce va contribui la facilitarea inser\u021biei lor pe pia\u021ba muncii \u0219i \u00een final la atingerea obiectivului specific 6.13-Axa prioritara 6.<\/p>\n\n\n\n<hr class=\"wp-block-separator has-css-opacity\"\/>\n\n\n\n<h2 class=\"wp-block-heading\">PROF 2.0<\/h2>\n\n\n\n<p><a href=\"https:\/\/stiintescu.ugb.ro\/\" target=\"_blank\" rel=\"noreferrer noopener\">https:\/\/stiintescu.ugb.ro\/<\/a><\/p>\n\n\n\n<p>De\u0219i a trecut un an \u0219i jum\u0103tate de pandemie, \u0219coala rom\u00e2neasc\u0103 \u00eenc\u0103 sufer\u0103 din punctul de vedere al \u00eenv\u0103\u021b\u0103rii online. Probleme sunt pe toate direc\u021biile:<\/p>\n\n\n\n<ul class=\"wp-block-list\">\n<li>infrastructur\u0103,<\/li>\n\n\n\n<li>preg\u0103tirea cadrelor didactice,<\/li>\n\n\n\n<li>lipsurile materiale ale elevilor.<\/li>\n<\/ul>\n\n\n\n<p>Proiectul&nbsp;<strong>Prof 2.0&nbsp;<\/strong>\u00ee\u0219i propune realizarea unor sesiuni de preg\u0103tire\/instruire privind metodele \u0219i instrumentele de predare online dedicate cadrelor didactice din \u00eenv\u0103\u021b\u0103m\u00e2ntul preuniversitar din jude\u021bul Bac\u0103u \u0219i elaborarea unui ghid privind utilizarea instrumentelor de predare online ce va fi distribuit gratuit (\u00een format electronic) cadrelor didactice din \u00eenv\u0103\u021b\u0103m\u00e2ntul preuniversitar interesate.<\/p>\n\n\n\n<p>Se vor organiza dou\u0103 sesiuni de formare pentru un num\u0103r total de 30 de cadre didactice.<\/p>\n\n\n\n<p>De asemenea, vom organiza un concurs de proiecte de lec\u021bii on-line adresat cadrelor didactice din \u00eenv\u0103\u021b\u0103m\u00e2ntul preuniversitar din jude\u021bul Bac\u0103u, \u00een cadrul c\u0103ruia vom acorda trei premii a c\u00e2te 500 lei fiecare.<\/p>\n\n\n\n<p>Universitatea George Bacovia din Bac\u0103u va pune la dispozi\u021bie spa\u021biul necesar desf\u0103\u0219ur\u0103rii activit\u0103\u021bilor proiectului (sal\u0103 de conferin\u021be, laborator dotat cu echipamente IT), resurse educa\u021bionale specifice procesului de formare (acces la internet, resurse bibliografice etc).<\/p>\n\n\n\n<blockquote class=\"wp-block-quote is-style-default is-layout-flow wp-block-quote-is-layout-flow\">\n<p>Proiect finan\u021bat de Funda\u021bia Comunitar\u0103 Bac\u0103u prin Fondul \u0218tiin\u021bescu, program dezvoltat \u00een parteneriat cu Romanian American Foundation \u0219i Federa\u021bia Funda\u021biile Comunitare din Rom\u00e2nia<\/p>\n<\/blockquote>\n","protected":false},"excerpt":{"rendered":"<p>INCLUZIUNE SOCIAL\u0102 \u0218I PROFESIONAL\u0102 PRIN \u00ceNTREPRINDERI SOCIALE https:\/\/incluziune.ugb.ro\/ \u00cencep\u00e2nd cu data de 1 octombrie 2024, Universitatea \u201eGeorge Bacovia\u201d din Bac\u0103u (lider de proiect) implementeaz\u0103, \u00een&hellip;<\/p>\n","protected":false},"author":1,"featured_media":0,"parent":159,"menu_order":0,"comment_status":"closed","ping_status":"closed","template":"","meta":{"footnotes":""},"class_list":["post-78","page","type-page","status-publish","hentry"],"_links":{"self":[{"href":"https:\/\/www.ugb.ro\/index.php\/wp-json\/wp\/v2\/pages\/78","targetHints":{"allow":["GET"]}}],"collection":[{"href":"https:\/\/www.ugb.ro\/index.php\/wp-json\/wp\/v2\/pages"}],"about":[{"href":"https:\/\/www.ugb.ro\/index.php\/wp-json\/wp\/v2\/types\/page"}],"author":[{"embeddable":true,"href":"https:\/\/www.ugb.ro\/index.php\/wp-json\/wp\/v2\/users\/1"}],"replies":[{"embeddable":true,"href":"https:\/\/www.ugb.ro\/index.php\/wp-json\/wp\/v2\/comments?post=78"}],"version-history":[{"count":11,"href":"https:\/\/www.ugb.ro\/index.php\/wp-json\/wp\/v2\/pages\/78\/revisions"}],"predecessor-version":[{"id":1880,"href":"https:\/\/www.ugb.ro\/index.php\/wp-json\/wp\/v2\/pages\/78\/revisions\/1880"}],"up":[{"embeddable":true,"href":"https:\/\/www.ugb.ro\/index.php\/wp-json\/wp\/v2\/pages\/159"}],"wp:attachment":[{"href":"https:\/\/www.ugb.ro\/index.php\/wp-json\/wp\/v2\/media?parent=78"}],"curies":[{"name":"wp","href":"https:\/\/api.w.org\/{rel}","templated":true}]}}