{"id":76,"date":"2020-05-11T15:55:29","date_gmt":"2020-05-11T15:55:29","guid":{"rendered":"https:\/\/site.ugb.ro\/?page_id=76"},"modified":"2026-03-11T07:52:25","modified_gmt":"2026-03-11T07:52:25","slug":"diseminarea_cercetare","status":"publish","type":"page","link":"https:\/\/www.ugb.ro\/index.php\/cercetare-stiintifica\/diseminarea_cercetare\/","title":{"rendered":"Diseminarea cercet\u0103rii"},"content":{"rendered":"\n<h3 class=\"wp-block-heading\"><strong>Planificarea cercet\u0103rii \u0219tiin\u021bifice<\/strong><\/h3>\n\n\n\n<ul class=\"wp-block-list\">\n<li>Plan de cercetare \u0219tiin\u021bific\u0103 pe anul 2026 \u00een cadrul Universitatii &#8222;George Bacovia&#8221; din Bac\u0103u &#8211; Colectivul de \u0218tiin\u021be Economice \u0219i Administrative &#8211; <a href=\"https:\/\/drive.google.com\/file\/d\/1P_GgOt-cS7t0LxA7jtF5HUW_Pgudz4Hn\/view?usp=drive_link\" target=\"_blank\" rel=\"noreferrer noopener\">click aici<\/a>.<\/li>\n\n\n\n<li>Plan de cercetare stiintifica pe anul 2026 \u00een cadrul Universitatii &#8222;George Bacovia&#8221; din Bacau &#8211; Colectivul de Drept &#8211; <a href=\"https:\/\/drive.google.com\/file\/d\/1gz2PAPs9c1Ccq4YKRZluQT4VqXXLwYnC\/view?usp=sharing\" target=\"_blank\" rel=\"noreferrer noopener\"><\/a><a href=\"https:\/\/drive.google.com\/file\/d\/1ZNzG6ZR6UwVok-Wr-9CFc_K8uMneDgZU\/view?usp=drive_link\" target=\"_blank\" rel=\"noreferrer noopener\">click aici<\/a>.<\/li>\n\n\n\n<li>Plan de cercetare \u0219tiin\u021bific\u0103 pe anul 2025 \u00een cadrul Universitatii &#8222;George Bacovia&#8221; din Bac\u0103u &#8211; Colectivul de \u0218tiin\u021be Economice \u0219i Administrative &#8211; <a href=\"https:\/\/drive.google.com\/file\/d\/1dmMhRQs9HlWYR4ybLgrbiZdy-QVxmkEK\/view?usp=drive_link\" target=\"_blank\" rel=\"noreferrer noopener\">click aici<\/a>.<\/li>\n\n\n\n<li>Plan de cercetare stiintifica pe anul 2025 \u00een cadrul Universitatii &#8222;George Bacovia&#8221; din Bacau &#8211; Colectivul de Drept &#8211; <a href=\"https:\/\/drive.google.com\/file\/d\/1gz2PAPs9c1Ccq4YKRZluQT4VqXXLwYnC\/view?usp=sharing\" target=\"_blank\" rel=\"noreferrer noopener\"><\/a><a href=\"https:\/\/drive.google.com\/file\/d\/1pz-0iCXsjfqhrKSOee5VPQXOpse47E5r\/view?usp=drive_link\" target=\"_blank\" rel=\"noreferrer noopener\">click aici<\/a>.<\/li>\n\n\n\n<li>Plan de cercetare \u0219tiin\u021bific\u0103 pe anul 2024 \u00een cadrul Universitatii &#8222;George Bacovia&#8221; din Bac\u0103u &#8211; Colectivul de \u0218tiin\u021be Economice \u0219i Administrative &#8211; <a href=\"https:\/\/drive.google.com\/file\/d\/1sbto8b0xCp7FxLuZCGNXyG2hYatM03iK\/view?usp=drive_link\" target=\"_blank\" rel=\"noreferrer noopener\">click aici<\/a>.<\/li>\n\n\n\n<li>Plan de cercetare stiintifica pe anul 2024 \u00een cadrul Universitatii &#8222;George Bacovia&#8221; din Bacau &#8211; Colectivul de Drept &#8211; <a href=\"https:\/\/drive.google.com\/file\/d\/1gz2PAPs9c1Ccq4YKRZluQT4VqXXLwYnC\/view?usp=sharing\" target=\"_blank\" rel=\"noreferrer noopener\"><\/a><a href=\"https:\/\/drive.google.com\/file\/d\/1jdoAqVcpxUmOsZGOEV77Qrsxyf5OdouY\/view?usp=drive_link\" target=\"_blank\" rel=\"noreferrer noopener\">click aici<\/a>.<\/li>\n\n\n\n<li>Plan de cercetare \u0219tiin\u021bific\u0103 pe anul 2023 \u00een cadrul Universitatii &#8222;George Bacovia&#8221; din Bac\u0103u &#8211; Colectivul de \u0218tiin\u021be Economice \u0219i Administrative &#8211; <a href=\"https:\/\/drive.google.com\/file\/d\/11yobsDEs59QTKj_OJQ7nlFSAp8622tJH\/view?usp=share_link\" target=\"_blank\" rel=\"noreferrer noopener\">click aici<\/a>.<\/li>\n\n\n\n<li>Plan de cercetare stiintifica pe anul 2023 \u00een cadrul Universitatii &#8222;George Bacovia&#8221; din Bacau &#8211; Colectivul de Drept &#8211; <a href=\"https:\/\/drive.google.com\/file\/d\/1gz2PAPs9c1Ccq4YKRZluQT4VqXXLwYnC\/view?usp=sharing\" target=\"_blank\" rel=\"noreferrer noopener\"><\/a><a href=\"https:\/\/drive.google.com\/file\/d\/1mSuX-jyDqrlCTa0xOWp2vEAdeqAu5Bpv\/view?usp=drive_link\" target=\"_blank\" rel=\"noreferrer noopener\">click aici<\/a>.<\/li>\n\n\n\n<li>Plan de cercetare \u0219tiin\u021bific\u0103 pe anul 2022 \u00een cadrul Universitatii &#8222;George Bacovia&#8221; din Bac\u0103u &#8211; Colectivul de \u0218tiin\u021be Economice \u0219i Administrative &#8211; <a href=\"https:\/\/drive.google.com\/file\/d\/14BKfWKLQ9C0fBzU8p7GIwG6pcu4QiYKT\/view?usp=sharing\" target=\"_blank\" rel=\"noreferrer noopener\">click aici<\/a>.<\/li>\n\n\n\n<li>Plan de cercetare stiintifica pe anul 2022 \u00een cadrul Universitatii &#8222;George Bacovia&#8221; din Bacau &#8211; Colectivul de Drept &#8211; <a href=\"https:\/\/drive.google.com\/file\/d\/1gz2PAPs9c1Ccq4YKRZluQT4VqXXLwYnC\/view?usp=sharing\" target=\"_blank\" rel=\"noreferrer noopener\"><\/a><a href=\"https:\/\/drive.google.com\/file\/d\/1ezlpL8Szkijbbno10p1aEiP8llIWMnyG\/view?usp=sharing\" target=\"_blank\" rel=\"noreferrer noopener\">click aici<\/a>.<\/li>\n\n\n\n<li>Plan de cercetare \u0219tiin\u021bific\u0103 pe anul 2021 \u00een cadrul Universitatii &#8222;George Bacovia&#8221; din Bac\u0103u &#8211; Colectivul de \u0218tiin\u021be Economice &#8211; <a href=\"https:\/\/drive.google.com\/file\/d\/1bJBUHdav4uffBcu1wJPS--KJfKh3qcrx\/view?usp=sharing\" target=\"_blank\" rel=\"noreferrer noopener\">click aici<\/a>.<\/li>\n\n\n\n<li>Plan de cercetare stiintifica pe anul 2021 \u00een cadrul Universitatii &#8222;George Bacovia&#8221; din Bacau &#8211; Colectivul de Drept &#8211; <a href=\"https:\/\/drive.google.com\/file\/d\/1gz2PAPs9c1Ccq4YKRZluQT4VqXXLwYnC\/view?usp=sharing\" target=\"_blank\" rel=\"noreferrer noopener\"><\/a><a href=\"https:\/\/drive.google.com\/file\/d\/1wGYTAVuKtMNyKArdfDl6BaA-SdP8dhUV\/view?usp=sharing\" target=\"_blank\" rel=\"noreferrer noopener\">click aici<\/a>.<\/li>\n\n\n\n<li>Plan de cercetare \u0219tiin\u021bific\u0103 pe anul 2020 \u00een cadrul Universitatii &#8222;George Bacovia&#8221; din Bac\u0103u &#8211; Colectivul de \u0218tiin\u021be Economice &#8211; <a href=\"https:\/\/drive.google.com\/file\/d\/1HDRuKJPfUrPaS40v1NrN5LuXzXbA4i0O\/view?usp=sharing\" target=\"_blank\" rel=\"noreferrer noopener\">click aici<\/a>.<\/li>\n\n\n\n<li>Plan de cercetare stiintifica pe anul 2020 \u00een cadrul Universitatii &#8222;George Bacovia&#8221; din Bacau &#8211; Colectivul de Drept &#8211; <a href=\"https:\/\/drive.google.com\/file\/d\/1gz2PAPs9c1Ccq4YKRZluQT4VqXXLwYnC\/view?usp=sharing\" target=\"_blank\" rel=\"noreferrer noopener\">click aici<\/a>.<\/li>\n\n\n\n<li>Plan de cercetare stiintifica pe anul 2019 \u00een cadrul Universitatii &#8222;George Bacovia&#8221; din Bacau &#8211; Colectivul de \u0218tiin\u021be Economice &#8211; <a href=\"https:\/\/drive.google.com\/file\/d\/1eZ4jrYIClOKTrG8XdxIyoLPyVwAPtexJ\/view?usp=sharing\" target=\"_blank\" rel=\"noreferrer noopener\">click aici<\/a>.<\/li>\n\n\n\n<li>Plan de cercetare stiintifica pe anul 2019 \u00een cadrul Universitatii &#8222;George Bacovia&#8221; din Bacau &#8211; Colectivul de Drept &#8211; <a href=\"https:\/\/drive.google.com\/file\/d\/1O7ufQS49WngFWCWzYqVuu9rzU6cVuuEt\/view?usp=sharing\" target=\"_blank\" rel=\"noreferrer noopener\">click aici<\/a>.<\/li>\n\n\n\n<li>Plan de cercetare stiintifica pe anul 2018 \u00een cadrul Universitatii &#8222;George Bacovia&#8221; din Bacau &#8211; Colectivul de \u0218tiin\u021be Economice &#8211; <a href=\"https:\/\/drive.google.com\/file\/d\/1L-px9xbsJHLj48HVK8ZqApliIroeEQRZ\/view?usp=sharing\" target=\"_blank\" rel=\"noreferrer noopener\">click aici<\/a>.<\/li>\n\n\n\n<li>Plan de cercetare stiintifica pe anul 2018 \u00een cadrul Universitatii &#8222;George Bacovia&#8221; din Bacau &#8211; Colectivul de Drept &#8211; <a href=\"https:\/\/drive.google.com\/file\/d\/1Q-a4-kFsZgZCFYRDAl69oforl75ZOfyL\/view?usp=sharing\" target=\"_blank\" rel=\"noreferrer noopener\">click aici<\/a>.<\/li>\n<\/ul>\n\n\n\n<h3 class=\"wp-block-heading\"><strong>Rapoarte de cercetare \u0219tiin\u021bific\u0103<\/strong><\/h3>\n\n\n\n<ul class=\"wp-block-list\">\n<li>Raport privind activitatea de cercetare \u0219tiin\u021bific\u0103 pe anul 2025 \u00een cadrul Universit\u0103\u021bii &#8222;George Bacovia&#8221; din Bac\u0103u &#8211; <a href=\"https:\/\/drive.google.com\/file\/d\/1EsmJoCruoADUj6NCTrK-NuSq5JBRCMgh\/view?usp=drive_link\" target=\"_blank\" rel=\"noreferrer noopener\">click aici<\/a>.<\/li>\n\n\n\n<li>Raport privind activitatea de cercetare \u0219tiin\u021bific\u0103 pe anul 2024 \u00een cadrul Universit\u0103\u021bii &#8222;George Bacovia&#8221; din Bac\u0103u &#8211; <a href=\"https:\/\/drive.google.com\/file\/d\/19nkx2L2FvvTOsMiikLbsU8T3lIvhOXRw\/view?usp=drive_link\" target=\"_blank\" rel=\"noreferrer noopener\">click aici<\/a>.<\/li>\n\n\n\n<li>Raport privind activitatea de cercetare \u0219tiin\u021bific\u0103 pe anul 2023 \u00een cadrul Universit\u0103\u021bii &#8222;George Bacovia&#8221; din Bac\u0103u &#8211; <a href=\"https:\/\/drive.google.com\/file\/d\/1WkIHhKs8-jU5uC2zwp-_PL-oPWaB8g6V\/view?usp=drive_link\" target=\"_blank\" rel=\"noreferrer noopener\">click aici<\/a>.<\/li>\n\n\n\n<li>Raport privind activitatea de cercetare \u0219tiin\u021bific\u0103 pe anul 2022 \u00een cadrul Universit\u0103\u021bii &#8222;George Bacovia&#8221; din Bac\u0103u &#8211; <a href=\"https:\/\/drive.google.com\/file\/d\/1tucVRJgNpq8N99WZOZOYTievA4oP-mwQ\/view?usp=share_link\" target=\"_blank\" rel=\"noreferrer noopener\">click aici<\/a>.<\/li>\n\n\n\n<li>Raport privind activitatea de cercetare \u0219tiin\u021bific\u0103 pe anul 2021 \u00een cadrul Universit\u0103\u021bii &#8222;George Bacovia&#8221; din Bac\u0103u &#8211; <a href=\"https:\/\/drive.google.com\/file\/d\/1RHzu2e05z01w7izYQ80YZvMRCTx17gPW\/view?usp=sharing\" target=\"_blank\" rel=\"noreferrer noopener\">click aici<\/a>.<\/li>\n\n\n\n<li>Raport privind activitatea de cercetare stiintifica pe anul 2020 \u00een cadrul Universitatii &#8222;George Bacovia&#8221; din Bacau &#8211; <a rel=\"noreferrer noopener\" href=\"https:\/\/drive.google.com\/file\/d\/1Ox6-KKL27_iZb1zJBM31gpw2pe7-2XAD\/view?usp=sharing\" target=\"_blank\">click aici<\/a>.<\/li>\n\n\n\n<li>Raport privind activitatea de cercetare stiintifica pe anul 2019 \u00een cadrul Universitatii &#8222;George Bacovia&#8221; din Bacau &#8211; <a rel=\"noreferrer noopener\" href=\"https:\/\/drive.google.com\/file\/d\/1DYRLsqyj1O00-EDn_23qZbFatN_YOTwb\/view?usp=sharing\" target=\"_blank\">click aici<\/a>.<\/li>\n\n\n\n<li>Raport privind activitatea de cercetare stiintifica pe anul 2018 \u00een cadrul Universitatii &#8222;George Bacovia&#8221; din Bacau &#8211; <a rel=\"noreferrer noopener\" href=\"https:\/\/drive.google.com\/file\/d\/1SU4TfBHXJgSugsUUWde5wyNAV4YYHyX2\/view?usp=sharing\" target=\"_blank\">click aici<\/a>.<\/li>\n\n\n\n<li>Raport privind activitatea de cercetare stiintifica pe anul 2017 \u00een cadrul Universitatii &#8222;George Bacovia&#8221; din Bacau &#8211; <a href=\"https:\/\/drive.google.com\/file\/d\/1pfQtMHZvZHpKIEen--WCwDU5JM4T9uOU\/view?usp=sharing\" target=\"_blank\" rel=\"noreferrer noopener\">click aici<\/a>.<\/li>\n<\/ul>\n\n\n\n<h3 class=\"wp-block-heading\"><strong>Valorificarea rezultatelor cercet\u0103rii \u00een cadrul Universit\u0103\u021bii George Bacovia din Bac\u0103u<\/strong><\/h3>\n\n\n\n<ul class=\"wp-block-list\">\n<li>Valorificarea rezultatelor cercet\u0103rii \u00een cadrul Universit\u0103\u021bii George Bacovia din Bac\u0103u &#8211; 2025\n<ul class=\"wp-block-list\">\n<li>Colectivul \u0218tiin\u021be economice \u0219i administrative &#8211; <a href=\"https:\/\/drive.google.com\/file\/d\/15OOiuI8qp9q5_jhT_7siKli1CPn24mQ8\/view?usp=drive_link\" target=\"_blank\" rel=\"noreferrer noopener\">click aici<\/a><\/li>\n\n\n\n<li>Colectivul \u0218tiin\u021be juridice &#8211; <a href=\"https:\/\/drive.google.com\/file\/d\/1zalYVjnP4YZEcVW9-BQgGY1Pj2jeU-Ls\/view?usp=drive_link\" target=\"_blank\" rel=\"noreferrer noopener\">click aici<\/a><\/li>\n<\/ul>\n<\/li>\n\n\n\n<li>Valorificarea rezultatelor cercet\u0103rii \u00een cadrul Universit\u0103\u021bii George Bacovia din Bac\u0103u &#8211; 2024\n<ul class=\"wp-block-list\">\n<li>Colectivul \u0218tiin\u021be economice \u0219i administrative &#8211; <a href=\"https:\/\/drive.google.com\/file\/d\/1YIxDmnQ65tDCIsnlvSFeDtmlmJUn4zPG\/view?usp=drive_link\" target=\"_blank\" rel=\"noreferrer noopener\">click aici<\/a><\/li>\n\n\n\n<li>Colectivul \u0218tiin\u021be juridice &#8211; <a href=\"https:\/\/drive.google.com\/file\/d\/1PTQQApezSy0xkTOT8IDh1KzxGk84j-gP\/view?usp=drive_link\" target=\"_blank\" rel=\"noreferrer noopener\">click aici<\/a><\/li>\n<\/ul>\n<\/li>\n\n\n\n<li>Valorificarea rezultatelor cercet\u0103rii \u00een cadrul Universit\u0103\u021bii George Bacovia din Bac\u0103u &#8211; 2023\n<ul class=\"wp-block-list\">\n<li>Colectivul \u0218tiin\u021be economice \u0219i administrative &#8211; <a href=\"https:\/\/drive.google.com\/file\/d\/1U5ceGELelNcHcNwmSr83x2yd3TgWISjV\/view?usp=drive_link\" target=\"_blank\" rel=\"noreferrer noopener\">click aici<\/a><\/li>\n\n\n\n<li>Colectivul \u0218tiin\u021be juridice &#8211; <a href=\"https:\/\/drive.google.com\/file\/d\/1iIYHx7fYtpbTrIe2GMqA408DnVyg8uga\/view?usp=drive_link\" target=\"_blank\" rel=\"noreferrer noopener\">click aici<\/a><\/li>\n<\/ul>\n<\/li>\n\n\n\n<li>Valorificarea rezultatelor cercet\u0103rii \u00een cadrul Universit\u0103\u021bii George Bacovia din Bac\u0103u &#8211; 2022\n<ul class=\"wp-block-list\">\n<li>Colectivul \u0218tiin\u021be economice \u0219i administrative &#8211; <a href=\"https:\/\/drive.google.com\/file\/d\/1oeF3EzfT_caNWqJPU6sckLyM5JmLpmVz\/view?usp=drive_link\" target=\"_blank\" rel=\"noreferrer noopener\">click aici<\/a><\/li>\n\n\n\n<li>Colectivul \u0218tiin\u021be juridice &#8211; <a href=\"https:\/\/drive.google.com\/file\/d\/1JtelehwHhXcl4ZojO-1oXVLTWzEvEK_I\/view?usp=drive_link\" target=\"_blank\" rel=\"noreferrer noopener\">click aici<\/a><\/li>\n<\/ul>\n<\/li>\n\n\n\n<li>Valorificarea rezultatelor cercet\u0103rii \u00een cadrul Universit\u0103\u021bii George Bacovia din Bac\u0103u &#8211; 2021\n<ul class=\"wp-block-list\">\n<li>Colectivul \u0218tiin\u021be economice \u0219i administrative &#8211; <a href=\"https:\/\/drive.google.com\/file\/d\/1fYrV98RHFdMoQdw-khoTUQeiC8wKK-DR\/view?usp=drive_link\" target=\"_blank\" rel=\"noreferrer noopener\">click aici<\/a><\/li>\n\n\n\n<li>Colectivul \u0218tiin\u021be juridice &#8211; <a href=\"https:\/\/drive.google.com\/file\/d\/1xmMAOwtIE9Nf66CTQSpVMnA0yWx9-LH5\/view?usp=drive_link\" target=\"_blank\" rel=\"noreferrer noopener\">click aici<\/a><\/li>\n<\/ul>\n<\/li>\n\n\n\n<li>Valorificarea rezultatelor cercet\u0103rii \u00een cadrul Universit\u0103\u021bii George Bacovia din Bac\u0103u &#8211; 2020\n<ul class=\"wp-block-list\">\n<li>Colectivul \u0218tiin\u021be economice \u0219i administrative &#8211; <a href=\"https:\/\/drive.google.com\/file\/d\/1HL0iz4RCqCHsr1vWYF7sJjh-RoJrI5rd\/view?usp=drive_link\" target=\"_blank\" rel=\"noreferrer noopener\">click aici<\/a><\/li>\n\n\n\n<li>Colectivul \u0218tiin\u021be juridice &#8211; <a href=\"https:\/\/drive.google.com\/file\/d\/1jXYpiqjyDP_KHXd3UsiMpAWycojDTeA6\/view?usp=drive_link\" target=\"_blank\" rel=\"noreferrer noopener\">click aici<\/a><\/li>\n<\/ul>\n<\/li>\n\n\n\n<li>Valorificarea rezultatelor cercet\u0103rii \u00een cadrul Universit\u0103\u021bii George Bacovia din Bac\u0103u &#8211; 2019\n<ul class=\"wp-block-list\">\n<li>Colectivul \u0218tiin\u021be economice \u0219i administrative &#8211; <a href=\"https:\/\/drive.google.com\/file\/d\/1hNKQVSO9XS1tG8LxYfh7DyjNtV6zWsAO\/view?usp=drive_link\" target=\"_blank\" rel=\"noreferrer noopener\">click aici<\/a><\/li>\n\n\n\n<li>Colectivul \u0218tiin\u021be juridice &#8211; <a href=\"https:\/\/drive.google.com\/file\/d\/1Kv-V0U5sZASpjMbAtMRdbQVLguYGSzEd\/view?usp=drive_link\" target=\"_blank\" rel=\"noreferrer noopener\">click aici<\/a><\/li>\n<\/ul>\n<\/li>\n\n\n\n<li>Valorificarea rezultatelor cercet\u0103rii \u00een cadrul Universit\u0103\u021bii George Bacovia din Bac\u0103u &#8211; 2018\n<ul class=\"wp-block-list\">\n<li>Colectivul \u0218tiin\u021be economice \u0219i administrative &#8211; <a href=\"https:\/\/drive.google.com\/file\/d\/19RFYOQ06SDnX0DjGMELyVTd6GSu1ldtv\/view?usp=drive_link\" target=\"_blank\" rel=\"noreferrer noopener\">click aici<\/a><\/li>\n\n\n\n<li>Colectivul \u0218tiin\u021be juridice &#8211; <a href=\"https:\/\/drive.google.com\/file\/d\/1onypYHOZhiYt_g82CIGsx9pl0_PsdoHA\/view?usp=drive_link\" target=\"_blank\" rel=\"noreferrer noopener\">click aici<\/a><\/li>\n<\/ul>\n<\/li>\n<\/ul>\n\n\n\n<h3 class=\"wp-block-heading\"><strong>Rezultatele cercet\u0103rii \u0219tiin\u021bifice<\/strong><\/h3>\n\n\n\n<ul class=\"wp-block-list\">\n<li>Rezultatele cercet\u0103rii \u0219tiin\u021bifice &#8211; 2016-2020 de c\u0103tre cadrele didactice care desf\u0103\u0219oar\u0103 activit\u0103\u021bi la programul de studii universitare de licenta Economia comer\u021bului, turismului \u0219i serviciilor &#8211; <a href=\"https:\/\/drive.google.com\/file\/d\/1iiqLL0CotKmomlNs6GVfhrV5DRPE-0zd\/view?usp=sharing\" target=\"_blank\" rel=\"noreferrer noopener\">click aici<\/a>.<\/li>\n\n\n\n<li>Rezultatele cercet\u0103rii \u0219tiin\u021bifice &#8211; 2016-2020 de c\u0103tre cadrele didactice care desf\u0103\u0219oar\u0103 activit\u0103\u021bi la programul de studii universitare de licenta Management &#8211; <a href=\"https:\/\/drive.google.com\/file\/d\/1k2MrMb0CHEkYzpFA_gq_U4kar19Me9YN\/view?usp=sharing\" target=\"_blank\" rel=\"noreferrer noopener\">click aici<\/a>.<\/li>\n\n\n\n<li>Articole publicate in reviste de specialitate indexate BDI 2015-2018 &#8211; <a href=\"https:\/\/drive.google.com\/file\/d\/19UpyTpfYtVx98Y7m6BX0SCqv2ZBgtBmB\/view?usp=sharing\" target=\"_blank\" rel=\"noreferrer noopener\">click aici<\/a>.<\/li>\n\n\n\n<li>Citari in reviste de specialitate cotate ISI 2015-2018 &#8211; <a href=\"https:\/\/drive.google.com\/file\/d\/1ym3hfsjQs3N20UsuWVa0tutTRs9x8fRq\/view?usp=sharing\" target=\"_blank\" rel=\"noreferrer noopener\">click aici<\/a>.<\/li>\n\n\n\n<li>Lucrari stiintifice prezentate la conferinte internationale 2015-2018 &#8211; <a href=\"https:\/\/drive.google.com\/file\/d\/1hqdIoStKjW0uH-Yn6DFm7Ej7Jot2uQiN\/view?usp=sharing\" target=\"_blank\" rel=\"noreferrer noopener\">click aici<\/a>.<\/li>\n\n\n\n<li>Lucrari stiintifice prezentate la conferinte nationale 2015-2018 &#8211; <a href=\"https:\/\/drive.google.com\/file\/d\/1bkx3fxehqieuhDYb-FCUYOJw-ITpQP0O\/view?usp=sharing\" target=\"_blank\" rel=\"noreferrer noopener\">click aici<\/a>.<\/li>\n\n\n\n<li>Lucrari stiintifice publicate in reviste cotate ISI 2015-2018 &#8211; <a href=\"https:\/\/drive.google.com\/file\/d\/1qr8GpPapc-y02rEG5V0HrqPdLJT_qOei\/view?usp=sharing\" target=\"_blank\" rel=\"noreferrer noopener\">click aici<\/a>.<\/li>\n\n\n\n<li>Lucrari stiintifice publicate in reviste ISI Proceedings 2015-2018 &#8211; <a href=\"https:\/\/drive.google.com\/file\/d\/1bcNr0iglE3IhzPG4WR_QsKlW0qQE7YYi\/view?usp=sharing\" target=\"_blank\" rel=\"noreferrer noopener\">click aici<\/a>.<\/li>\n\n\n\n<li>Lucrari stiintifice publicate in volumele unor conferinte nationale si internationale 2015-2018 &#8211; <a href=\"https:\/\/drive.google.com\/file\/d\/1mCs4ifaM1RRvR6u69VPPJnQdkktsRd1w\/view?usp=sharing\" target=\"_blank\" rel=\"noreferrer noopener\">click aici<\/a>.<\/li>\n\n\n\n<li>Membri in colectivele de redactie ale unor reviste 2015-2018 &#8211; <a href=\"https:\/\/drive.google.com\/file\/d\/1Sis6GtjSQ6i78AWezwCShOBWkjlZWSFG\/view?usp=sharing\" target=\"_blank\" rel=\"noreferrer noopener\">click aici<\/a>.<\/li>\n\n\n\n<li>Monografii, tratate, carti publicate de cadrele didactice din UGB 2015-2018 &#8211; <a href=\"https:\/\/drive.google.com\/file\/d\/1HDiC0JGVncTC5s8OqRuuyovt4zQ7xDyB\/view?usp=sharing\" target=\"_blank\" rel=\"noreferrer noopener\">click aici<\/a>.<\/li>\n<\/ul>\n\n\n\n<p><\/p>\n","protected":false},"excerpt":{"rendered":"<p>Planificarea cercet\u0103rii \u0219tiin\u021bifice Rapoarte de cercetare \u0219tiin\u021bific\u0103 Valorificarea rezultatelor cercet\u0103rii \u00een cadrul Universit\u0103\u021bii George Bacovia din Bac\u0103u Rezultatele cercet\u0103rii \u0219tiin\u021bifice<\/p>\n","protected":false},"author":1,"featured_media":0,"parent":159,"menu_order":0,"comment_status":"closed","ping_status":"closed","template":"","meta":{"footnotes":""},"class_list":["post-76","page","type-page","status-publish","hentry"],"_links":{"self":[{"href":"https:\/\/www.ugb.ro\/index.php\/wp-json\/wp\/v2\/pages\/76","targetHints":{"allow":["GET"]}}],"collection":[{"href":"https:\/\/www.ugb.ro\/index.php\/wp-json\/wp\/v2\/pages"}],"about":[{"href":"https:\/\/www.ugb.ro\/index.php\/wp-json\/wp\/v2\/types\/page"}],"author":[{"embeddable":true,"href":"https:\/\/www.ugb.ro\/index.php\/wp-json\/wp\/v2\/users\/1"}],"replies":[{"embeddable":true,"href":"https:\/\/www.ugb.ro\/index.php\/wp-json\/wp\/v2\/comments?post=76"}],"version-history":[{"count":29,"href":"https:\/\/www.ugb.ro\/index.php\/wp-json\/wp\/v2\/pages\/76\/revisions"}],"predecessor-version":[{"id":1856,"href":"https:\/\/www.ugb.ro\/index.php\/wp-json\/wp\/v2\/pages\/76\/revisions\/1856"}],"up":[{"embeddable":true,"href":"https:\/\/www.ugb.ro\/index.php\/wp-json\/wp\/v2\/pages\/159"}],"wp:attachment":[{"href":"https:\/\/www.ugb.ro\/index.php\/wp-json\/wp\/v2\/media?parent=76"}],"curies":[{"name":"wp","href":"https:\/\/api.w.org\/{rel}","templated":true}]}}