{"id":720,"date":"2021-03-17T15:30:37","date_gmt":"2021-03-17T15:30:37","guid":{"rendered":"https:\/\/www.ugb.ro\/?page_id=720"},"modified":"2025-05-14T12:01:24","modified_gmt":"2025-05-14T12:01:24","slug":"specializarea-management","status":"publish","type":"page","link":"https:\/\/www.ugb.ro\/index.php\/studii-2\/studii-de-licenta\/specializarea-management\/","title":{"rendered":"Specializarea Management"},"content":{"rendered":"\n<blockquote class=\"wp-block-quote is-style-default is-layout-flow wp-block-quote-is-layout-flow\">\n<p>Coordonator program: <strong>Conf. univ. Dr. Daniel GHERASIM<\/strong><\/p>\n\n\n\n<p>Domeniul de licen\u0163\u0103: <strong>MANAGEMENT<\/strong><\/p>\n\n\n\n<p>Durata studiilor \/ num\u0103rul de credite transferabile ECTS: <strong>3 ANI (6 SEMESTRE)\/ 180 CREDITE<\/strong><\/p>\n\n\n\n<p>Forma de \u00eenv\u0103\u0163\u0103m\u00e2nt: <strong>\u00ceNV\u0102\u0162\u0102M\u00c2NT CU FRECVEN\u0162\u0102 (IF)<\/strong><\/p>\n<\/blockquote>\n\n\n\n<p><\/p>\n\n\n\n<div class=\"wp-block-buttons is-layout-flex wp-block-buttons-is-layout-flex\">\n<div class=\"wp-block-button\"><a class=\"wp-block-button__link wp-element-button\" href=\"https:\/\/admitere.ugb.ro\/inscriere-online\">Inscrie-te online &#8211; Admitere 2025<\/a><\/div>\n<\/div>\n\n\n\n<p><\/p>\n\n\n\n<p><strong><em>Misiunea programului este \u00een concordan\u0163\u0103 cu denumirea acestuia, precum \u015fi cu domeniul de studii universitare de licen\u0163\u0103 \u00een care se \u00eencadreaz\u0103.<\/em><\/strong><\/p>\n\n\n\n<p>Misiunea fundamental\u0103 a programului de studii universitare de licen\u0163\u0103 <strong><em>Management<\/em><\/strong> este cea de preg\u0103tire a unor profesioni\u015fti cu un profil adecvat \u00een domeniul managementului, cu \u00eenalt nivel de preg\u0103tire profesional\u0103 capabili s\u0103 se adapteze cerin\u0163elor economiei contemporane, bazat\u0103 pe concuren\u0163\u0103, performan\u0163\u0103, inovare \u015fi globalizare. Ne propunem s\u0103 form\u0103m speciali\u015fti cu o puternic\u0103 determinare \u015fi implicare \u00een dezvoltarea mediului de afaceri, cu un nivel ridicat de cuno\u015ftin\u0163e profesionale \u015fi cuno\u015ftin\u0163e dob\u00e2ndite \u00een timpul efectu\u0103rii practicii de specialitate \u00een cadrul entit\u0103\u0163ilor economice.<\/p>\n\n\n\n<p>Misiunea de \u00eenv\u0103\u0163\u0103m\u00e2nt \u0219i de cercetare \u015ftiin\u0163ific\u0103 a programului de studii universitare de licen\u0163\u0103 se \u00eencadreaz\u0103 \u00een profilul Universit\u0103\u0163ii \u201eGeorge Bacovia\u201d, al\u0103turi de celelalte programe de studii.<\/p>\n\n\n\n<p><strong>OBIECTIVELE PROGRAMULUI DE STUDII UNIVERSITARE DE LICEN\u0162\u0102 MANAGEMENT<\/strong><\/p>\n\n\n\n<p>Obiectivele programului de studii universitare de licen\u0163\u0103 <strong>Management <\/strong>sunt urm\u0103toarele:<\/p>\n\n\n\n<ol style=\"list-style-type:1\" class=\"wp-block-list\">\n<li>Formarea profesioni\u015ftilor specializa\u0163i \u00een domeniul management;<\/li>\n\n\n\n<li>Armonizarea con\u0163inutului planurilor de \u00eenv\u0103\u0163\u0103m\u00e2nt \u015fi a serviciilor educa\u0163ionale la cerin\u0163ele sistemului european de \u00eenv\u0103\u0163\u0103m\u00e2nt \u015fi la realit\u0103\u0163ile mediului de afaceri rom\u00e2nesc \u015fi european;<\/li>\n\n\n\n<li>Crearea competen\u0163elor \u015fi deprinderilor de munc\u0103 necesare exercit\u0103rii \u00een condi\u0163ii de maxim\u0103 eficien\u0163\u0103, a profesiei de economist, asigurarea cuno\u015ftin\u0163elor \u015fi abilit\u0103\u0163ilor de adaptare a viitorului absolvent la cerin\u0163ele impuse de mediul socio-economic \u00eentr-o continu\u0103 schimbare.<\/li>\n<\/ol>\n\n\n\n<p>a) \u00cen vederea \u00eendeplinirii misiunii specifice, programul de studii universitare de licen\u0163\u0103 Management \u00ee\u015fi propune urm\u0103toarele obiective privind <em>activitatea didactic\u0103<\/em>:<\/p>\n\n\n\n<ul class=\"wp-block-list\">\n<li>aprofundarea, prin planurile de \u00eenv\u0103\u0163\u0103m\u00e2nt \u015fi prin con\u0163inutul cursurilor, seminariilor \u015fi lucr\u0103rilor practice, a cuno\u015ftin\u0163elor \u015ftiin\u0163ifice \u015fi a experien\u0163ei practice \u00een domeniul Management;<\/li>\n\n\n\n<li>asigurarea competen\u0163elor profesionale \u015fi de cercetare \u00een domeniul Management;<\/li>\n\n\n\n<li>dezvoltarea deprinderilor de informare, culegere \u015fi analiz\u0103 a datelor \u015fi informa\u0163iilor din domeniul Management;<\/li>\n\n\n\n<li>cultivarea capacit\u0103\u0163ii de asumare a responsabilit\u0103\u0163ii \u015fi riscului \u00een ini\u0163ierea \u015fi administrarea afacerilor;<\/li>\n\n\n\n<li>cultivarea competen\u0163elor \u00een proiectarea \u015fi coordonarea activit\u0103\u0163ilor de planificare strategic\u0103 \u015fi \u00een utilizarea sistemelor informa\u0163ionale manageriale;<\/li>\n\n\n\n<li>crearea capacit\u0103\u0163ii de a propune \u015fi comunic\u0103 solu\u0163ii la situa\u0163ii manageriale concrete;<\/li>\n\n\n\n<li>crearea, at\u00e2t prin intermediul orelor de seminarii \u015fi de lucr\u0103ri practice, c\u00e2t \u015fi prin activitatea de cercetare aplicat\u0103, a competen\u0163elor \u015fi deprinderilor de munc\u0103 necesare exercit\u0103rii, \u00een condi\u0163ii de exigen\u0163\u0103 maxim\u0103, a profesiei de economist;<\/li>\n\n\n\n<li>imprimarea, prin \u00eentreaga activitate didactic\u0103 \u015fi educativ\u0103, a spiritului de competi\u0163ie \u015fi a deprinderilor de autoformare \u015fi autoperfec\u0163ionare, absolut indispensabile \u00een condi\u0163iile actuale \u00een care firmele \u00ee\u015fi desf\u0103\u015foar\u0103 activitatea;<\/li>\n\n\n\n<li>cultivarea apetitului spre valorificarea \u015fi crearea noului \u015fi pentru promovarea schimb\u0103rilor spre mai bine \u00een economie \u015fi \u00een via\u0163a social-politic\u0103 etc.<\/li>\n<\/ul>\n\n\n\n<p>b) Activitatea didactic\u0103 universitar\u0103 nu poate fi conceput\u0103 f\u0103r\u0103 a fi sprijinit\u0103 \u015fi impulsionat\u0103 de o intens\u0103 <em>activitate de cercetare \u015ftiin\u0163ific\u0103<\/em> desf\u0103\u015furat\u0103 la nivel de facultate, colectiv \u015fi forma\u0163ie de studiu. Obiectivele care vizeaz\u0103 cercetarea presupun:<\/p>\n\n\n\n<ul class=\"wp-block-list\">\n<li>atragerea \u00een activitatea de cercetare \u015ftiin\u0163ific\u0103 a cadrelor didactice \u015fi a studen\u0163ilor&nbsp; cu aptitudini de acest gen \u00een scopul valorific\u0103rii poten\u0163ialului lor creativ \u015fi al stimul\u0103rii dorin\u0163ei acestora de participare la construirea viitorului;<\/li>\n\n\n\n<li>organizarea cercet\u0103rii \u015ftiin\u0163ifice pe teme, subteme, perioade \u015fi colective comune cadre didactice &#8211; studen\u0163i \u00een baza unor planuri de cercetare \u015ftiin\u0163ific\u0103 realizate \u00een cadrul cercurilor \u015ftiin\u0163ifice studen\u0163e\u015fti;<\/li>\n\n\n\n<li>valorificarea cercet\u0103rii cadrelor didactice \u015fi studen\u0163ilor prin sesiuni de comunic\u0103ri \u015ftiin\u0163ifice \u015fi reviste de specialitate, \u00een a\u015fa fel \u00eenc\u00e2t efectele acesteia s\u0103 se fac\u0103 sim\u0163ite \u015fi cunoscute;<\/li>\n\n\n\n<li>instituirea unor rela\u0163ii de colaborare \u00een domeniul cercet\u0103rii cu alte universit\u0103\u0163i \u015fi institute de profil din \u0163ar\u0103 \u015fi str\u0103in\u0103tate, \u00een vederea stimul\u0103rii \u015fi aducerii ei la standardele na\u0163ionale, europene \u015fi mondiale;<\/li>\n\n\n\n<li>sprijinirea studen\u0163ilor \u00een participarea la sesiunile de comunic\u0103ri \u015ftiin\u0163ifice \u015fi conferin\u0163e na\u0163ionale\/ interna\u0163ionale \u015fi \u00een crearea \u015fi organizarea proiectelor proprii de cercetare.<\/li>\n<\/ul>\n\n\n\n<p>Consider\u0103m c\u0103 misiunea specific\u0103 \u015fi obiectivele asumate la programul de studii universitare de licen\u0163\u0103 Management sunt \u00een concordan\u0163\u0103 cu cerin\u0163ele actuale ale pie\u0163ei muncii din Rom\u00e2nia \u015fi cu cadrul na\u0163ional al calific\u0103rilor.<\/p>\n\n\n\n<p><strong>COMPETEN\u0162E DOB\u00c2NDITE DE ABSOLVEN\u0162I LA FINALIZAREA STUDIILOR<\/strong><\/p>\n\n\n\n<p><strong>Competen\u0163e profesionale:<\/strong><\/p>\n\n\n\n<p>C1. Identificarea, analiza \u015fi gestionarea elementelor care definesc mediul intern \u015fi extern al organiza\u0163iei prin diagnosticare \u015fi analiz\u0103 SWOT;<\/p>\n\n\n\n<p>C2. Elaborarea \u015fi implementarea de strategii \u015fi politici ale organiza\u0163iei;<\/p>\n\n\n\n<p>C3. Elaborarea \u015fi implementarea sistemului managerial \u015fi a subsistemelor sale (alocare \u015fi realocare de resurse \u015fi activit\u0103\u0163i);<\/p>\n\n\n\n<p>C4. Identificarea, selectarea&nbsp; \u015fi utilizarea modalit\u0103\u0163ilor de previzionare, organizare, coordonare, antrenare \u015fi control-evaluare;<\/p>\n\n\n\n<p>C5. Fundamentarea, adoptarea \u015fi implementarea deciziilor pentru organiza\u0163ii de mic\u0103 complexitate (\u00een ansamblu sau pe o component\u0103);<\/p>\n\n\n\n<p>C6. Utilizarea bazelor de date, informa\u0163ii \u015fi cuno\u015ftin\u0163e \u00een aplicarea metodelor, tehnicilor \u015fi procedurilor manageriale.<\/p>\n\n\n\n<p><strong>Competen\u0163e transversale:<\/strong><\/p>\n\n\n\n<p>CT1. Aplicarea principiilor, normelor \u015fi valorilor eticii profesionale \u00een cadrul propriei strategii de munc\u0103 riguroas\u0103, eficient\u0103 \u015fi responsabil\u0103;<\/p>\n\n\n\n<p>CT2. Identificarea rolurilor \u015fi responsabilit\u0103\u0163ilor \u00eentr-o echip\u0103 plurispecializat\u0103 \u015fi aplicarea de tehnici de rela\u0163ionare \u015fi munc\u0103 eficient\u0103 \u00een cadrul echipei;<\/p>\n\n\n\n<p>CT3. Identificarea oportunit\u0103\u0163ilor de formare continu\u0103 \u015fi valorificarea eficient\u0103 a resurselor \u015fi tehnicilor de \u00eenv\u0103\u0163are pentru propria dezvoltare.<\/p>\n\n\n\n<p><strong>FINALIT\u0102\u0162I<\/strong><\/p>\n\n\n\n<p>Titlu acordat: <strong>Licen\u0163iat \u00een Management.<\/strong><\/p>\n\n\n\n<p>Denumire calificare: <strong>Management.<\/strong><\/p>\n\n\n\n<p><strong>Ocupa\u0163ii<\/strong> care pot fi practicate pe pia\u0163a muncii:<\/p>\n\n\n\n<p>242101 manager proiect;<\/p>\n\n\n\n<p>242104 responsabil proces;<\/p>\n\n\n\n<p>242109 specialist plan progres;<\/p>\n\n\n\n<p>242111 administrator societate comercial\u0103.<\/p>\n","protected":false},"excerpt":{"rendered":"<p>Coordonator program: Conf. univ. Dr. Daniel GHERASIM Domeniul de licen\u0163\u0103: MANAGEMENT Durata studiilor \/ num\u0103rul de credite transferabile ECTS: 3 ANI (6 SEMESTRE)\/ 180 CREDITE&hellip;<\/p>\n","protected":false},"author":1,"featured_media":0,"parent":62,"menu_order":1,"comment_status":"closed","ping_status":"closed","template":"","meta":{"footnotes":""},"class_list":["post-720","page","type-page","status-publish","hentry"],"_links":{"self":[{"href":"https:\/\/www.ugb.ro\/index.php\/wp-json\/wp\/v2\/pages\/720","targetHints":{"allow":["GET"]}}],"collection":[{"href":"https:\/\/www.ugb.ro\/index.php\/wp-json\/wp\/v2\/pages"}],"about":[{"href":"https:\/\/www.ugb.ro\/index.php\/wp-json\/wp\/v2\/types\/page"}],"author":[{"embeddable":true,"href":"https:\/\/www.ugb.ro\/index.php\/wp-json\/wp\/v2\/users\/1"}],"replies":[{"embeddable":true,"href":"https:\/\/www.ugb.ro\/index.php\/wp-json\/wp\/v2\/comments?post=720"}],"version-history":[{"count":7,"href":"https:\/\/www.ugb.ro\/index.php\/wp-json\/wp\/v2\/pages\/720\/revisions"}],"predecessor-version":[{"id":1714,"href":"https:\/\/www.ugb.ro\/index.php\/wp-json\/wp\/v2\/pages\/720\/revisions\/1714"}],"up":[{"embeddable":true,"href":"https:\/\/www.ugb.ro\/index.php\/wp-json\/wp\/v2\/pages\/62"}],"wp:attachment":[{"href":"https:\/\/www.ugb.ro\/index.php\/wp-json\/wp\/v2\/media?parent=720"}],"curies":[{"name":"wp","href":"https:\/\/api.w.org\/{rel}","templated":true}]}}