{"id":716,"date":"2021-03-17T15:26:29","date_gmt":"2021-03-17T15:26:29","guid":{"rendered":"https:\/\/www.ugb.ro\/?page_id=716"},"modified":"2025-05-14T12:18:55","modified_gmt":"2025-05-14T12:18:55","slug":"specializarea-economia-comertului-turismului-si-serviciilor","status":"publish","type":"page","link":"https:\/\/www.ugb.ro\/index.php\/studii-2\/studii-de-licenta\/specializarea-economia-comertului-turismului-si-serviciilor\/","title":{"rendered":"Specializarea Economia comer\u021bului, turismului \u0219i serviciilor"},"content":{"rendered":"\n<blockquote class=\"wp-block-quote is-style-default is-layout-flow wp-block-quote-is-layout-flow\">\n<p>Coordonator program: <strong>Conf. univ. Dr. Daniel Gherasim<\/strong><\/p>\n\n\n\n<p>Domeniul de licen\u0163\u0103: <strong>ADMINISTRAREA AFACERILOR<\/strong><\/p>\n\n\n\n<p>Durata studiilor \/ num\u0103rul de credite transferabile ECTS: <strong>3 ANI (6 SEMESTRE) \/ 180 CREDITE<\/strong><\/p>\n\n\n\n<p>Forma de \u00eenv\u0103\u0163\u0103m\u00e2nt: <strong>\u00ceNV\u0102\u0162\u0102M\u00c2NT CU FRECVEN\u0162\u0102 (IF)<\/strong><\/p>\n<\/blockquote>\n\n\n\n<p><\/p>\n\n\n\n<div class=\"wp-block-buttons is-layout-flex wp-block-buttons-is-layout-flex\">\n<div class=\"wp-block-button\"><a class=\"wp-block-button__link wp-element-button\" href=\"https:\/\/admitere.ugb.ro\/inscriere-online\">Inscrie-te onine &#8211; Admitere 2025<\/a><\/div>\n<\/div>\n\n\n\n<p><\/p>\n\n\n\n<p><strong>MISIUNEA PROGRAMULUI DE STUDII UNIVERSITARE ECONOMIA COMER\u0162ULUI, TURISMULUI \u015eI SERVICIILOR<\/strong><\/p>\n\n\n\n<p>Misiunea Programului de studii universitare de licen\u0163\u0103 ECONOMIA COMER\u0162ULUI, TURISMULUI \u015eI SERVICIILOR este de a furniza studen\u0163ilor cuno\u015ftin\u0163ele, abilit\u0103\u0163ile \u0219i competen\u0163ele necesare activit\u0103\u0163ii lor profesionale viitoare \u015fi se realizeaz\u0103 prin activit\u0103\u0163i didactice prev\u0103zute \u00een planul de \u00eenv\u0103\u0163\u0103m\u00e2nt c\u00e2t \u015fi prin activit\u0103\u0163i practice \u015fi de interac\u0163iune cu mediul de afaceri, cu economia real\u0103, prin programe de practic\u0103 \u015fi altele, astfel \u00eenc\u00e2t absolven\u0163ii s\u0103 \u00een\u0163eleag\u0103 \u015fi s\u0103 se poat\u0103 integra cu succes \u00een activit\u0103\u0163i concrete din mediul de afaceri.<\/p>\n\n\n\n<p><strong>OBIECTIVELE PROGRAMULUI DE STUDII UNIVERSITARE DE LICEN\u0162\u0102<br>ECONOMIA COMER\u0162ULUI, TURISMULUI \u015eI SERVICIILOR<\/strong><\/p>\n\n\n\n<p>\u00cen scopul \u00eendeplinirii misiunii studiilor de licen\u0163\u0103 ale specializ\u0103rii ECONOMIA COMER\u0162ULUI, TURISMULUI \u015eI SERVICIILOR, principalele obiective sunt:<\/p>\n\n\n\n<ul class=\"wp-block-list\">\n<li>oferirea de cuno\u015ftin\u0163e profunde, multilaterale, relevante \u015fi specifice referitoare la sisteme eficiente de func\u0163ionare \u015fi de management ale companiilor \u00een economia de pia\u0163\u0103;<\/li>\n\n\n\n<li>orientarea studen\u0163ilor spre surse de informa\u0163ii interne \u015fi interna\u0163ionale \u00een domenii specifice, pentru documentare, studiu \u015fi cercetare;<\/li>\n\n\n\n<li>perfec\u0163ionarea \u015fi eficientizarea abilit\u0103\u0163ilor \u015fi deprinderilor necesare desf\u0103\u015fur\u0103rii unei activit\u0103\u0163i \u00een domeniul afacerilor;<\/li>\n\n\n\n<li>folosirea simul\u0103rilor, a model\u0103rii matematice, a sistemelor informatice \u015fi a altor metode moderne pentru dezvoltarea deprinderilor practice necesare lu\u0103rii deciziilor, pentru aprofundarea modului de conducere, organizare \u015fi func\u0163ionare a companiilor si integrarea lor in sistemul financiar-bancar, de asigur\u0103ri, al finan\u0163elor publice, al rela\u0163iilor economice interna\u0163ionale.<\/li>\n<\/ul>\n\n\n\n<p>Aceste obiective sunt realizate prin intermediul activit\u0103\u0163ilor didactice desf\u0103\u015furate \u00een cadrul orelor planificate de curs, seminar \u015fi laborator, precum \u015fi \u00een cadrul activit\u0103\u0163ii de cercetare \u015ftiin\u0163ific\u0103, desf\u0103\u015furat\u0103 de cadrele didactice \u015fi studen\u0163i, materializat\u0103 prin participarea la conferin\u0163e na\u0163ionale \u015fi interna\u0163ionale, seminarii \u015fi mese rotunde, parteneriate \u00eencheiate cu institu\u0163ii de \u00eenv\u0103\u0163\u0103m\u00e2nt din \u0163ar\u0103 \u015fi din str\u0103in\u0103tate, contracte de cercetare etc.<\/p>\n\n\n\n<p>\u00cen vederea \u00eendeplinirii misiunii specifice, Programul de studii de licen\u0163\u0103 ECONOMIA COMER\u0162ULUI, TURISMULUI \u015eI SERVICIILOR \u00ee\u015fi propune urm\u0103toarele <strong><em>obiective privind activitatea didactic\u0103<\/em><\/strong>:<\/p>\n\n\n\n<ol style=\"list-style-type:lower-alpha\" class=\"wp-block-list\">\n<li>aprofundarea, prin planurile de \u00eenv\u0103\u0163\u0103m\u00e2nt \u015fi prin con\u0163inutul cursurilor, seminariilor \u015fi lucr\u0103rilor practice, a cuno\u015ftin\u0163elor \u015ftiin\u0163ifice \u015fi a experien\u0163ei practice \u00een domeniul economiei comer\u0163ului, turismului \u015fi serviciilor;<\/li>\n\n\n\n<li>dezvoltarea deprinderilor de informare, culegere \u015fi analiz\u0103 a datelor \u015fi informa\u0163iilor din domeniul \u015ftiin\u0163elor economice \u00een general \u015fi administr\u0103rii afacerilor, \u00een special;<\/li>\n\n\n\n<li>cunoa\u015fterea, \u00een\u0163elegerea \u015fi utilizarea conceptelor, teoriilor \u015fi modelelor \u00een analiza \u015fi fundamentarea deciziilor \u00een domeniul economiei comer\u0163ului. turismului \u015fi serviciilor;<\/li>\n\n\n\n<li>formarea competen\u0163elor speciali\u015ftilor \u00een domeniul administr\u0103rii afacerilor \u00een acord cu principiile eticii profesionale \u015fi ale managementului calit\u0103\u0163ii.<\/li>\n<\/ol>\n\n\n\n<p>La acestea se adaug\u0103 \u015fi \u00eensu\u015firea metodelor econometrice \u015fi a sistemelor interactive de asistare a deciziilor, utilizarea tehnologiei informatice in afaceri, ceea ce permite o preg\u0103tire la nivel superior, compatibil\u0103 cu standardele interna\u0163ionale din domeniu. Cursan\u0163ilor li se ofer\u0103 posibilitatea de a deveni exper\u0163i cu o solid\u0103 preg\u0103tire, capabili s\u0103 fac\u0103 fa\u0163\u0103 problemelor complexe ale societ\u0103\u0163ilor \u00een care vor activa, al accesului firmelor pe pie\u0163ele monetare, valutare \u015fi de capital, al managementului riscurilor financiar-bancare, al accesului firmei pe pie\u0163ele interna\u0163ionale, al analizei economico-financiare etc.<\/p>\n\n\n\n<p>Programul de studiu se desf\u0103\u015foar\u0103 pe o perioad\u0103 de trei ani de preg\u0103tire, \u00een care sunt incluse \u0219ase semestre cu ore de predare \u015fi seminarizare, de proiecte economice, preg\u0103tire practic\u0103, studii de cercetare, \u00eensu\u015firea unei limbi str\u0103ine utilizate \u00een mediul de afaceri interna\u0163ional.<\/p>\n\n\n\n<p>\u00cen ceea ce prive\u015fte preg\u0103tirea cadrelor didactice titulare, \u00een afara personalului propriu cu \u00eenalt\u0103 calificare \u00een domeniu \u015fi cu lucr\u0103ri de specialitate publicate, monografii, c\u0103r\u0163i, manuale, studii \u015fi articole, specializarea ECONOMIA COMER\u0162ULUI, TURISMULUI \u015eI SERVICIILOR are sus\u0163inerea profesional\u0103 a unor speciali\u015fti din mediul privat de afaceri \u015fi institu\u0163ii de cercetare din domeniu.<\/p>\n\n\n\n<p><strong>COMPETEN\u0162E DOB\u00c2NDITE DE ABSOLVEN\u0162I LA FINALIZAREA STUDIILOR<\/strong><\/p>\n\n\n\n<p><strong>Competen\u0163e profesionale:<\/strong><\/p>\n\n\n\n<p>C1. Realizarea presta\u021biilor \u00een comer\u021b, turism \u015fi servicii;<\/p>\n\n\n\n<p>C2. Comercializarea produselor\/serviciilor;<\/p>\n\n\n\n<p>C3. Gestionarea rela\u0163iilor cu clien\u0163ii \u015fi furnizorii;<\/p>\n\n\n\n<p>C4. Gestionarea \u015fi alocarea resurselor materiale \u015fi financiare;<\/p>\n\n\n\n<p>C5. Implementarea sistemelor de Management al calit\u0103\u0163ii \u015fi sistemelor de mediu \u015fi siguran\u0163a alimentelor \u00een cadrul firmelor de comer\u0163, turism \u015fi servicii;<\/p>\n\n\n\n<p>C6. Asisten\u0163\u0103 \u00een Managementul resurselor umane.<\/p>\n\n\n\n<p><strong>Competen\u0163e transversale:<\/strong><\/p>\n\n\n\n<p>CT.1. Aplicarea principiilor, normelor \u015fi valorilor eticii profesionale \u00een cadrul propriei strategii de munc\u0103 riguroas\u0103, eficient\u0103 \u015fi responsabil\u0103;<\/p>\n\n\n\n<p>CT.2. Identificarea rolurilor \u015fi responsabilit\u0103\u0163ilor \u00eentr-o echip\u0103 plurispecializat\u0103 \u015fi aplicarea de tehnici de rela\u0163ionare \u015fi munc\u0103 eficient\u0103 \u00een cadrul echipei;<\/p>\n\n\n\n<p>CT.3. Identificarea oportunit\u0103\u0163ilor de formare continu\u0103 \u015fi valorificarea eficient\u0103 a resurselor \u015fi tehnicilor de \u00eenv\u0103\u0163are pentru propria dezvoltare.<\/p>\n\n\n\n<p><a><\/a><strong>FINALIT\u0102\u0162I<\/strong><\/p>\n\n\n\n<p>Titlu acordat: <strong>Licen\u0163iat \u00een \u015ftiin\u0163e economice.<\/strong><\/p>\n\n\n\n<p>Denumire calificare: <strong>ECONOMIA COMER\u0162ULUI, TURISMULUI \u015eI SERVICIILOR.<\/strong><\/p>\n\n\n\n<p>Ocupa\u0163ii care pot fi practicate pe pia\u0163a muncii:<\/p>\n\n\n\n<ul class=\"wp-block-list\">\n<li>243102 organizator activitate turism (studii superioare);<\/li>\n\n\n\n<li>243103 specialist marketing;<\/li>\n\n\n\n<li>243104 manager de produs.<\/li>\n<\/ul>\n","protected":false},"excerpt":{"rendered":"<p>Coordonator program: Conf. univ. Dr. Daniel Gherasim Domeniul de licen\u0163\u0103: ADMINISTRAREA AFACERILOR Durata studiilor \/ num\u0103rul de credite transferabile ECTS: 3 ANI (6 SEMESTRE) \/&hellip;<\/p>\n","protected":false},"author":1,"featured_media":0,"parent":62,"menu_order":0,"comment_status":"closed","ping_status":"closed","template":"","meta":{"footnotes":""},"class_list":["post-716","page","type-page","status-publish","hentry"],"_links":{"self":[{"href":"https:\/\/www.ugb.ro\/index.php\/wp-json\/wp\/v2\/pages\/716","targetHints":{"allow":["GET"]}}],"collection":[{"href":"https:\/\/www.ugb.ro\/index.php\/wp-json\/wp\/v2\/pages"}],"about":[{"href":"https:\/\/www.ugb.ro\/index.php\/wp-json\/wp\/v2\/types\/page"}],"author":[{"embeddable":true,"href":"https:\/\/www.ugb.ro\/index.php\/wp-json\/wp\/v2\/users\/1"}],"replies":[{"embeddable":true,"href":"https:\/\/www.ugb.ro\/index.php\/wp-json\/wp\/v2\/comments?post=716"}],"version-history":[{"count":8,"href":"https:\/\/www.ugb.ro\/index.php\/wp-json\/wp\/v2\/pages\/716\/revisions"}],"predecessor-version":[{"id":1727,"href":"https:\/\/www.ugb.ro\/index.php\/wp-json\/wp\/v2\/pages\/716\/revisions\/1727"}],"up":[{"embeddable":true,"href":"https:\/\/www.ugb.ro\/index.php\/wp-json\/wp\/v2\/pages\/62"}],"wp:attachment":[{"href":"https:\/\/www.ugb.ro\/index.php\/wp-json\/wp\/v2\/media?parent=716"}],"curies":[{"name":"wp","href":"https:\/\/api.w.org\/{rel}","templated":true}]}}