{"id":70,"date":"2020-05-11T15:53:45","date_gmt":"2020-05-11T15:53:45","guid":{"rendered":"https:\/\/site.ugb.ro\/?page_id=70"},"modified":"2024-04-15T12:29:23","modified_gmt":"2024-04-15T12:29:23","slug":"conferinte-stiintifice","status":"publish","type":"page","link":"https:\/\/www.ugb.ro\/index.php\/cercetare-stiintifica\/conferinte-stiintifice\/","title":{"rendered":"Conferin\u021be \u0219tiin\u021bifice &#8211; parteneriate"},"content":{"rendered":"\n<h3 class=\"wp-block-heading has-text-align-center\"><strong>\u00cen cadrul Manifest\u0103rilor \u0219tiin\u021bifice anuale ale Universit\u0103\u021bii \u201eGeorge Bacovia\u201d din Bac\u0103u, planificate pentru perioada 18-22 noiembrie 2024, se vor organiza urm\u0103toarele conferin\u021be interna\u021bionale:<\/strong><\/h3>\n\n\n\n<p class=\"has-text-align-center\"><em>Economy Transdisciplinarity Cognition \u2013 ETC<br>Edi\u021bia ETC 9\/2024<br>&#8222;EXPLORING DIGITAL TRANSFORMATION IN BUSINESS AND PUBLIC MANAGEMENT&#8221;<br>21-22 NOIEMBRIE 2024<br><\/em>Pentru mai multe informa\u021bii despre conferin\u021b\u0103, pentru \u00eenregistrare \u0219i transmitere abstract accesa\u021bi <a href=\"https:\/\/etc9.ugb.ro\/\" target=\"_blank\" rel=\"noreferrer noopener\"><strong>etc9.ugb.ro<\/strong><\/a><em><br><\/em><\/p>\n\n\n<div class=\"wp-block-image is-style-default\">\n<figure class=\"aligncenter size-full is-resized\"><a href=\"https:\/\/etc9.ugb.ro\/\" target=\"_blank\" rel=\"noreferrer noopener\"><img loading=\"lazy\" decoding=\"async\" width=\"777\" height=\"321\" src=\"https:\/\/www.ugb.ro\/wp-content\/uploads\/2022\/09\/ETC.png\" alt=\"\" class=\"wp-image-1103\" style=\"width:559px;height:231px\" srcset=\"https:\/\/www.ugb.ro\/wp-content\/uploads\/2022\/09\/ETC.png 777w, https:\/\/www.ugb.ro\/wp-content\/uploads\/2022\/09\/ETC-300x124.png 300w, https:\/\/www.ugb.ro\/wp-content\/uploads\/2022\/09\/ETC-768x317.png 768w\" sizes=\"auto, (max-width: 777px) 100vw, 777px\" \/><\/a><\/figure>\n<\/div>\n\n\n<p class=\"has-text-align-center\"><em><strong><a href=\"https:\/\/etc9.ugb.ro\/\" target=\"_blank\" rel=\"noreferrer noopener\">etc9.ugb.ro<\/a><\/strong><\/em><\/p>\n\n\n\n<p class=\"has-text-align-center\"><em>Deviance and Criminality. Evolution, Trends, Perspectives \u2013 DECRET<br>Edi\u021bia DECRET 7\/2024<br>&#8222;TRANSFORMING DEVIANCE AND CRIMINALITY IN THE DIGITAL ERA&#8221;<br>21-22 NOIEMBRIE 2024<br><\/em>Pentru mai multe informa\u021bii despre conferin\u021b\u0103, pentru \u00eenregistrare \u0219i transmitere abstract accesa\u021bi <a href=\"https:\/\/decret2024.ugb.ro\/\" target=\"_blank\" rel=\"noreferrer noopener\"><strong>decret2024.ugb.ro<\/strong><\/a><em><br><\/em><\/p>\n\n\n<div class=\"wp-block-image\">\n<figure class=\"aligncenter size-large is-resized\"><a href=\"https:\/\/decret2024.ugb.ro\/\" target=\"_blank\" rel=\"noreferrer noopener\"><img loading=\"lazy\" decoding=\"async\" width=\"1024\" height=\"335\" src=\"https:\/\/www.ugb.ro\/wp-content\/uploads\/2024\/04\/Logo.Conferinta-DECRET-1024x335.jpg\" alt=\"\" class=\"wp-image-1531\" style=\"width:556px;height:auto\" srcset=\"https:\/\/www.ugb.ro\/wp-content\/uploads\/2024\/04\/Logo.Conferinta-DECRET-1024x335.jpg 1024w, https:\/\/www.ugb.ro\/wp-content\/uploads\/2024\/04\/Logo.Conferinta-DECRET-300x98.jpg 300w, https:\/\/www.ugb.ro\/wp-content\/uploads\/2024\/04\/Logo.Conferinta-DECRET-768x251.jpg 768w, https:\/\/www.ugb.ro\/wp-content\/uploads\/2024\/04\/Logo.Conferinta-DECRET-1536x502.jpg 1536w, https:\/\/www.ugb.ro\/wp-content\/uploads\/2024\/04\/Logo.Conferinta-DECRET.jpg 1600w\" sizes=\"auto, (max-width: 1024px) 100vw, 1024px\" \/><\/a><\/figure>\n<\/div>\n\n\n<p class=\"has-text-align-center\"><em><a href=\"https:\/\/decret2024.ugb.ro\/\" target=\"_blank\" rel=\"noreferrer noopener\"><strong>decret2024.ugb.ro<\/strong><\/a><\/em><\/p>\n\n\n\n<hr class=\"wp-block-separator has-alpha-channel-opacity\"\/>\n\n\n\n<h3 class=\"wp-block-heading\"><strong>\u00cen cadrul Sesiunii de Manifest\u0103ri \u0219tiin\u021bifice aniversare, ocazionate de \u00eemplinirea a 30 de ani de la \u00eenfiin\u021barea Universit\u0103\u021bii \u201eGeorge Bacovia\u201d din Bac\u0103u,<\/strong> <strong>se organizeaz\u0103<\/strong>:<\/h3>\n\n\n\n<div class=\"wp-block-columns is-layout-flex wp-container-core-columns-is-layout-9d6595d7 wp-block-columns-is-layout-flex\">\n<div class=\"wp-block-column is-layout-flow wp-block-column-is-layout-flow\">\n<h3 class=\"wp-block-heading has-text-align-center\"><strong><em>CONFERIN\u021aA INTERNA\u021aIONAL\u0102<\/em><\/strong><br><strong><strong><em>\u201eDEVELOPMENT AND INNOVATION IN BUSINESS AND PUBLIC MANAGEMENT,<\/em><\/strong><\/strong><br><strong><strong><em>IN AN EVER-CHANGING WORLD\u201d<\/em><\/strong><\/strong><br><\/h3>\n\n\n\n<div class=\"wp-block-columns is-layout-flex wp-container-core-columns-is-layout-9d6595d7 wp-block-columns-is-layout-flex\">\n<div class=\"wp-block-column is-layout-flow wp-block-column-is-layout-flow\" style=\"flex-basis:20%\"><\/div>\n\n\n\n<div class=\"wp-block-column is-layout-flow wp-block-column-is-layout-flow\" style=\"flex-basis:66.66%\">\n<figure class=\"wp-block-image size-full is-resized is-style-default\"><a href=\"https:\/\/etc8.ugb.ro\" target=\"_blank\" rel=\"noreferrer noopener\"><img loading=\"lazy\" decoding=\"async\" width=\"777\" height=\"321\" src=\"https:\/\/www.ugb.ro\/wp-content\/uploads\/2022\/09\/ETC.png\" alt=\"\" class=\"wp-image-1103\" style=\"width:559px;height:231px\" srcset=\"https:\/\/www.ugb.ro\/wp-content\/uploads\/2022\/09\/ETC.png 777w, https:\/\/www.ugb.ro\/wp-content\/uploads\/2022\/09\/ETC-300x124.png 300w, https:\/\/www.ugb.ro\/wp-content\/uploads\/2022\/09\/ETC-768x317.png 768w\" sizes=\"auto, (max-width: 777px) 100vw, 777px\" \/><\/a><\/figure>\n<\/div>\n<\/div>\n<\/div>\n<\/div>\n\n\n\n<h3 class=\"wp-block-heading has-text-align-center\"><strong>Economy Transdisciplinarity Cognition &#8211; Edi\u021bia ETC8\/2022<\/strong><br><strong>10-11 NOIEMBRIE 2022<\/strong><br><a href=\"https:\/\/etc8.ugb.ro\/\"><strong><em>etc8.ugb.ro<\/em><\/strong><\/a><\/h3>\n\n\n\n<h2 class=\"wp-block-heading has-text-align-center\"><strong>\u0218I<\/strong><\/h2>\n\n\n\n<h3 class=\"wp-block-heading has-text-align-center\"><strong>CONFERIN\u0162A NA\u0162IONAL\u0102 CU PARTICIPARE INTERNA\u0162IONAL\u0102<\/strong><a href=\"https:\/\/decret2022.ugb.ro\/\" target=\"_blank\" rel=\"noreferrer noopener\"><img loading=\"lazy\" decoding=\"async\" width=\"600\" height=\"123\" class=\"wp-image-343\" style=\"width: 600px;\" src=\"https:\/\/www.ugb.ro\/wp-content\/uploads\/2020\/05\/decret-1.jpg\" alt=\"\" srcset=\"https:\/\/www.ugb.ro\/wp-content\/uploads\/2020\/05\/decret-1.jpg 2491w, https:\/\/www.ugb.ro\/wp-content\/uploads\/2020\/05\/decret-1-300x62.jpg 300w, https:\/\/www.ugb.ro\/wp-content\/uploads\/2020\/05\/decret-1-1024x210.jpg 1024w, https:\/\/www.ugb.ro\/wp-content\/uploads\/2020\/05\/decret-1-768x158.jpg 768w, https:\/\/www.ugb.ro\/wp-content\/uploads\/2020\/05\/decret-1-1536x315.jpg 1536w, https:\/\/www.ugb.ro\/wp-content\/uploads\/2020\/05\/decret-1-2048x420.jpg 2048w\" sizes=\"auto, (max-width: 600px) 100vw, 600px\" \/><\/a><br><strong>Edi\u021bia 6\/2022<\/strong><br><strong>10 &#8211; 11 NOIEMBRIE 2022<\/strong><br><em><strong><a href=\"https:\/\/decret2022.ugb.ro\/\" target=\"_blank\" rel=\"noreferrer noopener\">decret2022.ugb.ro<\/a><\/strong><\/em><\/h3>\n\n\n\n<hr class=\"wp-block-separator has-alpha-channel-opacity\"\/>\n\n\n\n<h3 class=\"wp-block-heading\" id=\"universitatea-cooperatist-comerciala-din-moldova-in-parteneriat-cu-universitatea-george-bacovia-din-bacau-organizeaza-in-perioada-18-19-martie-2021-conferin\u021ba-stiintifico-practica-interna\u021bionala-dezvoltare-economica-\u0219i-cercetare\">Universitatea Cooperatist Comercial\u0103 din Moldova, \u00een parteneriat cu Universitatea \u201dGeorge Bacovia\u201d din Bac\u0103u organizeaz\u0103 \u00een perioada 18-19 martie 2021, Conferin\u021ba \u015ftiin\u0163ifico-practic\u0103 interna\u021bional\u0103 \u201eDezvoltare economic\u0103 \u0219i cercetare&#8221;<\/h3>\n\n\n\n<p>Programul conferin\u021bei poate fi consultat printr-un <a rel=\"noreferrer noopener\" href=\"https:\/\/drive.google.com\/file\/d\/1ylrjFlGqHMFaCt3FSfineLF9dhXeqJPb\/view?usp=sharing\" target=\"_blank\">click aici<\/a>.<\/p>\n\n\n\n<figure class=\"wp-block-image size-large\"><img loading=\"lazy\" decoding=\"async\" width=\"1024\" height=\"910\" src=\"https:\/\/www.ugb.ro\/wp-content\/uploads\/2021\/02\/conferinta-uccm-1024x910.jpg\" alt=\"uccm ugb\" class=\"wp-image-670\" srcset=\"https:\/\/www.ugb.ro\/wp-content\/uploads\/2021\/02\/conferinta-uccm-1024x910.jpg 1024w, https:\/\/www.ugb.ro\/wp-content\/uploads\/2021\/02\/conferinta-uccm-300x267.jpg 300w, https:\/\/www.ugb.ro\/wp-content\/uploads\/2021\/02\/conferinta-uccm-768x683.jpg 768w, https:\/\/www.ugb.ro\/wp-content\/uploads\/2021\/02\/conferinta-uccm-1536x1366.jpg 1536w, https:\/\/www.ugb.ro\/wp-content\/uploads\/2021\/02\/conferinta-uccm.jpg 1858w\" sizes=\"auto, (max-width: 1024px) 100vw, 1024px\" \/><\/figure>\n\n\n\n<h4 class=\"wp-block-heading\" id=\"obiectivele-conferin\u021bei\">Obiectivele conferin\u021bei:<\/h4>\n\n\n\n<blockquote class=\"wp-block-quote is-layout-flow wp-block-quote-is-layout-flow\">\n<p>Fundamentarea strategiilor de dezvoltare a mediului de afaceri la nivel na\u021bional orientate spre dep\u0103\u0219irea crizei economice ca rezultat a efectelor pandemiei;<\/p>\n\n\n\n<p>Identificarea modelelor eficiente de eviden\u021b\u0103, analiz\u0103 \u0219i diagnostic a activit\u0103\u021bii IMM \u0219i a entit\u0103\u021bilor cooperatiste pentru asigurarea competitivit\u0103\u021bii acestora \u0219i dezvolt\u0103rii lor sustenabile;<\/p>\n\n\n\n<p>Perfec\u021bionarea reglement\u0103rilor legislative \u0219i normative \u00een vigoare \u00een scopul facilit\u0103rii dezvolt\u0103rii economico-sociale a republicii;<\/p>\n\n\n\n<p>Identificarea celor mai eficiente tehnologii, instrumente, tehnici educa\u021bionale \u00een contextul promovarea \u00eenv\u0103\u021b\u0103rii pe tot parcursul vie\u021bii.<\/p>\n<\/blockquote>\n\n\n\n<p>Detalii despre conferin\u021b\u0103 sunt accesibile pe pagina web: <a href=\"http:\/\/conference2021.uccm.md\/index.php\/ro\/\" target=\"_blank\" rel=\"noreferrer noopener\">http:\/\/conference2021.uccm.md\/index.php\/ro\/<\/a><\/p>\n\n\n\n<h3 class=\"wp-block-heading\" id=\"conferin\u021ba-na\u021bionala-repere-privind-victimologia-victimizarea-\u0219i-victimele-in-romania\">Conferin\u021ba na\u021bional\u0103 Repere privind victimologia, victimizarea \u0219i victimele \u00een Rom\u00e2nia<\/h3>\n\n\n\n<p>Universitatea Spiru Haret, Facultatea de \u0218tiin\u021be Juridice \u0219i \u0218tiin\u021be Administrative Bucure\u0219ti \u0219i Universitatea George Bacovia, Facultatea de \u0218tiin\u021be Economice, Juridice \u0219i Administrative Bac\u0103u, \u00een calitate de institu\u021bii reprezentate \u00een Comitetul de Management al Ac\u0163iunii COST CA18121: Cultures of Victimology: understanding processes of victimization across Europe v\u0103 invit\u0103 s\u0103 participa\u021bi la conferin\u021ba na\u021bional\u0103 Repere privind victimologia, victimizarea \u0219i victimele \u00een Rom\u00e2nia organizat\u0103 online \u00een data de 27 noiembrie 2020, \u00eencep\u00e2nd cu orele 10.00.<\/p>\n\n\n\n<p><a href=\"https:\/\/www.facebook.com\/events\/826258004881647\/\">https:\/\/www.facebook.com\/events\/826258004881647<\/a><\/p>\n\n\n\n<hr class=\"wp-block-separator has-text-color has-vivid-cyan-blue-color has-css-opacity has-vivid-cyan-blue-background-color has-background is-style-wide\"\/>\n\n\n\n<p>\u00cen Universitatea George Bacovia din Bac\u0103u s-au coagulat \u0219i dezvoltat dou\u0103 evenimente \u0219tiin\u021bifice anuale de anvergur\u0103:<\/p>\n\n\n\n<ul class=\"wp-block-list\">\n<li>ETC &#8211; Economy &#8211; Transdisciplinarity &#8211; Cognition<\/li>\n\n\n\n<li>DECRET &#8211; Devian\u021b\u0103 \u0219i Criminalitate. Evolutie, Tendin\u021be, Perspective<\/li>\n<\/ul>\n\n\n\n<p>Ultimele edi\u021bii ale acestora s-au remarcat \u00een lumea academic\u0103 na\u021bional\u0103 \u0219i interna\u021bional\u0103.<\/p>\n\n\n\n<div class=\"wp-block-columns is-layout-flex wp-container-core-columns-is-layout-9d6595d7 wp-block-columns-is-layout-flex\">\n<div class=\"wp-block-column is-layout-flow wp-block-column-is-layout-flow\"><div class=\"wp-block-image\">\n<figure class=\"aligncenter size-large\"><img loading=\"lazy\" decoding=\"async\" width=\"300\" height=\"130\" src=\"https:\/\/www.ugb.ro\/wp-content\/uploads\/2020\/05\/ETC.jpg\" alt=\"Economy Transdiciplinarity Cognition\" class=\"wp-image-342\"\/><figcaption class=\"wp-element-caption\">Economy Transdiciplinarity Cognition<\/figcaption><\/figure>\n<\/div>\n\n\n<p class=\"has-text-align-center\"><a href=\"http:\/\/etc7.ugb.ro\/\" target=\"_blank\" rel=\"noreferrer noopener\">The 7th Edition &#8211; 14-15 of Nov. 2019<\/a><\/p>\n\n\n\n<p class=\"has-text-align-center\"><a href=\"http:\/\/etc6.ugb.ro\/\" target=\"_blank\" rel=\"noreferrer noopener\">The 6th Edition &#8211; 10-11 of May 2018<\/a><\/p>\n\n\n\n<p class=\"has-text-align-center\"><a href=\"http:\/\/etc5.ugb.ro\/\" target=\"_blank\" rel=\"noreferrer noopener\">The 5th Edition &#8211; 14-15 of May 2015<\/a><\/p>\n\n\n\n<p class=\"has-text-align-center\"><a href=\"http:\/\/etc4.ugb.ro\/\" target=\"_blank\" rel=\"noreferrer noopener\">The 4th Edition &#8211; 17-18 of May 2012<\/a><\/p>\n\n\n\n<p class=\"has-text-align-center\"><a href=\"http:\/\/etc3.ugb.ro\/\" target=\"_blank\" rel=\"noreferrer noopener\">The 3rd Edition &#8211; 13-14 of May 2011<\/a><\/p>\n<\/div>\n\n\n\n<div class=\"wp-block-column is-layout-flow wp-block-column-is-layout-flow\"><div class=\"wp-block-image\">\n<figure class=\"aligncenter size-large\"><img loading=\"lazy\" decoding=\"async\" width=\"300\" height=\"130\" src=\"https:\/\/www.ugb.ro\/wp-content\/uploads\/2020\/05\/decret-2.jpg\" alt=\"Revista Acta Universitas\" class=\"wp-image-344\"\/><figcaption class=\"wp-element-caption\">Conferin\u021ba DECRET<\/figcaption><\/figure>\n<\/div>\n\n\n<p class=\"has-text-align-center\"><a href=\"http:\/\/decret2019.ugb.ro\/\" target=\"_blank\" rel=\"noreferrer noopener\">DECRET 2019 &#8211; 14-15 Nov. 2019<\/a><\/p>\n\n\n\n<p class=\"has-text-align-center\"><a href=\"http:\/\/decret2018.ugb.ro\/\" target=\"_blank\" rel=\"noreferrer noopener\">DECRET 2018 &#8211; 22-23 Nov. 2018<\/a><\/p>\n\n\n\n<p class=\"has-text-align-center\"><a href=\"http:\/\/decret2017.ugb.ro\/\" target=\"_blank\" rel=\"noreferrer noopener\">DECRET 2017 &#8211; 09-10 Nov. 2017<\/a><\/p>\n\n\n\n<p class=\"has-text-align-center\"><a href=\"http:\/\/decret2016.ugb.ro\/\" target=\"_blank\" rel=\"noreferrer noopener\">DECRET 2016 &#8211; 24-25 Nov. 2016<\/a><\/p>\n\n\n\n<p class=\"has-text-align-center\"><a rel=\"noreferrer noopener\" href=\"http:\/\/decret2015.ugb.ro\/\" target=\"_blank\">DECRET 2015 &#8211; 19-20 Nov. 2015<\/a><\/p>\n<\/div>\n<\/div>\n\n\n\n<hr class=\"wp-block-separator has-text-color has-vivid-cyan-blue-color has-css-opacity has-vivid-cyan-blue-background-color has-background is-style-wide\"\/>\n\n\n\n<p>Anual se al\u0103tur\u0103 celor dou\u0103 evenimente \u0219i sesiunea de comunic\u0103ri \u0219tiin\u021bifice studen\u021be\u0219ti. O arhiv\u0103 a acestora poate fi consultat\u0103 mai jos:<\/p>\n\n\n\n<ul class=\"wp-block-list\">\n<li>Programul sesiunii de comunic\u0103ri \u0219tiin\u021bifice studen\u021be\u0219ti &#8211; Edi\u021bia 2023 &#8211; <a href=\"https:\/\/drive.google.com\/file\/d\/1R_CMkrWjjy8tcu8KQBTDc7Ou-EtDjar0\/view?usp=sharing\" target=\"_blank\" rel=\"noreferrer noopener\">click aici<\/a>.<\/li>\n\n\n\n<li>Programul sesiunii de comunic\u0103ri \u0219tiin\u021bifice studen\u021be\u0219ti &#8211; Edi\u021bia 2022 &#8211; <a href=\"https:\/\/drive.google.com\/file\/d\/14dl8WYv97LkWCH9sx_m7GnraVzkL9g16\/view?usp=sharing\" target=\"_blank\" rel=\"noreferrer noopener\">click aici<\/a>.<\/li>\n\n\n\n<li>Programul sesiunii de comunic\u0103ri \u0219tiin\u021bifice studen\u021be\u0219ti &#8211; Edi\u021bia 2021 &#8211; <a href=\"https:\/\/drive.google.com\/file\/d\/1fRCPBzv8Dn_pNnm_1dqNvvITthxzHUdI\/view?usp=sharing\" target=\"_blank\" rel=\"noreferrer noopener\">click aici<\/a>.<\/li>\n\n\n\n<li>Programul sesiunii de comunic\u0103ri \u0219tiin\u021bifice studen\u021be\u0219ti &#8211; Edi\u021bia 2020 &#8211; <a rel=\"noreferrer noopener\" href=\"https:\/\/drive.google.com\/file\/d\/1xhiPKqpeOgGgPPRQMtxnT_Uti1wvc5Og\/view?usp=sharing\" target=\"_blank\">click aici<\/a>.<\/li>\n\n\n\n<li>Programul sesiunii de comunic\u0103ri \u0219tiin\u021bifice studen\u021be\u0219ti &#8211; Edi\u021bia 2019 &#8211; <a rel=\"noreferrer noopener\" href=\"https:\/\/drive.google.com\/file\/d\/1n8NbUwkK7Y6HOlyu4DmCsC05vkac9MCY\/view?usp=sharing\" target=\"_blank\">click aici<\/a>.<\/li>\n\n\n\n<li>Programul sesiunii de comunic\u0103ri \u0219tiin\u021bifice studen\u021be\u0219ti &#8211; Edi\u021bia 2018 &#8211; <a rel=\"noreferrer noopener\" href=\"https:\/\/drive.google.com\/file\/d\/1OJHz3xf4Te-_Ky3MZXmclHSa_JvfBqka\/view?usp=sharing\" data-type=\"URL\" data-id=\"https:\/\/drive.google.com\/file\/d\/1OJHz3xf4Te-_Ky3MZXmclHSa_JvfBqka\/view?usp=sharing\" target=\"_blank\">click aici<\/a>.<\/li>\n\n\n\n<li>Programul sesiunii de comunic\u0103ri \u0219tiin\u021bifice studen\u021be\u0219ti &#8211; Edi\u021bia 2017 &#8211; <a rel=\"noreferrer noopener\" href=\"https:\/\/drive.google.com\/file\/d\/1u1V1ck7tiWrZLEMRJ197_3n6GMdzTK1o\/view?usp=sharing\" target=\"_blank\">click aici<\/a>.<\/li>\n\n\n\n<li>Programul sesiunii de comunic\u0103ri \u0219tiin\u021bifice studen\u021be\u0219ti &#8211; Edi\u021bia 2015 &#8211; <a rel=\"noreferrer noopener\" href=\"https:\/\/drive.google.com\/file\/d\/1IK0qqII1oP94jnRIlZ1kkr6zvAkB08zr\/view?usp=sharing\" target=\"_blank\">click aici<\/a>.<\/li>\n<\/ul>\n\n\n<div class=\"wp-block-image\">\n<figure class=\"aligncenter size-large\"><img loading=\"lazy\" decoding=\"async\" width=\"900\" height=\"600\" src=\"https:\/\/www.ugb.ro\/wp-content\/uploads\/2020\/05\/The-Advantages-of-Conferences.jpg\" alt=\"\" class=\"wp-image-348\" srcset=\"https:\/\/www.ugb.ro\/wp-content\/uploads\/2020\/05\/The-Advantages-of-Conferences.jpg 900w, https:\/\/www.ugb.ro\/wp-content\/uploads\/2020\/05\/The-Advantages-of-Conferences-300x200.jpg 300w, https:\/\/www.ugb.ro\/wp-content\/uploads\/2020\/05\/The-Advantages-of-Conferences-768x512.jpg 768w\" sizes=\"auto, (max-width: 900px) 100vw, 900px\" \/><figcaption class=\"wp-element-caption\">Conferinte UGB<\/figcaption><\/figure>\n<\/div>","protected":false},"excerpt":{"rendered":"<p>\u00cen cadrul Manifest\u0103rilor \u0219tiin\u021bifice anuale ale Universit\u0103\u021bii \u201eGeorge Bacovia\u201d din Bac\u0103u, planificate pentru perioada 18-22 noiembrie 2024, se vor organiza urm\u0103toarele conferin\u021be interna\u021bionale: Economy Transdisciplinarity&hellip;<\/p>\n","protected":false},"author":1,"featured_media":0,"parent":159,"menu_order":0,"comment_status":"closed","ping_status":"closed","template":"","meta":{"footnotes":""},"class_list":["post-70","page","type-page","status-publish","hentry"],"_links":{"self":[{"href":"https:\/\/www.ugb.ro\/index.php\/wp-json\/wp\/v2\/pages\/70","targetHints":{"allow":["GET"]}}],"collection":[{"href":"https:\/\/www.ugb.ro\/index.php\/wp-json\/wp\/v2\/pages"}],"about":[{"href":"https:\/\/www.ugb.ro\/index.php\/wp-json\/wp\/v2\/types\/page"}],"author":[{"embeddable":true,"href":"https:\/\/www.ugb.ro\/index.php\/wp-json\/wp\/v2\/users\/1"}],"replies":[{"embeddable":true,"href":"https:\/\/www.ugb.ro\/index.php\/wp-json\/wp\/v2\/comments?post=70"}],"version-history":[{"count":44,"href":"https:\/\/www.ugb.ro\/index.php\/wp-json\/wp\/v2\/pages\/70\/revisions"}],"predecessor-version":[{"id":1537,"href":"https:\/\/www.ugb.ro\/index.php\/wp-json\/wp\/v2\/pages\/70\/revisions\/1537"}],"up":[{"embeddable":true,"href":"https:\/\/www.ugb.ro\/index.php\/wp-json\/wp\/v2\/pages\/159"}],"wp:attachment":[{"href":"https:\/\/www.ugb.ro\/index.php\/wp-json\/wp\/v2\/media?parent=70"}],"curies":[{"name":"wp","href":"https:\/\/api.w.org\/{rel}","templated":true}]}}