{"id":68,"date":"2020-05-11T15:53:25","date_gmt":"2020-05-11T15:53:25","guid":{"rendered":"https:\/\/site.ugb.ro\/?page_id=68"},"modified":"2026-04-17T07:43:00","modified_gmt":"2026-04-17T07:43:00","slug":"programul-erasmus","status":"publish","type":"page","link":"https:\/\/www.ugb.ro\/index.php\/studii-2\/programul-erasmus\/","title":{"rendered":"Programul Erasmus +"},"content":{"rendered":"<div class=\"wp-block-image\">\n<figure class=\"aligncenter size-large\"><img loading=\"lazy\" decoding=\"async\" width=\"1024\" height=\"415\" src=\"https:\/\/www.ugb.ro\/wp-content\/uploads\/2020\/11\/erasmusplus-logo-all-en-300dpi-1024x415.jpg\" alt=\"\" class=\"wp-image-625\" srcset=\"https:\/\/www.ugb.ro\/wp-content\/uploads\/2020\/11\/erasmusplus-logo-all-en-300dpi-1024x415.jpg 1024w, https:\/\/www.ugb.ro\/wp-content\/uploads\/2020\/11\/erasmusplus-logo-all-en-300dpi-300x121.jpg 300w, https:\/\/www.ugb.ro\/wp-content\/uploads\/2020\/11\/erasmusplus-logo-all-en-300dpi-768x311.jpg 768w, https:\/\/www.ugb.ro\/wp-content\/uploads\/2020\/11\/erasmusplus-logo-all-en-300dpi.jpg 1042w\" sizes=\"auto, (max-width: 1024px) 100vw, 1024px\" \/><\/figure>\n<\/div>\n\n\n<p><strong>UNIVERSITATEA GEORGE BACOVIA<\/strong><\/p>\n\n\n\n<p>PIC: 949519130<\/p>\n\n\n\n<p>OID: E10098434<\/p>\n\n\n\n<p>ID Erasmus: RO BACAU02<\/p>\n\n\n\n<p>Coordonator Erasmus + Lect.univ.dr. Mihaela Vasiloaia, tel. 0740200628, email:&nbsp;<a href=\"mailto:erasmus@ugb.ro\" target=\"_blank\" rel=\"noreferrer noopener\">erasmus@ugb.ro<\/a><\/p>\n\n\n\n<p><strong>Erasmus+<\/strong> este programul Uniunii Europene \u00een domeniile educa\u021bie, formare profesional\u0103, tineret \u0219i sport pentru perioada 2021-2027; acesta ofer\u0103 oportunit\u0103\u021bi de mobilitate \u0219i cooperare pentru to\u021bi actorii implica\u021bi activ \u00een domeniile men\u021bionate, fie ca persoane sau ca institu\u021bii\/organiza\u021bii.<\/p>\n\n\n\n<p>Programul este un instrument-cheie care sprijin\u0103 \u00eendeplinirea obiectiveleor stabilite la nivel european prin Spa\u021biul european al educa\u021biei, Planul de ac\u021biune pentru educa\u021bia digital\u0103 (2021-2027), Strategia UE pentru tineret, Agenda pentru competen\u021be \u00een Europa \u0219i Planul de lucru al Uniunii Europene pentru sport.<\/p>\n\n\n\n<p><strong>Obiectivul general<\/strong> al programului Erasmus+ este de a sprijini dezvoltarea educa\u021bional\u0103, personal\u0103 \u0219i profesional\u0103 a persoanelor care \u00ee\u0219i desf\u0103\u0219oar\u0103 activitatea \u00een domeniile educa\u021bie, formare profesional\u0103, tineret \u0219i sport.<\/p>\n\n\n\n<p><br><strong>Tipuri de proiecte:<\/strong> Erasmus+ finan\u021beaz\u0103 proiecte de mobilitate a persoanelor \u00een scopul \u00eenv\u0103\u021b\u0103rii \u0219i proiecte de cooperare \u00eentre organiza\u021bii \u0219i institu\u021bii. De asemenea, programul ofer\u0103 sprijin pentru cooperare \u00een domeniul politicilor la nivelul UE.<\/p>\n\n\n\n<p><strong>Priorit\u0103\u021bile generale<\/strong> pentru perioada 2021-2027 sunt includerea \u0219i diversitatea, transformarea digital\u0103, mediul \u0219i combaterea schimb\u0103rilor climatice \u0219i, \u00een cazul sectorului de tineret, participarea la via\u021ba democratic\u0103.<\/p>\n\n\n\n<p>Erasmus Charter for higher education 2021-2027 awarded to George Bacovia University by European Commission &#8211; <a rel=\"noreferrer noopener\" href=\"https:\/\/drive.google.com\/file\/d\/1X3EHVtgr92o_aqAz5uOHcByHdMjGb2Cs\/view?usp=sharing\" target=\"_blank\">click here<\/a>.<\/p>\n\n\n\n<p>Strategia de interna\u021bionalizare a Universit\u0103\u021bii George Bacovia din Bac\u0103u. Aplicarea programelor Erasmus+ <a href=\"https:\/\/drive.google.com\/file\/d\/1JbyWL0bvNW0GDNr_6B0nfyEz6BQDt21v\/view?usp=share_link\" target=\"_blank\" rel=\"noreferrer noopener\">click aici<\/a>.<\/p>\n\n\n\n<p>Raportul Erasmus+ pentru perioada 2020-2025 &#8211; <a href=\"https:\/\/drive.google.com\/file\/d\/13KBGyA_2bUOp67ogIBGS4mKIPxZ1y5Ld\/view?usp=drive_link\" target=\"_blank\" rel=\"noreferrer noopener\">click aici<\/a>.<\/p>\n\n\n\n<p>Universit\u0103\u021bi partenere &#8211; <a href=\"https:\/\/drive.google.com\/file\/d\/1H99aFYUCP-FlPYljUqj2l_WuEZlmawy0\/view?usp=share_link\" target=\"_blank\" rel=\"noreferrer noopener\">click aici<\/a>.<\/p>\n\n\n\n<p>Erasmus+ Programme Guide 2023 &#8211; <a href=\"https:\/\/drive.google.com\/file\/d\/1-gRvHYqOcmqHRAMwbGt0QN_OJcHNX4DC\/view?usp=share_link\" target=\"_blank\" rel=\"noreferrer noopener\">click aici<\/a>.<\/p>\n\n\n\n<p><strong>Documente utile pentru cadre didactice \u00een mobilit\u0103\u021bi de predare<\/strong>:<\/p>\n\n\n\n<ul class=\"wp-block-list\">\n<li><strong><em>STA CERTIFICATE OF ATTENDANCE<\/em><\/strong> &#8211; <a rel=\"noreferrer noopener\" href=\"https:\/\/docs.google.com\/document\/d\/1ob1gpw5TAnkUSpMULVwb37fI5XgUfUix\/edit?usp=share_link&amp;ouid=108872938408157137515&amp;rtpof=true&amp;sd=true\" target=\"_blank\">click aici<\/a>.<\/li>\n\n\n\n<li><strong>STAFF MOBILITY FOR TEACHINGMOBILITY AGREEMENT<\/strong> &#8211; <a rel=\"noreferrer noopener\" href=\"https:\/\/docs.google.com\/document\/d\/1CuOkdqQ5dmKrJN4irnPpBzvKmWr3U94x\/edit?usp=share_link&amp;ouid=108872938408157137515&amp;rtpof=true&amp;sd=true\" target=\"_blank\">click aici<\/a>.<\/li>\n<\/ul>\n\n\n\n<p><strong>Useful documents for incoming students &#8211; <\/strong><a rel=\"noreferrer noopener\" href=\"https:\/\/drive.google.com\/file\/d\/1kedMP9I3asA5SAMjQfIE2s8Ril17G2It\/view?usp=sharing\" target=\"_blank\">click here<\/a>.<\/p>\n\n\n\n<p><strong>Useful documents for outgoing students<\/strong><\/p>\n\n\n\n<ul class=\"wp-block-list\">\n<li>Carta studentului Erasmus &#8211; <a rel=\"noreferrer noopener\" href=\"https:\/\/drive.google.com\/file\/d\/194t2tHmc75O_Qg7XcKDGJQIJZHcC3_8-\/view?usp=share_link\" target=\"_blank\">click aici<\/a>.<\/li>\n\n\n\n<li>SMS CERTIFICATE OF ATTENDANCE &#8211; <a rel=\"noreferrer noopener\" href=\"https:\/\/docs.google.com\/document\/d\/1j2U03g8albqgX8Y0yALTzzlYhhLpMttj\/edit?usp=share_link&amp;ouid=108872938408157137515&amp;rtpof=true&amp;sd=true\" target=\"_blank\">click aici<\/a>.<\/li>\n\n\n\n<li>Raport final studenti &#8211; <a rel=\"noreferrer noopener\" href=\"https:\/\/docs.google.com\/document\/d\/1kWmF0LzP7m0FaIYqyn1OE7kLpORC64rq\/edit?usp=share_link&amp;ouid=108872938408157137515&amp;rtpof=true&amp;sd=true\" target=\"_blank\">click aici<\/a>.<\/li>\n\n\n\n<li>RO_BACAU02 Learning agreement studies form &#8211; <a rel=\"noreferrer noopener\" href=\"https:\/\/docs.google.com\/document\/d\/105BlF9r2bGDS_xIJ2HSnrhmrDe3yiCqj\/edit?usp=share_link&amp;ouid=108872938408157137515&amp;rtpof=true&amp;sd=true\" target=\"_blank\">click aici<\/a>.<\/li>\n<\/ul>\n\n\n\n<p><\/p>\n","protected":false},"excerpt":{"rendered":"<p>UNIVERSITATEA GEORGE BACOVIA PIC: 949519130 OID: E10098434 ID Erasmus: RO BACAU02 Coordonator Erasmus + Lect.univ.dr. Mihaela Vasiloaia, tel. 0740200628, email:&nbsp;erasmus@ugb.ro Erasmus+ este programul Uniunii Europene&hellip;<\/p>\n","protected":false},"author":1,"featured_media":0,"parent":174,"menu_order":0,"comment_status":"closed","ping_status":"closed","template":"","meta":{"footnotes":""},"class_list":["post-68","page","type-page","status-publish","hentry"],"_links":{"self":[{"href":"https:\/\/www.ugb.ro\/index.php\/wp-json\/wp\/v2\/pages\/68","targetHints":{"allow":["GET"]}}],"collection":[{"href":"https:\/\/www.ugb.ro\/index.php\/wp-json\/wp\/v2\/pages"}],"about":[{"href":"https:\/\/www.ugb.ro\/index.php\/wp-json\/wp\/v2\/types\/page"}],"author":[{"embeddable":true,"href":"https:\/\/www.ugb.ro\/index.php\/wp-json\/wp\/v2\/users\/1"}],"replies":[{"embeddable":true,"href":"https:\/\/www.ugb.ro\/index.php\/wp-json\/wp\/v2\/comments?post=68"}],"version-history":[{"count":20,"href":"https:\/\/www.ugb.ro\/index.php\/wp-json\/wp\/v2\/pages\/68\/revisions"}],"predecessor-version":[{"id":1885,"href":"https:\/\/www.ugb.ro\/index.php\/wp-json\/wp\/v2\/pages\/68\/revisions\/1885"}],"up":[{"embeddable":true,"href":"https:\/\/www.ugb.ro\/index.php\/wp-json\/wp\/v2\/pages\/174"}],"wp:attachment":[{"href":"https:\/\/www.ugb.ro\/index.php\/wp-json\/wp\/v2\/media?parent=68"}],"curies":[{"name":"wp","href":"https:\/\/api.w.org\/{rel}","templated":true}]}}