{"id":64,"date":"2020-05-11T15:52:28","date_gmt":"2020-05-11T15:52:28","guid":{"rendered":"https:\/\/site.ugb.ro\/?page_id=64"},"modified":"2025-05-14T12:01:53","modified_gmt":"2025-05-14T12:01:53","slug":"studii-de-master","status":"publish","type":"page","link":"https:\/\/www.ugb.ro\/index.php\/studii-2\/studii-de-master\/","title":{"rendered":"Studii de master"},"content":{"rendered":"\n<p>Studiile de master se deruleaz\u0103 pe parcursul a dou\u0103 sau patru semestre \u015fi se adreseaz\u0103 celor care vor s\u0103 aprofundeze \u015fi s\u0103 se specializeze \u00een domenii ce \u0163in de economie\/afaceri (\u015fi vor s\u0103 accead\u0103 la posturi \u00een companii din toate categoriile sau institu\u0163ii publice), c\u00e2t \u015fi celor care au absolvit specializ\u0103ri din alte domenii (tehnice, \u015ftiin\u0163ele naturii, medicin\u0103 etc.) \u015fi vor s\u0103 descifreze mecanismele func\u0163ion\u0103rii companiilor, pie\u0163elor \u015fi institu\u0163iilor publice centrale sau locale.<\/p>\n\n\n\n<ul class=\"wp-block-list\">\n<li><strong>Specializ\u0103ri:<\/strong>\n<ul class=\"wp-block-list\">\n<li><strong><a href=\"https:\/\/www.ugb.ro\/index.php\/studii-2\/studii-de-master\/specializarea-managementul-institutiilor-din-administratia-publica\/\" data-type=\"URL\" data-id=\"https:\/\/www.ugb.ro\/index.php\/studii-2\/studii-de-master\/specializarea-managementul-institutiilor-din-administratia-publica\/\">Managementul institu\u0163iilor din administra\u0163ia public\u0103<\/a><\/strong><\/li>\n\n\n\n<li><strong><a href=\"https:\/\/www.ugb.ro\/index.php\/studii-2\/studii-de-master\/specializarea-managementul-afacerilor\/\" data-type=\"URL\" data-id=\"https:\/\/www.ugb.ro\/index.php\/studii-2\/studii-de-master\/specializarea-managementul-afacerilor\/\">Managementul afacerilor<\/a><\/strong><\/li>\n\n\n\n<li><strong><a href=\"https:\/\/www.ugb.ro\/index.php\/studii-2\/studii-de-master\/specializarea-cariera-judiciara\/\" data-type=\"URL\" data-id=\"https:\/\/www.ugb.ro\/index.php\/studii-2\/studii-de-master\/specializarea-cariera-judiciara\/\">Carier\u0103 judiciar\u0103<\/a><\/strong><\/li>\n\n\n\n<li><strong><a href=\"https:\/\/www.ugb.ro\/index.php\/studii-2\/studii-de-master\/specializarea-stiinte-penale-si-criminalistica\/\" data-type=\"URL\" data-id=\"https:\/\/www.ugb.ro\/index.php\/studii-2\/studii-de-master\/specializarea-stiinte-penale-si-criminalistica\/\">\u0218tiin\u021be penale \u0219i criminalistic\u0103<\/a><\/strong><\/li>\n\n\n\n<li><strong><a href=\"https:\/\/www.ugb.ro\/index.php\/studii-2\/studii-de-master\/specializarea-drept-antreprenorial\/\" data-type=\"URL\" data-id=\"https:\/\/www.ugb.ro\/index.php\/studii-2\/studii-de-master\/specializarea-drept-antreprenorial\/\">Drept antreprenorial<\/a><\/strong><\/li>\n<\/ul>\n<\/li>\n<\/ul>\n\n\n\n<div class=\"wp-block-buttons is-layout-flex wp-block-buttons-is-layout-flex\">\n<div class=\"wp-block-button\"><a class=\"wp-block-button__link wp-element-button\" href=\"https:\/\/admitere.ugb.ro\/inscriere-online\">Inscrie-te online &#8211; Admitere 2025<\/a><\/div>\n<\/div>\n","protected":false},"excerpt":{"rendered":"<p>Studiile de master se deruleaz\u0103 pe parcursul a dou\u0103 sau patru semestre \u015fi se adreseaz\u0103 celor care vor s\u0103 aprofundeze \u015fi s\u0103 se specializeze \u00een&hellip;<\/p>\n","protected":false},"author":1,"featured_media":0,"parent":174,"menu_order":0,"comment_status":"closed","ping_status":"closed","template":"","meta":{"footnotes":""},"class_list":["post-64","page","type-page","status-publish","hentry"],"_links":{"self":[{"href":"https:\/\/www.ugb.ro\/index.php\/wp-json\/wp\/v2\/pages\/64","targetHints":{"allow":["GET"]}}],"collection":[{"href":"https:\/\/www.ugb.ro\/index.php\/wp-json\/wp\/v2\/pages"}],"about":[{"href":"https:\/\/www.ugb.ro\/index.php\/wp-json\/wp\/v2\/types\/page"}],"author":[{"embeddable":true,"href":"https:\/\/www.ugb.ro\/index.php\/wp-json\/wp\/v2\/users\/1"}],"replies":[{"embeddable":true,"href":"https:\/\/www.ugb.ro\/index.php\/wp-json\/wp\/v2\/comments?post=64"}],"version-history":[{"count":8,"href":"https:\/\/www.ugb.ro\/index.php\/wp-json\/wp\/v2\/pages\/64\/revisions"}],"predecessor-version":[{"id":1716,"href":"https:\/\/www.ugb.ro\/index.php\/wp-json\/wp\/v2\/pages\/64\/revisions\/1716"}],"up":[{"embeddable":true,"href":"https:\/\/www.ugb.ro\/index.php\/wp-json\/wp\/v2\/pages\/174"}],"wp:attachment":[{"href":"https:\/\/www.ugb.ro\/index.php\/wp-json\/wp\/v2\/media?parent=64"}],"curies":[{"name":"wp","href":"https:\/\/api.w.org\/{rel}","templated":true}]}}