{"id":62,"date":"2020-05-11T15:51:57","date_gmt":"2020-05-11T15:51:57","guid":{"rendered":"https:\/\/site.ugb.ro\/?page_id=62"},"modified":"2025-07-03T09:06:57","modified_gmt":"2025-07-03T09:06:57","slug":"studii-de-licenta","status":"publish","type":"page","link":"https:\/\/www.ugb.ro\/index.php\/studii-2\/studii-de-licenta\/","title":{"rendered":"Studii de licen\u021b\u0103"},"content":{"rendered":"\n<p>Studiile de licen\u0163\u0103 se deruleaz\u0103 pe parcursul a \u015fase \/ opt semestre (Sistemul Bologna), ob\u0163inerea Diplomei de licen\u0163\u0103 este condi\u0163ionat\u0103 de acumularea de 180 \/ 240 de credite (ECTS). Diploma de licen\u021b\u0103 este \u00eenso\u021bit\u0103 de un supliment de diplom\u0103 care permite absolven\u021bilor integrarea pe pia\u021ba muncii sau continuarea studiilor (postuniversitare, doctorale etc.) \u00eentr-o alt\u0103 universitate din spa\u021biul european.<\/p>\n\n\n\n<p>Succesul oric\u0103rei organiza\u0163ii, \u00eendeosebi condi\u0163iile unei economii libere, concuren\u0163iale, depinde \u00een foarte mare m\u0103sur\u0103 de calitatea resurselor sale umane. De aceea ne str\u0103duim s\u0103 form\u0103m, prin specializ\u0103rile facult\u0103\u0163ii noastre, viitori speciali\u015fti care s\u0103 corespund\u0103 cerin\u0163elor \u015fi exigen\u0163elor economiei de pia\u0163\u0103, profesioni\u015fti cu un profil larg, capabili s\u0103 rezolve problemele socio-economice din ce \u00een ce mai complexe.<\/p>\n\n\n\n<p>\u00centreaga activitate din facultate este centrat\u0103 pe nevoile multiple de formare ale studentului care este consiliat pe parcursul anilor de studiu.Standardele de calitate implementate de facultate fac din aceasta o entitate distinct\u0103 a universit\u0103\u0163ii, seriozitatea \u015fi profunzimea abord\u0103rilor \u00een rela\u0163iile studen\u0163i-profesori constituind o garan\u0163ie a reu\u015fitei \u00een carier\u0103 pentru absolven\u0163i.<\/p>\n\n\n\n<p>Studen\u0163ii facult\u0103\u0163ii noastre sunt preg\u0103ti\u0163i de un valoros corp didactic, care \u00ee\u015fi desf\u0103\u015foar\u0103 activitatea realiz\u00e2nd cursuri interactive, lucr\u0103ri practice, seminarii, \u00eendrumarea cercurilor \u015ftiin\u0163ifice studen\u0163e\u015fti, conducerea de lucr\u0103ri de licen\u0163\u0103 \u015fi diserta\u0163ie, \u00eendrumarea practicii de specialitate etc. Componen\u0163a corpului didactic eviden\u0163iat\u0103 \u00eembinarea experien\u0163ei profesorilor, cu mul\u0163i ani de experien\u0163\u0103 \u00een \u00eenv\u0103\u0163\u0103m\u00e2nt \u015fi alte domenii ale economiei, cu ambi\u0163ia, entuziasmul \u015fi spiritul novator al cadrelor tinere.<\/p>\n\n\n\n<ul class=\"wp-block-list\">\n<li><a href=\"https:\/\/www.ugb.ro\/index.php\/specializarea-informatica\/\"><strong>Informatic\u0103<\/strong><\/a> &#8211; domeniul de licen\u021b\u0103 Informatic\u0103,\u00a0forma de \u00eenv\u0103\u021b\u0103m\u00e2nt cu frecven\u021b\u0103 50 de locuri;<\/li>\n\n\n\n<li><strong><a href=\"https:\/\/www.ugb.ro\/index.php\/studii-2\/studii-de-licenta\/specializarea-administratie-publica\/\">Administratie publica&nbsp;<\/a><\/strong>\u2013 domeniul de licen\u021b\u0103 Stiinte administrative,&nbsp;forma de \u00eenv\u0103\u021b\u0103m\u00e2nt cu frecven\u021b\u0103 90 de locuri;<\/li>\n\n\n\n<li><strong><a href=\"https:\/\/www.ugb.ro\/index.php\/studii-2\/studii-de-licenta\/specializarea-drept\/\">Drept<\/a><\/strong>&nbsp;\u2013 domeniul de licen\u021b\u0103 Drept,&nbsp;forma de \u00eenv\u0103\u021b\u0103m\u00e2nt cu frecven\u021b\u0103 90 de locuri;<\/li>\n\n\n\n<li><strong><a href=\"https:\/\/www.ugb.ro\/index.php\/studii-2\/studii-de-licenta\/specializarea-economia-comertului-turismului-si-serviciilor\/\" data-type=\"URL\" data-id=\"https:\/\/www.ugb.ro\/index.php\/studii-2\/studii-de-licenta\/specializarea-economia-comertului-turismului-si-serviciilor\/\">Economia comer\u0163ului, turismului \u015fi serviciilor<\/a><\/strong>&nbsp;\u2013 domeniul de licen\u021b\u0103 Administrarea afacerilor,&nbsp;forma de \u00eenv\u0103\u021b\u0103m\u00e2nt cu frecven\u021b\u0103 60 de locuri;<\/li>\n\n\n\n<li><strong><a href=\"https:\/\/www.ugb.ro\/index.php\/studii-2\/studii-de-licenta\/specializarea-management\/\" data-type=\"URL\" data-id=\"https:\/\/www.ugb.ro\/index.php\/studii-2\/studii-de-licenta\/specializarea-management\/\">Management&nbsp;<\/a><\/strong>\u2013 domeniul de licen\u021b\u0103 Management,&nbsp;forma de \u00eenv\u0103\u021b\u0103m\u00e2nt cu frecven\u021b\u0103 60 de locuri;<\/li>\n<\/ul>\n\n\n\n<div class=\"wp-block-buttons is-layout-flex wp-block-buttons-is-layout-flex\">\n<div class=\"wp-block-button\"><a class=\"wp-block-button__link wp-element-button\" href=\"https:\/\/admitere.ugb.ro\/inscriere-online\" target=\"_blank\" rel=\"noreferrer noopener\">Inscrie-te online &#8211; Admitere 2025<\/a><\/div>\n<\/div>\n\n\n\n<p><\/p>\n\n\n\n<p><\/p>\n","protected":false},"excerpt":{"rendered":"<p>Studiile de licen\u0163\u0103 se deruleaz\u0103 pe parcursul a \u015fase \/ opt semestre (Sistemul Bologna), ob\u0163inerea Diplomei de licen\u0163\u0103 este condi\u0163ionat\u0103 de acumularea de 180 \/&hellip;<\/p>\n","protected":false},"author":1,"featured_media":0,"parent":174,"menu_order":0,"comment_status":"closed","ping_status":"closed","template":"","meta":{"footnotes":""},"class_list":["post-62","page","type-page","status-publish","hentry"],"_links":{"self":[{"href":"https:\/\/www.ugb.ro\/index.php\/wp-json\/wp\/v2\/pages\/62","targetHints":{"allow":["GET"]}}],"collection":[{"href":"https:\/\/www.ugb.ro\/index.php\/wp-json\/wp\/v2\/pages"}],"about":[{"href":"https:\/\/www.ugb.ro\/index.php\/wp-json\/wp\/v2\/types\/page"}],"author":[{"embeddable":true,"href":"https:\/\/www.ugb.ro\/index.php\/wp-json\/wp\/v2\/users\/1"}],"replies":[{"embeddable":true,"href":"https:\/\/www.ugb.ro\/index.php\/wp-json\/wp\/v2\/comments?post=62"}],"version-history":[{"count":9,"href":"https:\/\/www.ugb.ro\/index.php\/wp-json\/wp\/v2\/pages\/62\/revisions"}],"predecessor-version":[{"id":1772,"href":"https:\/\/www.ugb.ro\/index.php\/wp-json\/wp\/v2\/pages\/62\/revisions\/1772"}],"up":[{"embeddable":true,"href":"https:\/\/www.ugb.ro\/index.php\/wp-json\/wp\/v2\/pages\/174"}],"wp:attachment":[{"href":"https:\/\/www.ugb.ro\/index.php\/wp-json\/wp\/v2\/media?parent=62"}],"curies":[{"name":"wp","href":"https:\/\/api.w.org\/{rel}","templated":true}]}}