{"id":310,"date":"2020-05-19T11:26:22","date_gmt":"2020-05-19T11:26:22","guid":{"rendered":"https:\/\/site.ugb.ro\/?page_id=310"},"modified":"2020-08-17T07:46:43","modified_gmt":"2020-08-17T07:46:43","slug":"avizier-electronic","status":"publish","type":"page","link":"https:\/\/www.ugb.ro\/index.php\/studii-2\/avizier-electronic\/","title":{"rendered":"Avizier electronic"},"content":{"rendered":"\n<p>\u00cen momentul acces\u0103rii anumitor informa\u021bii publicate la avizierul electronic, va fi solicitat\u0103  conectarea la contul dumneavoastr\u0103 @ugb.ro &#8211; accesul la aceste informa\u021bii nefiind permis conturilor din afara acestui domeniu. NU solicita\u021bi accesul de pe adrese de email din exteriorul domeniului ugb.ro \u00eentruc\u00e2t nu ve\u021bi primi r\u0103spuns la astfel de solicit\u0103ri.<\/p>\n\n\n\n<p>To\u021bi membrii din comunitatea Universit\u0103\u021bii George Bacovia din Bac\u0103u (studen\u021bi, absolven\u021bi, cadre didactice \u0219i personal didactic auxiliar) au cont de tip Google pe domeniul internet <strong>ugb.ro<\/strong>. <\/p>\n\n\n\n<p>Prin intermediul acestui cont ave\u021bi garantat accesul la toate serviciile Google, cum ar fi:<\/p>\n\n\n\n<ul class=\"wp-block-list\"><li>Gmail &#8211; mail.ugb.ro<\/li><li>GDrive &#8211; docs.ugb.ro<\/li><li>Site-uri google &#8211; sites.ugb.ro<\/li><li>Google Calendar &#8211; calendar.ugb.ro<\/li><li>Google Classroom &#8211; classroom.google.com<\/li><li>Youtube &#8211; youtube.com etc.<\/li><\/ul>\n\n\n\n<p>Formatul implicit al acestor conturi este <strong>prenume.nume@ugb.ro<\/strong> \u0219i parola ini\u021bial\u0103 este format\u0103 din <strong>CNP-ul titularului<\/strong>. \u00cen cazul persoanelor care au dou\u0103 sau mai multe prenume sau nume, acestea sunt \u00een ordinea din certificatul de na\u0219tere \u0219i separate prin semnul \u201d-\u201d (<strong>prenume1-prenume2.nume1-nume2@ugb.ro<\/strong>).<\/p>\n\n\n\n<p>Toate aceste conturi sunt generate \u00een momentul \u00een care titularul devine oficial membru al comunit\u0103\u021bii academice \u0219i vor r\u0103m\u00e2ne active pe termen nelimitat.<\/p>\n\n\n\n<h2 class=\"has-text-align-center wp-block-heading\">Acceseaz\u0103 Avizierul electronic<\/h2>\n\n\n\n<div class=\"wp-block-image\"><figure class=\"aligncenter size-large\"><a href=\"https:\/\/avizier.ugb.ro\/\"><img loading=\"lazy\" decoding=\"async\" width=\"308\" height=\"261\" src=\"https:\/\/site.ugb.ro\/wp-content\/uploads\/2020\/05\/info011.jpg\" alt=\"\" class=\"wp-image-311\" srcset=\"https:\/\/www.ugb.ro\/wp-content\/uploads\/2020\/05\/info011.jpg 308w, https:\/\/www.ugb.ro\/wp-content\/uploads\/2020\/05\/info011-300x254.jpg 300w\" sizes=\"auto, (max-width: 308px) 100vw, 308px\" \/><\/a><figcaption>Pentru acces la Avizierul electronic d\u0103 un click pe imagine.<\/figcaption><\/figure><\/div>\n\n\n\n<p>Pentru orice problem\u0103 legat\u0103 de contul dumneavoastr\u0103 trimite\u021bi un mesaj la adresa <a href=\"mailto:radu.bucsa@ugb.ro\">radu.bucsa@ugb.ro<\/a>.<\/p>\n","protected":false},"excerpt":{"rendered":"<p>\u00cen momentul acces\u0103rii anumitor informa\u021bii publicate la avizierul electronic, va fi solicitat\u0103 conectarea la contul dumneavoastr\u0103 @ugb.ro &#8211; accesul la aceste informa\u021bii nefiind permis conturilor&hellip;<\/p>\n","protected":false},"author":1,"featured_media":0,"parent":174,"menu_order":0,"comment_status":"closed","ping_status":"closed","template":"","meta":{"footnotes":""},"class_list":["post-310","page","type-page","status-publish","hentry"],"_links":{"self":[{"href":"https:\/\/www.ugb.ro\/index.php\/wp-json\/wp\/v2\/pages\/310","targetHints":{"allow":["GET"]}}],"collection":[{"href":"https:\/\/www.ugb.ro\/index.php\/wp-json\/wp\/v2\/pages"}],"about":[{"href":"https:\/\/www.ugb.ro\/index.php\/wp-json\/wp\/v2\/types\/page"}],"author":[{"embeddable":true,"href":"https:\/\/www.ugb.ro\/index.php\/wp-json\/wp\/v2\/users\/1"}],"replies":[{"embeddable":true,"href":"https:\/\/www.ugb.ro\/index.php\/wp-json\/wp\/v2\/comments?post=310"}],"version-history":[{"count":7,"href":"https:\/\/www.ugb.ro\/index.php\/wp-json\/wp\/v2\/pages\/310\/revisions"}],"predecessor-version":[{"id":463,"href":"https:\/\/www.ugb.ro\/index.php\/wp-json\/wp\/v2\/pages\/310\/revisions\/463"}],"up":[{"embeddable":true,"href":"https:\/\/www.ugb.ro\/index.php\/wp-json\/wp\/v2\/pages\/174"}],"wp:attachment":[{"href":"https:\/\/www.ugb.ro\/index.php\/wp-json\/wp\/v2\/media?parent=310"}],"curies":[{"name":"wp","href":"https:\/\/api.w.org\/{rel}","templated":true}]}}