{"id":21,"date":"2020-05-11T15:29:33","date_gmt":"2020-05-11T15:29:33","guid":{"rendered":"https:\/\/site.ugb.ro\/?page_id=21"},"modified":"2020-10-05T11:38:41","modified_gmt":"2020-10-05T11:38:41","slug":"mesajul-rectorului","status":"publish","type":"page","link":"https:\/\/www.ugb.ro\/index.php\/despre-noi\/mesajul-rectorului\/","title":{"rendered":"Mesajul rectorului"},"content":{"rendered":"\n<p><strong>Dragi colegi din comunitatea Universit\u0103\u021bii George Bacovia<\/strong>,<\/p>\n\n\n\n<div class=\"wp-block-image\"><figure class=\"alignleft size-large is-resized\"><img loading=\"lazy\" decoding=\"async\" src=\"https:\/\/www.ugb.ro\/wp-content\/uploads\/2020\/10\/AOP.jpg\" alt=\"\" class=\"wp-image-510\" width=\"148\" height=\"188\" srcset=\"https:\/\/www.ugb.ro\/wp-content\/uploads\/2020\/10\/AOP.jpg 414w, https:\/\/www.ugb.ro\/wp-content\/uploads\/2020\/10\/AOP-235x300.jpg 235w\" sizes=\"auto, (max-width: 148px) 100vw, 148px\" \/><\/figure><\/div>\n\n\n\n<p>Intr\u0103m \u00eempreun\u0103 \u00eentr-o nou\u0103 etap\u0103 a&nbsp;Universit\u0103\u021bii ,,George Bacovia\u2018\u2018 din Bac\u0103u, \u00een care ne propunem s\u0103 transform\u0103m universitatea \u00eentr-un pol important al comunit\u0103\u0163ii academice na\u0163ionale, o institu\u0163ie implicat\u0103 \u00een economia \u015fi dezvoltarea local\u0103, care se manifest\u0103 antreprenorial, inovativ, eficient \u0219i transparent.&nbsp;<\/p>\n\n\n\n<p>Universitatea \u201dGeorge Bacovia\u201d din Bac\u0103u este \u00eentre primele \u0219ase universit\u0103\u021bi particulare acreditate din \u021bar\u0103 prin Legea 237 din 23 aprilie 2002. Acreditarea s-a realizat prin \u00eenfiin\u021barea\/func\u021bionarea Facult\u0103\u021bii de Contabilitate \u0219i Informatic\u0103 de Gestiune (CIG), prima facultate particular\u0103 cu acest profil acreditat\u0103 \u00een Rom\u00e2nia. Au urmat apoi specializ\u0103ri de Management, Marketing, Administra\u021bie public\u0103 \u0219i Drept. Prin fondatorii, profesorii, cercet\u0103torii, personalul didactic auxiliar,&nbsp; prin studen\u021bii \u0219i absolven\u021bii ei, Universitatea ,,George Bacovia\u2018\u2018 din Bac\u0103u contribuie la progresul cultural, \u0219tiin\u021bific \u0219i spiritual.<\/p>\n\n\n\n<p>Prima noastr\u0103 prioritate o reprezint\u0103 studen\u021bii. Personal, am \u00eenv\u0103\u021bat multe din discu\u021biile cu studen\u021bii \u0219i reprezentan\u021bii acestora. Am constatat c\u0103, dac\u0103 reu\u0219im s\u0103 cre\u0103m&nbsp; un dialog permanent cu ei, apar idei bune \u0219i implicare \u00een activit\u0103\u021bi educa\u021bionale \u0219i comunitare.&nbsp; Cred c\u0103 un profesor trebuie s\u0103 reprezinte un model prin \u021binut\u0103, caracter, capacitatea de a comunica \u0219i de a ini\u021bia dialoguri, abilitatea de a transmite informa\u021bii \u0219i de a trezi interesul. O a doua prioritate este deschiderea c\u0103tre mediul de afaceri \u0219i c\u0103tre comunitate. Urm\u0103rim s\u0103 dezvolt\u0103m proiecte care s\u0103 contribuie la dezvoltarea local\u0103 \u0219i la rezolvarea optim\u0103 problemelor cu care ne confrunt\u0103m.<\/p>\n\n\n\n<p>\u00cenceputul anului universitar 2020-2021 se afl\u0103 sub provoc\u0103rile crizei medicale COVID-19 \u0219i ale necesit\u0103\u021bii de a furniza, \u00een aceast\u0103 situa\u021bie, o educa\u021bie de calitate. Tr\u0103im momente f\u0103r\u0103 precedent. \u00centreaga lume este afectat\u0103 de aceast\u0103 situa\u021bie de neimaginat acum c\u00e2teva luni. Colegii mei profesori s-au implicat intens \u00een sus\u021binerea activit\u0103\u021bii didactice \u00een mediul online. A\u0219adar cred c\u0103, uni\u021bi \u0219i responsabili, am reu\u0219it s\u0103 minimiz\u0103m impactul educa\u021bional negativ al distan\u021b\u0103rii fizice, astfel \u00eenc\u00e2t, dup\u0103 \u00eencheierea st\u0103rii de urgen\u021b\u0103\/alert\u0103 s\u0103 putem re\u00eencepe activitatea \u00een condi\u021bii normale. Vreau s\u0103 informez studen\u021bii c\u0103 \u00eempreun\u0103 cu colegii mei, suntem ner\u0103bd\u0103tori s\u0103 relu\u0103m activitatea fireasc\u0103 la catedr\u0103, s\u0103 parcurgem toate activit\u0103\u021bile cuprinse \u00een structura anului universitar, colocvii, examene, examene de finalizare a studiilor, \u00eens\u0103 suntem preg\u0103ti\u021bi \u0219i pentru desf\u0103\u0219urarea acestora \u00een mediul online.<\/p>\n\n\n\n<p>Suntem l\u00e2ng\u0103 studen\u021bii no\u0219tri, at\u00e2t la catedr\u0103 c\u00e2t \u0219i online. Sunt convins c\u0103 \u00eempreun\u0103 vom ie\u0219i mai puternici din aceast\u0103 criz\u0103.<\/p>\n\n\n\n<p>Recomand cu c\u0103ldur\u0103 tuturor celor care \u00ee\u0219i doresc o carier\u0103 de succes s\u0103 se al\u0103ture comunit\u0103\u021bii noastre universitare.<\/p>\n\n\n\n<p><em>Vivat Academia!<\/em><strong><\/strong><\/p>\n\n\n\n<p><strong>Cu pre\u021buire,<br>Conf. univ. dr. Andrei Octavian Paraschivescu<br>RECTOR<\/strong><\/p>\n","protected":false},"excerpt":{"rendered":"<p>Dragi colegi din comunitatea Universit\u0103\u021bii George Bacovia, Intr\u0103m \u00eempreun\u0103 \u00eentr-o nou\u0103 etap\u0103 a&nbsp;Universit\u0103\u021bii ,,George Bacovia\u2018\u2018 din Bac\u0103u, \u00een care ne propunem s\u0103 transform\u0103m universitatea \u00eentr-un&hellip;<\/p>\n","protected":false},"author":1,"featured_media":0,"parent":155,"menu_order":0,"comment_status":"closed","ping_status":"closed","template":"","meta":{"footnotes":""},"class_list":["post-21","page","type-page","status-publish","hentry"],"_links":{"self":[{"href":"https:\/\/www.ugb.ro\/index.php\/wp-json\/wp\/v2\/pages\/21","targetHints":{"allow":["GET"]}}],"collection":[{"href":"https:\/\/www.ugb.ro\/index.php\/wp-json\/wp\/v2\/pages"}],"about":[{"href":"https:\/\/www.ugb.ro\/index.php\/wp-json\/wp\/v2\/types\/page"}],"author":[{"embeddable":true,"href":"https:\/\/www.ugb.ro\/index.php\/wp-json\/wp\/v2\/users\/1"}],"replies":[{"embeddable":true,"href":"https:\/\/www.ugb.ro\/index.php\/wp-json\/wp\/v2\/comments?post=21"}],"version-history":[{"count":9,"href":"https:\/\/www.ugb.ro\/index.php\/wp-json\/wp\/v2\/pages\/21\/revisions"}],"predecessor-version":[{"id":513,"href":"https:\/\/www.ugb.ro\/index.php\/wp-json\/wp\/v2\/pages\/21\/revisions\/513"}],"up":[{"embeddable":true,"href":"https:\/\/www.ugb.ro\/index.php\/wp-json\/wp\/v2\/pages\/155"}],"wp:attachment":[{"href":"https:\/\/www.ugb.ro\/index.php\/wp-json\/wp\/v2\/media?parent=21"}],"curies":[{"name":"wp","href":"https:\/\/api.w.org\/{rel}","templated":true}]}}