{"id":2,"date":"2020-05-11T15:04:47","date_gmt":"2020-05-11T15:04:47","guid":{"rendered":"https:\/\/site.ugb.ro\/?page_id=2"},"modified":"2026-01-09T09:45:27","modified_gmt":"2026-01-09T09:45:27","slug":"pagina-exemplu","status":"publish","type":"page","link":"https:\/\/www.ugb.ro\/","title":{"rendered":"Bun venit"},"content":{"rendered":"\n<div class=\"wp-block-group\"><div class=\"wp-block-group__inner-container is-layout-flow wp-block-group-is-layout-flow\">\n<div class=\"wp-block-columns is-layout-flex wp-container-core-columns-is-layout-9d6595d7 wp-block-columns-is-layout-flex\"><\/div>\n\n\n\n<div class=\"alignwide\"><div id=\"metaslider-id-1029\" style=\"width: 100%;\" class=\"ml-slider-3-108-0 metaslider metaslider-flex metaslider-1029 ml-slider hide-arrows-smartphone hide-arrows-tablet hide-arrows-laptop hide-arrows-desktop has-dots-nav ms-theme-outline\" role=\"region\" aria-label=\"UGB\" data-height=\"300\" data-width=\"700\">\n    <div id=\"metaslider_container_1029\">\n        <div id=\"metaslider_1029\">\n            <ul class='slides'>\n                <li style=\"display: block; width: 100%;\" class=\"slide-1032 ms-image \" aria-roledescription=\"slide\" data-date=\"2022-05-23 08:57:44\" data-filename=\"DSC_2665-2-700x300.jpg\" data-slide-type=\"image\"><img loading=\"lazy\" decoding=\"async\" src=\"https:\/\/www.ugb.ro\/wp-content\/uploads\/2020\/10\/DSC_2665-2-700x300.jpg\" height=\"300\" width=\"700\" alt=\"\" class=\"slider-1029 slide-1032 msDefaultImage\" title=\"DSC_2665\" \/><\/li>\n                <li style=\"display: none; width: 100%;\" class=\"slide-1035 ms-image \" aria-roledescription=\"slide\" data-date=\"2022-05-23 08:57:44\" data-filename=\"DSC_4321-2-700x300.jpg\" data-slide-type=\"image\"><img loading=\"lazy\" decoding=\"async\" src=\"https:\/\/www.ugb.ro\/wp-content\/uploads\/2020\/10\/DSC_4321-2-700x300.jpg\" height=\"300\" width=\"700\" alt=\"\" class=\"slider-1029 slide-1035 msDefaultImage\" title=\"DSC_4321\" \/><\/li>\n                <li style=\"display: none; width: 100%;\" class=\"slide-1031 ms-image \" aria-roledescription=\"slide\" data-date=\"2022-05-23 08:57:44\" data-filename=\"Picture-022-700x300.jpg\" data-slide-type=\"image\"><img loading=\"lazy\" decoding=\"async\" src=\"https:\/\/www.ugb.ro\/wp-content\/uploads\/2020\/08\/Picture-022-700x300.jpg\" height=\"300\" width=\"700\" alt=\"Bun venit la UGB\" class=\"slider-1029 slide-1031 msDefaultImage\" title=\"Picture-022\" \/><div class=\"caption-wrap\"><div class=\"caption\">Universitatea George Bacovia din Bacau<\/div><\/div><\/li>\n                <li style=\"display: none; width: 100%;\" class=\"slide-1037 ms-image \" aria-roledescription=\"slide\" data-date=\"2022-05-23 08:57:44\" data-filename=\"manifestari-stiintif-471-700x300.jpg\" data-slide-type=\"image\"><img loading=\"lazy\" decoding=\"async\" src=\"https:\/\/www.ugb.ro\/wp-content\/uploads\/2020\/10\/manifestari-stiintif-471-700x300.jpg\" height=\"300\" width=\"700\" alt=\"\" class=\"slider-1029 slide-1037 msDefaultImage\" title=\"manifestari stiintif 471\" \/><\/li>\n                <li style=\"display: none; width: 100%;\" class=\"slide-1034 ms-image \" aria-roledescription=\"slide\" data-date=\"2022-05-23 08:57:44\" data-filename=\"DSC_3994y-700x300.jpg\" data-slide-type=\"image\"><img loading=\"lazy\" decoding=\"async\" src=\"https:\/\/www.ugb.ro\/wp-content\/uploads\/2020\/10\/DSC_3994y-700x300.jpg\" height=\"300\" width=\"700\" alt=\"\" class=\"slider-1029 slide-1034 msDefaultImage\" title=\"DSC_3994y\" \/><\/li>\n                <li style=\"display: none; width: 100%;\" class=\"slide-1033 ms-image \" aria-roledescription=\"slide\" data-date=\"2022-05-23 08:57:44\" data-filename=\"DSC_2743-700x300.jpg\" data-slide-type=\"image\"><img loading=\"lazy\" decoding=\"async\" src=\"https:\/\/www.ugb.ro\/wp-content\/uploads\/2020\/10\/DSC_2743-700x300.jpg\" height=\"300\" width=\"700\" alt=\"\" class=\"slider-1029 slide-1033 msDefaultImage\" title=\"DSC_2743\" \/><\/li>\n                <li style=\"display: none; width: 100%;\" class=\"slide-1036 ms-image \" aria-roledescription=\"slide\" data-date=\"2022-05-23 08:57:44\" data-filename=\"manifestari-stiintif-469-700x300.jpg\" data-slide-type=\"image\"><img loading=\"lazy\" decoding=\"async\" src=\"https:\/\/www.ugb.ro\/wp-content\/uploads\/2020\/10\/manifestari-stiintif-469-700x300.jpg\" height=\"300\" width=\"700\" alt=\"\" class=\"slider-1029 slide-1036 msDefaultImage\" title=\"manifestari stiintif 469\" \/><\/li>\n            <\/ul>\n        <\/div>\n        \n    <\/div>\n<\/div><\/div>\n\n\n\n<figure class=\"wp-block-image alignfull size-large\"><img loading=\"lazy\" decoding=\"async\" width=\"1024\" height=\"725\" src=\"https:\/\/www.ugb.ro\/wp-content\/uploads\/2024\/09\/img4-1024x725.jpg\" alt=\"\" class=\"wp-image-1610\" srcset=\"https:\/\/www.ugb.ro\/wp-content\/uploads\/2024\/09\/img4-1024x725.jpg 1024w, https:\/\/www.ugb.ro\/wp-content\/uploads\/2024\/09\/img4-300x212.jpg 300w, https:\/\/www.ugb.ro\/wp-content\/uploads\/2024\/09\/img4-768x544.jpg 768w, https:\/\/www.ugb.ro\/wp-content\/uploads\/2024\/09\/img4-1536x1087.jpg 1536w, https:\/\/www.ugb.ro\/wp-content\/uploads\/2024\/09\/img4-2048x1450.jpg 2048w\" sizes=\"auto, (max-width: 1024px) 100vw, 1024px\" \/><figcaption class=\"wp-element-caption\"><strong>Universitatea &#8222;George Bacovia&#8221; din Bac\u0103u<\/strong> este institu\u021bie de \u00eenv\u0103\u021b\u0103m\u00e2nt superior acredit\u0103 \u0219i certificat\u0103 de c\u0103tre <strong>Agen\u021bia Rom\u00e2n\u0103 de asigurare a calit\u0103\u021bii \u00een \u00eenv\u0103\u021b\u0103m\u00e2ntul superior<\/strong> cu calificativul <strong>\u00ceNCREDERE<\/strong>.<\/figcaption><\/figure>\n\n\n\n<hr class=\"wp-block-separator has-css-opacity\"\/>\n\n\n\n<div class=\"wp-block-columns is-layout-flex wp-container-core-columns-is-layout-9d6595d7 wp-block-columns-is-layout-flex\">\n<div class=\"wp-block-column is-layout-flow wp-block-column-is-layout-flow\">\n<figure class=\"wp-block-image size-full is-resized\"><a href=\"https:\/\/avizier.ugb.ro\/anunturi#h.mmjigywwofd7\"><img loading=\"lazy\" decoding=\"async\" width=\"270\" height=\"180\" src=\"https:\/\/www.ugb.ro\/wp-content\/uploads\/2022\/01\/redirectioneaza3virgula5lasuta1.png\" alt=\"\" class=\"wp-image-944\" style=\"width:272px;height:180px\"\/><\/a><\/figure>\n\n\n\n<p><\/p>\n<\/div>\n\n\n\n<div class=\"wp-block-column is-layout-flow wp-block-column-is-layout-flow\">\n<p><a href=\"https:\/\/alumni.ugb.ro\" target=\"_blank\" rel=\"noreferrer noopener\">ASOCIATIA ALUMNI UNIVERSITATEA GEORGE BACOVIA &#8211; AFJ (absolven\u021bi \u0219i studen\u021bi UGB) \u0219i FUNDA\u021aIA BACOVIA vor s\u0103 sprijine studen\u021bii Universit\u0103\u021bii George Bacovia din Bac\u0103u prin suplimentarea fondului de burse de studiu pentru anul universitar 2024 &#8211; 2025.<\/a><\/p>\n<\/div>\n\n\n\n<div class=\"wp-block-column is-layout-flow wp-block-column-is-layout-flow\"><div class=\"wp-block-image\">\n<figure class=\"alignright size-large is-resized\"><a href=\"https:\/\/ro.jooble.org\/locuri-de-munca-studenti\"><img loading=\"lazy\" decoding=\"async\" width=\"800\" height=\"290\" src=\"https:\/\/www.ugb.ro\/wp-content\/uploads\/2020\/10\/student.jpg\" alt=\"\" class=\"wp-image-525\" style=\"width:257px;height:93px\" srcset=\"https:\/\/www.ugb.ro\/wp-content\/uploads\/2020\/10\/student.jpg 800w, https:\/\/www.ugb.ro\/wp-content\/uploads\/2020\/10\/student-300x109.jpg 300w, https:\/\/www.ugb.ro\/wp-content\/uploads\/2020\/10\/student-768x278.jpg 768w\" sizes=\"auto, (max-width: 800px) 100vw, 800px\" \/><\/a><\/figure>\n<\/div><\/div>\n<\/div>\n\n\n\n<hr class=\"wp-block-separator has-css-opacity\"\/>\n\n\n\n<div class=\"wp-block-columns is-layout-flex wp-container-core-columns-is-layout-9d6595d7 wp-block-columns-is-layout-flex\">\n<div class=\"wp-block-column is-layout-flow wp-block-column-is-layout-flow\">\n<figure class=\"wp-block-image size-full is-resized\"><a href=\"https:\/\/liga-studentilor.ugb.ro\/\" target=\"_blank\" rel=\"noreferrer noopener\"><img loading=\"lazy\" decoding=\"async\" width=\"613\" height=\"407\" src=\"https:\/\/www.ugb.ro\/wp-content\/uploads\/2022\/09\/LOGO_SIGLA_LIGA_STUDENT\u0326ILOR_UGB-removebg-preview.png\" alt=\"\" class=\"wp-image-1121\" style=\"width:244px;height:161px\" srcset=\"https:\/\/www.ugb.ro\/wp-content\/uploads\/2022\/09\/LOGO_SIGLA_LIGA_STUDENT\u0326ILOR_UGB-removebg-preview.png 613w, https:\/\/www.ugb.ro\/wp-content\/uploads\/2022\/09\/LOGO_SIGLA_LIGA_STUDENT\u0326ILOR_UGB-removebg-preview-300x199.png 300w\" sizes=\"auto, (max-width: 613px) 100vw, 613px\" \/><\/a><\/figure>\n\n\n\n<p><\/p>\n<\/div>\n\n\n\n<div class=\"wp-block-column is-layout-flow wp-block-column-is-layout-flow\"><div class=\"wp-block-image\">\n<figure class=\"aligncenter size-full\"><a href=\"https:\/\/alumni.ugb.ro\/\" target=\"_blank\" rel=\"noreferrer noopener\"><img loading=\"lazy\" decoding=\"async\" width=\"254\" height=\"99\" src=\"https:\/\/www.ugb.ro\/wp-content\/uploads\/2022\/05\/ALUMNI-2-UGB-254x100-1.png\" alt=\"\" class=\"wp-image-1082\"\/><\/a><figcaption class=\"wp-element-caption\"><a rel=\"noreferrer noopener\" href=\"https:\/\/alumni.ugb.ro\/inscrie-te\" target=\"_blank\"><strong><em>E\u0219ti absolvent UGB?<\/em><\/strong><br><strong><em>Hai s\u0103 te \u00eenscrii \u00een <\/em><\/strong><\/a><br><a rel=\"noreferrer noopener\" href=\"https:\/\/alumni.ugb.ro\/\" target=\"_blank\"><strong><em>ASOCIA\u021aIA ALUMNI UGB!<\/em><\/strong><\/a><\/figcaption><\/figure>\n<\/div><\/div>\n\n\n\n<div class=\"wp-block-column is-layout-flow wp-block-column-is-layout-flow\">\n<p><\/p>\n\n\n\n<figure class=\"wp-block-image size-large is-resized\"><a href=\"https:\/\/www.ugb.ro\/index.php\/despre-noi\/fundatia-bacovia\/\"><img loading=\"lazy\" decoding=\"async\" width=\"1024\" height=\"457\" src=\"https:\/\/www.ugb.ro\/wp-content\/uploads\/2022\/09\/SIGLA-FUNDATIA-BACOVIA-1024x457.png\" alt=\"\" class=\"wp-image-1119\" style=\"width:258px;height:115px\" srcset=\"https:\/\/www.ugb.ro\/wp-content\/uploads\/2022\/09\/SIGLA-FUNDATIA-BACOVIA-1024x457.png 1024w, https:\/\/www.ugb.ro\/wp-content\/uploads\/2022\/09\/SIGLA-FUNDATIA-BACOVIA-300x134.png 300w, https:\/\/www.ugb.ro\/wp-content\/uploads\/2022\/09\/SIGLA-FUNDATIA-BACOVIA-768x343.png 768w, https:\/\/www.ugb.ro\/wp-content\/uploads\/2022\/09\/SIGLA-FUNDATIA-BACOVIA-1536x685.png 1536w, https:\/\/www.ugb.ro\/wp-content\/uploads\/2022\/09\/SIGLA-FUNDATIA-BACOVIA-2048x914.png 2048w\" sizes=\"auto, (max-width: 1024px) 100vw, 1024px\" \/><\/a><\/figure>\n<\/div>\n<\/div>\n<\/div><\/div>\n\n\n","protected":false},"excerpt":{"rendered":"<p>ASOCIATIA ALUMNI UNIVERSITATEA GEORGE BACOVIA &#8211; AFJ (absolven\u021bi \u0219i studen\u021bi UGB) \u0219i FUNDA\u021aIA BACOVIA vor s\u0103 sprijine studen\u021bii Universit\u0103\u021bii George Bacovia din Bac\u0103u prin suplimentarea&hellip;<\/p>\n","protected":false},"author":1,"featured_media":0,"parent":0,"menu_order":0,"comment_status":"closed","ping_status":"closed","template":"","meta":{"footnotes":""},"class_list":["post-2","page","type-page","status-publish","hentry"],"_links":{"self":[{"href":"https:\/\/www.ugb.ro\/index.php\/wp-json\/wp\/v2\/pages\/2","targetHints":{"allow":["GET"]}}],"collection":[{"href":"https:\/\/www.ugb.ro\/index.php\/wp-json\/wp\/v2\/pages"}],"about":[{"href":"https:\/\/www.ugb.ro\/index.php\/wp-json\/wp\/v2\/types\/page"}],"author":[{"embeddable":true,"href":"https:\/\/www.ugb.ro\/index.php\/wp-json\/wp\/v2\/users\/1"}],"replies":[{"embeddable":true,"href":"https:\/\/www.ugb.ro\/index.php\/wp-json\/wp\/v2\/comments?post=2"}],"version-history":[{"count":240,"href":"https:\/\/www.ugb.ro\/index.php\/wp-json\/wp\/v2\/pages\/2\/revisions"}],"predecessor-version":[{"id":1814,"href":"https:\/\/www.ugb.ro\/index.php\/wp-json\/wp\/v2\/pages\/2\/revisions\/1814"}],"wp:attachment":[{"href":"https:\/\/www.ugb.ro\/index.php\/wp-json\/wp\/v2\/media?parent=2"}],"curies":[{"name":"wp","href":"https:\/\/api.w.org\/{rel}","templated":true}]}}