{"id":19,"date":"2020-05-11T15:29:14","date_gmt":"2020-05-11T15:29:14","guid":{"rendered":"https:\/\/site.ugb.ro\/?page_id=19"},"modified":"2021-02-05T09:33:38","modified_gmt":"2021-02-05T09:33:38","slug":"misiunea-universitatii","status":"publish","type":"page","link":"https:\/\/www.ugb.ro\/index.php\/despre-noi\/misiunea-universitatii\/","title":{"rendered":"Misiunea universit\u0103\u021bii"},"content":{"rendered":"\n<div class=\"wp-block-group\"><div class=\"wp-block-group__inner-container is-layout-flow wp-block-group-is-layout-flow\">\n<p>Misiunea universit\u0103\u021bii, stabilit\u0103 potrivit art. 117 din Legea educa\u021biei na\u021bionale, este de a genera \u0219i de a transfera cunoa\u0219tere c\u0103tre societate prin:<\/p>\n\n\n\n<blockquote class=\"wp-block-quote is-layout-flow wp-block-quote-is-layout-flow\"><p>a) formarea ini\u021bial\u0103 \u0219i continu\u0103 la nivel universitar, \u00een scopul dezvolt\u0103rii personale, al inser\u021biei profesionale a individului \u0219i a satisfacerii nevoii de competen\u021b\u0103 a mediului social-economic;<br>b) cercetare, dezvoltare \u0219i inovare, prin crea\u021bie individual\u0103 \u0219i colectiv\u0103, precum \u0219i valorificarea rezultatelor acestora.<\/p><\/blockquote>\n<\/div><\/div>\n\n\n\n<p>\u00cen scopul realiz\u0103rii misiunii asumate, Universitatea \u00ee\u0219i stabile\u0219te urm\u0103toarele obiective:<\/p>\n\n\n\n<blockquote class=\"wp-block-quote is-layout-flow wp-block-quote-is-layout-flow\"><p>a) formarea de speciali\u0219ti cu preg\u0103tire superioar\u0103 \u00een diferite domenii ale cunoa\u0219terii \u0219i practicii economico-sociale \u0219i juridice, potrivit cu structura specializ\u0103rilor autorizate \u0219i acreditate;<br>b) acumularea de cuno\u0219tin\u021be economice, juridice, sociale, culturale, tehnice \u0219i umaniste care s\u0103 sus\u021bin\u0103 competen\u021ba profesional\u0103 \u0219i social\u0103, precum \u0219i \u00eensu\u0219irea de metode, tehnici, deprinderi \u0219i calit\u0103\u021bi care s\u0103 permit\u0103 autoinstruirea pe parcursul \u00eentregii activit\u0103\u021bi;<br>c) perfec\u021bionarea continu\u0103 a planurilor de \u00eenv\u0103\u021b\u0103m\u00e2nt, a programelor analitice \u0219i a metodelor didactice \u00een concordan\u021b\u0103 cu strategia \u0219i cu standardele na\u021bionale \u0219i interna\u021bionale;<br>d) dezvoltarea \u0219i modernizarea cu caracter de permanen\u021b\u0103 a bazei materiale aferent\u0103 procesului didactic \u0219i de cercetare;<br>e) constituirea unui corp profesoral bine preg\u0103tit profesional, selectat prin concurs, \u00een baza unor criterii riguroase;<br>f) participarea Comunit\u0103\u021bii universitare la programe locale, na\u021bionale \u0219i interna\u021bionale privind \u00eenv\u0103\u021b\u0103m\u00e2ntul superior \u0219i cercetarea;<br>g) derularea unor activit\u0103\u021bi de cercetare \u00een facult\u0103\u021bi, departamente, centre \u0219i colective, urm\u0103rind: sprijinirea preg\u0103tirii studen\u021bilor; afirmarea comunit\u0103\u021bii \u0219tiin\u021bifice a universit\u0103\u021bii \u00een cadrul societ\u0103\u021bii rom\u00e2ne\u0219ti, precum \u0219i \u00een cel al comunit\u0103\u021bii \u0219tiin\u021bifice na\u021bionale \u0219i interna\u021bionale;<br>h) permanentizarea ac\u021biunilor de valorificare a rezultatelor cercet\u0103rii \u0219tiin\u021bifice prin sesiuni, simpozioane, contracte de cercetare fundamental\u0103 \u0219i aplicativ\u0103;<br>i) editarea unor lucr\u0103ri de specialitate sau conexe domeniilor de interes universitar, pe plan didactic \u0219i \u0219tiin\u021bific, \u00een func\u021bie de cerin\u021bele practicii economico-sociale \u0219i juridice zonale \u0219i na\u021bionale;<br>j) perfec\u021bionarea continu\u0103 a preg\u0103tirii speciali\u0219tilor prin programe de doctorat, precum \u0219i prin specializare \u00een \u021bar\u0103 \u0219i str\u0103in\u0103tate;<br>k) realizarea programelor speciale de informare \u0219i formare prin cursuri de scurt\u0103 durat\u0103 \u00een cadrul structurilor (centrelor \u0219i departamentelor) constituite \u00een baza unor proiecte cu finan\u021bare extern\u0103 sau intern\u0103;<br>l) promovarea rela\u021biilor de cooperare na\u021bional\u0103 \u0219i interna\u021bional\u0103 \u00een domeniul didactic \u0219i de cercetare cu alte universit\u0103\u021bi;<\/p><\/blockquote>\n\n\n\n<p>Prin obiectivele de mai sus, Universitatea are \u00een vedere cre\u0219terea calit\u0103\u021bii serviciilor educa\u021bionale \u0219i de cercetare, cu respectarea normelor de etic\u0103 universitar\u0103 care s\u0103 asigure o \u00eenalt\u0103 \u021binut\u0103 \u0219tiin\u021bific\u0103 a \u00eentregului corp academic al institu\u021biei.<\/p>\n","protected":false},"excerpt":{"rendered":"<p>Misiunea universit\u0103\u021bii, stabilit\u0103 potrivit art. 117 din Legea educa\u021biei na\u021bionale, este de a genera \u0219i de a transfera cunoa\u0219tere c\u0103tre societate prin: a) formarea ini\u021bial\u0103&hellip;<\/p>\n","protected":false},"author":1,"featured_media":0,"parent":155,"menu_order":0,"comment_status":"closed","ping_status":"closed","template":"","meta":{"footnotes":""},"class_list":["post-19","page","type-page","status-publish","hentry"],"_links":{"self":[{"href":"https:\/\/www.ugb.ro\/index.php\/wp-json\/wp\/v2\/pages\/19","targetHints":{"allow":["GET"]}}],"collection":[{"href":"https:\/\/www.ugb.ro\/index.php\/wp-json\/wp\/v2\/pages"}],"about":[{"href":"https:\/\/www.ugb.ro\/index.php\/wp-json\/wp\/v2\/types\/page"}],"author":[{"embeddable":true,"href":"https:\/\/www.ugb.ro\/index.php\/wp-json\/wp\/v2\/users\/1"}],"replies":[{"embeddable":true,"href":"https:\/\/www.ugb.ro\/index.php\/wp-json\/wp\/v2\/comments?post=19"}],"version-history":[{"count":6,"href":"https:\/\/www.ugb.ro\/index.php\/wp-json\/wp\/v2\/pages\/19\/revisions"}],"predecessor-version":[{"id":676,"href":"https:\/\/www.ugb.ro\/index.php\/wp-json\/wp\/v2\/pages\/19\/revisions\/676"}],"up":[{"embeddable":true,"href":"https:\/\/www.ugb.ro\/index.php\/wp-json\/wp\/v2\/pages\/155"}],"wp:attachment":[{"href":"https:\/\/www.ugb.ro\/index.php\/wp-json\/wp\/v2\/media?parent=19"}],"curies":[{"name":"wp","href":"https:\/\/api.w.org\/{rel}","templated":true}]}}