{"id":1630,"date":"2024-10-06T08:30:23","date_gmt":"2024-10-06T08:30:23","guid":{"rendered":"https:\/\/www.ugb.ro\/?page_id=1630"},"modified":"2024-10-06T08:32:01","modified_gmt":"2024-10-06T08:32:01","slug":"fundatia-bacovia","status":"publish","type":"page","link":"https:\/\/www.ugb.ro\/index.php\/despre-noi\/fundatia-bacovia\/","title":{"rendered":"Funda\u021bia Bacovia"},"content":{"rendered":"\n<p>\u00cen primii ani dup\u0103 acreditarea institu\u021bional\u0103 Universitatea George Bacovia a \u00eenfiin\u021bat Funda\u021bia Bacovia. Aceast\u0103 persoan\u0103 juridic\u0103 de drept privat \u00ee\u0219i asum\u0103 misiunea de a realiza activit\u0103\u021bi sociale \u00een domeniile culturale \u0219i instructiv \u2013 educative pentru tinerii din zonele de influen\u021b\u0103 ale spa\u021biului apropiat rom\u00e2nesc. Funda\u021bia este entitate autonom\u0103 de drept privat f\u0103r\u0103 scop patrimonial, \u00een conformitate cu Ordonan\u021ba Guvernului nr. 26\/2000, aprobat\u0103 prin Legea nr. 246\/2005 cu toate modific\u0103rile \u0219i complet\u0103rile ulterioare.<\/p>\n\n\n\n<p>Finan\u021barea Funda\u021biei provine din sursele legale cunoscute: dona\u021bii \u0219i sponsoriz\u0103ri ale salaria\u021bilor sau ale persoanelor fizice \u0219i juridice, \u00een conformiste cu legisla\u021bia \u00een vigoare; dob\u00e2nzile rezultate din plasarea sumelor disponibile; direc\u021bionarea cotei permise prin lege din impozitul anual pe venit al persoanelor fizice rom\u00e2ne sau str\u0103ine; alte venituri prev\u0103zute de legisla\u021bia actual\u0103.<\/p>\n\n\n\n<p>\u00cen cadrul acestei institu\u021bii se organizeaz\u0103 \u0219i se desf\u0103\u0219oar\u0103 activit\u0103\u021bi \u00een folosul studen\u021bilor, absolven\u021bilor \u0219i salaria\u021bilor de la Universitatea \u201dGeorge Bacovia\u201d \u00een vederea cre\u0219terii calit\u0103\u021bii programelor didactice \u0219i de cercetare \u0219tiin\u021bific\u0103. Pentru atingerea scopului propus, Funda\u021bia urm\u0103re\u0219te urm\u0103toarele direc\u021bii de ac\u021biune:<\/p>\n\n\n\n<ul class=\"wp-block-list\">\n<li>sus\u021binerea rela\u021biilor de colaborare \u00eentre Universitatea \u201dGeorge Bacovia\u201d \u0219i agen\u021bii economici;<\/li>\n\n\n\n<li>dezvoltarea parteneriatelor educa\u021bionale la nivel local \u0219i interna\u021bional;<\/li>\n\n\n\n<li>sus\u021binerea excelen\u021bei \u00een educa\u021bie, inclusiv prin oferirea de burse sau alte forme de sprijin pentru studen\u021bii \u0219i cadrele didactice ale Universit\u0103\u021bii George Bacovia;<\/li>\n\n\n\n<li>promovarea rela\u021biei dintre Universitatea \u201eGeorge Bacovia\u201d \u0219i absolven\u021bii s\u0103i;<\/li>\n\n\n\n<li>colaborarea cu \u00eentreprinderile \u0219i cu institu\u021biile na\u021bionale \u0219i interna\u021bionale \u00een diverse domenii de interes local \u0219i na\u021bional;<\/li>\n<\/ul>\n\n\n\n<p>Funda\u021bia desf\u0103\u0219oar\u0103 orice activitate legal\u0103 din care s\u0103 ob\u021bin\u0103 venituri pentru autofinan\u021bare precum \u0219i pentru atragerea altor surse materiale \u00een scopul realiz\u0103rii obiectivelor amintite mai sus.<\/p>\n\n\n\n<p><\/p>\n","protected":false},"excerpt":{"rendered":"<p>\u00cen primii ani dup\u0103 acreditarea institu\u021bional\u0103 Universitatea George Bacovia a \u00eenfiin\u021bat Funda\u021bia Bacovia. Aceast\u0103 persoan\u0103 juridic\u0103 de drept privat \u00ee\u0219i asum\u0103 misiunea de a realiza&hellip;<\/p>\n","protected":false},"author":1,"featured_media":0,"parent":155,"menu_order":0,"comment_status":"closed","ping_status":"closed","template":"","meta":{"footnotes":""},"class_list":["post-1630","page","type-page","status-publish","hentry"],"_links":{"self":[{"href":"https:\/\/www.ugb.ro\/index.php\/wp-json\/wp\/v2\/pages\/1630","targetHints":{"allow":["GET"]}}],"collection":[{"href":"https:\/\/www.ugb.ro\/index.php\/wp-json\/wp\/v2\/pages"}],"about":[{"href":"https:\/\/www.ugb.ro\/index.php\/wp-json\/wp\/v2\/types\/page"}],"author":[{"embeddable":true,"href":"https:\/\/www.ugb.ro\/index.php\/wp-json\/wp\/v2\/users\/1"}],"replies":[{"embeddable":true,"href":"https:\/\/www.ugb.ro\/index.php\/wp-json\/wp\/v2\/comments?post=1630"}],"version-history":[{"count":1,"href":"https:\/\/www.ugb.ro\/index.php\/wp-json\/wp\/v2\/pages\/1630\/revisions"}],"predecessor-version":[{"id":1631,"href":"https:\/\/www.ugb.ro\/index.php\/wp-json\/wp\/v2\/pages\/1630\/revisions\/1631"}],"up":[{"embeddable":true,"href":"https:\/\/www.ugb.ro\/index.php\/wp-json\/wp\/v2\/pages\/155"}],"wp:attachment":[{"href":"https:\/\/www.ugb.ro\/index.php\/wp-json\/wp\/v2\/media?parent=1630"}],"curies":[{"name":"wp","href":"https:\/\/api.w.org\/{rel}","templated":true}]}}