{"id":1566,"date":"2024-05-08T07:33:31","date_gmt":"2024-05-08T07:33:31","guid":{"rendered":"https:\/\/www.ugb.ro\/?page_id=1566"},"modified":"2025-05-14T12:03:05","modified_gmt":"2025-05-14T12:03:05","slug":"managementul-implementarii-tehnologiilor-digitale-in-procesul-educational","status":"publish","type":"page","link":"https:\/\/www.ugb.ro\/index.php\/studii-2\/studii-postuniversitare\/managementul-implementarii-tehnologiilor-digitale-in-procesul-educational\/","title":{"rendered":"Managementul implement\u0103rii tehnologiilor digitale \u00een procesul educa\u021bional"},"content":{"rendered":"\n<blockquote class=\"wp-block-quote is-style-default is-layout-flow wp-block-quote-is-layout-flow\">\n<p>Coordonator program: <strong>Conf. univ. Dr. Radu FLOREA<\/strong><\/p>\n\n\n\n<p>Domeniul de licen\u0163\u0103 pe care se fundamenteaz\u0103 programul de studii: <strong>Management<\/strong><\/p>\n\n\n\n<p>Domeniul fundamental:<strong> Management<\/strong><\/p>\n\n\n\n<p>Calificarea&nbsp; universitar\u0103 pe care se fundamenteaz\u0103 programul de studii: <strong>Management cod RNCIS 92<\/strong><\/p>\n\n\n\n<p>Durata studiilor\/ num\u0103r de credite: <strong>1 semestru \/ 30 credite<\/strong><\/p>\n\n\n\n<p>Forma de \u00eenv\u0103\u0163\u0103m\u00e2nt: <strong>\u00cenv\u0103\u021b\u0103m\u00e2nt cu frecven\u021b\u0103 (IF)<\/strong><\/p>\n<\/blockquote>\n\n\n\n<div class=\"wp-block-buttons is-layout-flex wp-block-buttons-is-layout-flex\">\n<div class=\"wp-block-button\"><a class=\"wp-block-button__link wp-element-button\" href=\"https:\/\/admitere.ugb.ro\/inscriere-online\">Inscrie-te online &#8211; Admitere 2025<\/a><\/div>\n<\/div>\n","protected":false},"excerpt":{"rendered":"<p>Coordonator program: Conf. univ. Dr. Radu FLOREA Domeniul de licen\u0163\u0103 pe care se fundamenteaz\u0103 programul de studii: Management Domeniul fundamental: Management Calificarea&nbsp; universitar\u0103 pe care&hellip;<\/p>\n","protected":false},"author":1,"featured_media":0,"parent":66,"menu_order":0,"comment_status":"closed","ping_status":"closed","template":"","meta":{"footnotes":""},"class_list":["post-1566","page","type-page","status-publish","hentry"],"_links":{"self":[{"href":"https:\/\/www.ugb.ro\/index.php\/wp-json\/wp\/v2\/pages\/1566","targetHints":{"allow":["GET"]}}],"collection":[{"href":"https:\/\/www.ugb.ro\/index.php\/wp-json\/wp\/v2\/pages"}],"about":[{"href":"https:\/\/www.ugb.ro\/index.php\/wp-json\/wp\/v2\/types\/page"}],"author":[{"embeddable":true,"href":"https:\/\/www.ugb.ro\/index.php\/wp-json\/wp\/v2\/users\/1"}],"replies":[{"embeddable":true,"href":"https:\/\/www.ugb.ro\/index.php\/wp-json\/wp\/v2\/comments?post=1566"}],"version-history":[{"count":3,"href":"https:\/\/www.ugb.ro\/index.php\/wp-json\/wp\/v2\/pages\/1566\/revisions"}],"predecessor-version":[{"id":1722,"href":"https:\/\/www.ugb.ro\/index.php\/wp-json\/wp\/v2\/pages\/1566\/revisions\/1722"}],"up":[{"embeddable":true,"href":"https:\/\/www.ugb.ro\/index.php\/wp-json\/wp\/v2\/pages\/66"}],"wp:attachment":[{"href":"https:\/\/www.ugb.ro\/index.php\/wp-json\/wp\/v2\/media?parent=1566"}],"curies":[{"name":"wp","href":"https:\/\/api.w.org\/{rel}","templated":true}]}}