{"id":147,"date":"2020-05-11T16:50:41","date_gmt":"2020-05-11T16:50:41","guid":{"rendered":"https:\/\/site.ugb.ro\/?page_id=147"},"modified":"2026-03-22T15:48:38","modified_gmt":"2026-03-22T15:48:38","slug":"departamentul-didactic-si-de-cercetare","status":"publish","type":"page","link":"https:\/\/www.ugb.ro\/index.php\/studii-2\/departamentul-didactic-si-de-cercetare\/","title":{"rendered":"Departamentul didactic \u0219i de cercetare"},"content":{"rendered":"\n<p><\/p>\n\n\n\n<h3 class=\"wp-block-heading\">Componen\u021ba departamentului<\/h3>\n\n\n\n<ul class=\"wp-block-list\">\n<li>Director departament: Conf.univ.dr. Gabriela-Daniela Bordeianu<\/li>\n\n\n\n<li>Consiliul departamentului:\n<ul class=\"wp-block-list\">\n<li>Conf.univ.dr. Daniel Gherasim<\/li>\n\n\n\n<li>Lect. univ. dr. Mihaela Vasiloaia<\/li>\n\n\n\n<li>Lect. univ. dr. Ovidiu Bonta\u0219<\/li>\n<\/ul>\n<\/li>\n<\/ul>\n\n\n\n<h3 class=\"wp-block-heading\">Misiunea Departamentului Didactic \u0219i de Cercetare<\/h3>\n\n\n\n<ul class=\"wp-block-list\">\n<li>asigur\u0103 crearea de cunoa\u015ftere printr-un proces intensiv de cercetare;<\/li>\n\n\n\n<li>asigur\u0103 formarea studen\u021bilor \u0219i a cercet\u0103torilor, cet\u0103\u021beni activi \u0219i responsabili, promov\u00e2nd \u00eenv\u0103\u021b\u0103m\u00e2ntul \u0219i cercetarea \u00een concordan\u021b\u0103 cu exigen\u021bele unei societ\u0103\u021bi bazate pe cunoa\u0219tere \u0219i pe valori prin formare ini\u021bial\u0103, educa\u021bie continu\u0103 \u015fi integrare \u00een circuitul de valori universale;<\/li>\n\n\n\n<li>contribuie la dezvoltarea local\u0103, regional\u0103 \u015fi na\u021bional\u0103 din punct de vedere social, economic, cultural printr-o implicare \u00een acord cu nevoile comunit\u0103\u021bii.<\/li>\n<\/ul>\n\n\n\n<h3 class=\"wp-block-heading\">Regulamentul de func\u021bionare a departamentului<\/h3>\n\n\n\n<p>Regulamentul de func\u021bionare a departamentului poate fi consultat acces\u00e2nd linkul urm\u0103tor: <a href=\"https:\/\/drive.google.com\/file\/d\/1yAbojco4ayv2jgcG2s-tmfysRbOuUN2P\/view?usp=sharing\">click aici<\/a>.\u00ae<\/p>\n\n\n\n<h3 class=\"wp-block-heading\">Avizierul Departamentului didactic \u0219i de cercetare <\/h3>\n\n\n\n<p>Pentru a consulta anun\u021burile Departamentului didactic \u0219i de cercetare accesa\u021bi avizierul electronic dedicat acestuia &#8211; <a rel=\"noreferrer noopener\" href=\"https:\/\/avizier.ugb.ro\/avizier-departament-didactic-si-de-cercetare\" target=\"_blank\">click aici<\/a>.<\/p>\n","protected":false},"excerpt":{"rendered":"<p>Componen\u021ba departamentului Misiunea Departamentului Didactic \u0219i de Cercetare Regulamentul de func\u021bionare a departamentului Regulamentul de func\u021bionare a departamentului poate fi consultat acces\u00e2nd linkul urm\u0103tor: click&hellip;<\/p>\n","protected":false},"author":1,"featured_media":0,"parent":174,"menu_order":0,"comment_status":"closed","ping_status":"closed","template":"","meta":{"footnotes":""},"class_list":["post-147","page","type-page","status-publish","hentry"],"_links":{"self":[{"href":"https:\/\/www.ugb.ro\/index.php\/wp-json\/wp\/v2\/pages\/147","targetHints":{"allow":["GET"]}}],"collection":[{"href":"https:\/\/www.ugb.ro\/index.php\/wp-json\/wp\/v2\/pages"}],"about":[{"href":"https:\/\/www.ugb.ro\/index.php\/wp-json\/wp\/v2\/types\/page"}],"author":[{"embeddable":true,"href":"https:\/\/www.ugb.ro\/index.php\/wp-json\/wp\/v2\/users\/1"}],"replies":[{"embeddable":true,"href":"https:\/\/www.ugb.ro\/index.php\/wp-json\/wp\/v2\/comments?post=147"}],"version-history":[{"count":10,"href":"https:\/\/www.ugb.ro\/index.php\/wp-json\/wp\/v2\/pages\/147\/revisions"}],"predecessor-version":[{"id":1865,"href":"https:\/\/www.ugb.ro\/index.php\/wp-json\/wp\/v2\/pages\/147\/revisions\/1865"}],"up":[{"embeddable":true,"href":"https:\/\/www.ugb.ro\/index.php\/wp-json\/wp\/v2\/pages\/174"}],"wp:attachment":[{"href":"https:\/\/www.ugb.ro\/index.php\/wp-json\/wp\/v2\/media?parent=147"}],"curies":[{"name":"wp","href":"https:\/\/api.w.org\/{rel}","templated":true}]}}