{"id":145,"date":"2020-05-11T16:50:21","date_gmt":"2020-05-11T16:50:21","guid":{"rendered":"https:\/\/site.ugb.ro\/?page_id=145"},"modified":"2026-03-22T15:50:00","modified_gmt":"2026-03-22T15:50:00","slug":"facultatea-de-stiinte-economice-juridice-si-administrative","status":"publish","type":"page","link":"https:\/\/www.ugb.ro\/index.php\/studii-2\/facultatea-de-stiinte-economice-juridice-si-administrative\/","title":{"rendered":"Facultatea de \u0218tiin\u021be Economice, Juridice \u0219i Administrative"},"content":{"rendered":"\n<blockquote class=\"wp-block-quote is-style-default is-layout-flow wp-block-quote-is-layout-flow\">\n<p>Decan: Conf. univ. Dr. Violeta Hazaparu<\/p>\n<\/blockquote>\n\n\n\n<p>\u00cen cadrul Facult\u0103\u0163ii de \u015etiin\u0163e Economice, Juridice \u015fi Administrative sunt derulate programe de studii universitare de licen\u0163\u0103 \u015fi de master.<\/p>\n\n\n\n<p>Studiile de licen\u0163\u0103 se deruleaz\u0103 pe parcursul a \u015fase \/ opt semestre (Sistemul Bologna), ob\u0163inerea Diplomei de licen\u0163\u0103 este condi\u0163ionat\u0103 de acumularea de 180 \/ 240 de credite (ECTS). Diploma de licen\u0163\u0103 este \u00eenso\u0163it\u0103 de un supliment de diplom\u0103 care permite absolven\u0163ilor integrarea pe pia\u0163a muncii sau continuarea studiilor (postuniversitare, doctorale etc.) \u00een orice universitate din spa\u0163iul european.<\/p>\n\n\n\n<p>Succesul oric\u0103rei organiza\u0163ii, \u00eendeosebi condi\u0163iile unei economii libere, concuren\u0163iale, depinde \u00een foarte mare m\u0103sur\u0103 de calitatea resurselor sale umane. De aceea ne str\u0103duim s\u0103 form\u0103m, prin specializ\u0103rile facult\u0103\u0163ii noastre, viitori speciali\u015fti care s\u0103 corespund\u0103 cerin\u0163elor \u015fi exigen\u0163elor economiei de pia\u0163\u0103, profesioni\u015fti cu un profil larg, capabili s\u0103 rezolve problemele socio-economice din ce \u00een ce mai complexe.<\/p>\n\n\n\n<p>\u00centreaga activitate din facultate este centrat\u0103 pe nevoile multiple de formare ale studentului care este consiliat pe parcursul anilor de studiu.<\/p>\n\n\n\n<p>Standardele de calitate implementate de conducerea facult\u0103\u021bii fac din aceasta o entitate distinct\u0103 a universit\u0103\u0163ii, seriozitatea \u015fi profunzimea abord\u0103rilor \u00een rela\u0163iile studen\u0163i \u2013 profesori constituind o garan\u0163ie a reu\u015fitei \u00een carier\u0103 pentru absolven\u0163i.<\/p>\n\n\n\n<p>Studen\u0163ii facult\u0103\u0163ii noastre sunt preg\u0103ti\u0163i de un valoros corp didactic, care \u00ee\u015fi desf\u0103\u015foar\u0103 activitatea realiz\u00e2nd cursuri interactive, lucr\u0103ri practice, seminarii, \u00eendrumarea cercurilor \u015ftiin\u0163ifice studen\u0163e\u015fti, conducerea de lucr\u0103ri de licen\u0163\u0103 \u015fi diserta\u0163ie, \u00eendrumarea practicii de specialitate etc. Componen\u0163a corpului didactic eviden\u0163iat\u0103 \u00eembinarea experien\u0163ei profesorilor, cu mul\u0163i ani de experien\u0163\u0103 \u00een \u00eenv\u0103\u0163\u0103m\u00e2nt \u015fi alte domenii ale economiei, cu ambi\u0163ia, entuziasmul \u015fi spiritul novator al cadrelor tinere.<\/p>\n\n\n\n<h2 class=\"wp-block-heading\"><strong>Studii universitare de licen\u021b\u0103<\/strong><\/h2>\n\n\n\n<ul class=\"wp-block-list\">\n<li><strong>Specializ\u0103ri acreditate:<\/strong>\n<ul class=\"wp-block-list\">\n<li><a href=\"https:\/\/www.ugb.ro\/index.php\/specializarea-informatica\/\"><strong>Informatic\u0103<\/strong><\/a>&nbsp;\u2013 domeniul de licen\u021b\u0103 Informatic\u0103,&nbsp;forma de \u00eenv\u0103\u021b\u0103m\u00e2nt cu frecven\u021b\u0103 50 de locuri;<\/li>\n\n\n\n<li><strong><a href=\"https:\/\/www.ugb.ro\/index.php\/studii-2\/studii-de-licenta\/specializarea-administratie-publica\/\" data-type=\"URL\" data-id=\"https:\/\/www.ugb.ro\/index.php\/studii-2\/studii-de-licenta\/specializarea-administratie-publica\/\">Administra\u0163ie public\u0103<\/a> <\/strong>\u2013 domeniul de licen\u0163\u0103 \u015etiin\u0163e Administrative, forma de \u00eenv\u0103\u0163\u0103m\u00e2nt cu frecven\u0163\u0103, 90 de locuri;<\/li>\n\n\n\n<li><strong><a href=\"https:\/\/www.ugb.ro\/index.php\/studii-2\/studii-de-licenta\/specializarea-economia-comertului-turismului-si-serviciilor\/\" data-type=\"URL\" data-id=\"https:\/\/www.ugb.ro\/index.php\/studii-2\/studii-de-licenta\/specializarea-economia-comertului-turismului-si-serviciilor\/\">Economia comer\u0163ului, turismului \u015fi serviciilor<\/a><\/strong> \u2013 domeniul de licen\u0163\u0103 Administrarea afacerilor, forma de \u00eenv\u0103\u0163\u0103m\u00e2nt cu frecven\u0163\u0103, 60 de locuri;<\/li>\n\n\n\n<li><strong><a href=\"https:\/\/www.ugb.ro\/index.php\/studii-2\/studii-de-licenta\/specializarea-management\/\" data-type=\"URL\" data-id=\"https:\/\/www.ugb.ro\/index.php\/studii-2\/studii-de-licenta\/specializarea-management\/\">Management<\/a> <\/strong>\u2013 domeniul de licen\u0163\u0103 Management, forma de \u00eenv\u0103\u0163\u0103m\u00e2nt cu frecven\u0163\u0103, 60 de locuri;<\/li>\n\n\n\n<li><strong><a href=\"https:\/\/www.ugb.ro\/index.php\/studii-2\/studii-de-licenta\/specializarea-drept\/\" data-type=\"URL\" data-id=\"https:\/\/www.ugb.ro\/index.php\/studii-2\/studii-de-licenta\/specializarea-drept\/\">Drept<\/a><\/strong> \u2013 domeniul de licen\u0163\u0103 Drept, forma de \u00eenv\u0103\u0163\u0103m\u00e2nt cu frecven\u0163\u0103, 90 de locuri;<\/li>\n<\/ul>\n<\/li>\n<\/ul>\n\n\n\n<h2 class=\"wp-block-heading\"><strong>Studii universitare de master<\/strong> <strong>\u0219i postuniversitare<\/strong><\/h2>\n\n\n\n<p>Studiile de master se deruleaz\u0103 pe parcursul a dou\u0103 sau patru semestre \u015fi se adreseaz\u0103 celor care vor s\u0103 aprofundeze \u015fi s\u0103 se specializeze \u00een domenii ce \u0163in de economie\/afaceri (\u015fi vor s\u0103 accead\u0103 la posturi \u00een companii din toate categoriile sau institu\u0163ii publice), c\u00e2t \u015fi celor care au absolvit specializ\u0103ri din alte domenii (tehnice, \u015ftiin\u0163ele naturii, medicin\u0103 etc.) \u015fi vor s\u0103 descifreze mecanismele func\u0163ion\u0103rii companiilor, pie\u0163elor \u015fi institu\u0163iilor publice centrale sau locale.<\/p>\n\n\n\n<ul class=\"wp-block-list\">\n<li><strong><a href=\"https:\/\/www.ugb.ro\/index.php\/studii-2\/studii-de-master\/\" data-type=\"URL\" data-id=\"https:\/\/www.ugb.ro\/index.php\/studii-2\/studii-de-master\/\">Specializ\u0103ri Master:<\/a><\/strong>\n<ul class=\"wp-block-list\">\n<li><strong><a href=\"https:\/\/www.ugb.ro\/index.php\/studii-2\/studii-de-master\/specializarea-managementul-institutiilor-din-administratia-publica\/\" data-type=\"URL\" data-id=\"https:\/\/www.ugb.ro\/index.php\/studii-2\/studii-de-master\/specializarea-managementul-institutiilor-din-administratia-publica\/\">Managementul institu\u0163iilor din administra\u0163ia public\u0103<\/a> \u2013 4 semestre;<\/strong><\/li>\n\n\n\n<li><strong><a href=\"https:\/\/www.ugb.ro\/index.php\/studii-2\/studii-de-master\/specializarea-managementul-afacerilor\/\" data-type=\"URL\" data-id=\"https:\/\/www.ugb.ro\/index.php\/studii-2\/studii-de-master\/specializarea-managementul-afacerilor\/\">Managementul afacerilor<\/a> \u2013 4 semestre;<\/strong><\/li>\n\n\n\n<li><strong><a href=\"https:\/\/www.ugb.ro\/index.php\/studii-2\/studii-de-master\/specializarea-cariera-judiciara\/\" data-type=\"URL\" data-id=\"https:\/\/www.ugb.ro\/index.php\/studii-2\/studii-de-master\/specializarea-cariera-judiciara\/\">Carier\u0103 judiciar\u0103<\/a> \u2013 2 semestre;<\/strong><\/li>\n\n\n\n<li><strong><a href=\"https:\/\/www.ugb.ro\/index.php\/studii-2\/studii-de-master\/specializarea-stiinte-penale-si-criminalistica\/\" data-type=\"URL\" data-id=\"https:\/\/www.ugb.ro\/index.php\/studii-2\/studii-de-master\/specializarea-stiinte-penale-si-criminalistica\/\">\u015etiin\u0163e penale \u015fi criminalistic\u0103<\/a> \u2013 2 semestre;<\/strong><\/li>\n\n\n\n<li><strong><a href=\"https:\/\/www.ugb.ro\/index.php\/studii-2\/studii-de-master\/specializarea-drept-antreprenorial\/\" data-type=\"URL\" data-id=\"https:\/\/www.ugb.ro\/index.php\/studii-2\/studii-de-master\/specializarea-drept-antreprenorial\/\">Drept antreprenorial<\/a> \u2013 4 semestre.<\/strong><\/li>\n<\/ul>\n<\/li>\n<\/ul>\n\n\n\n<ul class=\"wp-block-list\">\n<li><strong><a href=\"https:\/\/www.ugb.ro\/index.php\/studii-2\/studii-postuniversitare\/\" data-type=\"URL\" data-id=\"https:\/\/www.ugb.ro\/index.php\/studii-2\/studii-postuniversitare\/\">Programe postuniversitar de formare \u015fi dezvoltare profesional\u0103 continu\u0103:<\/a><\/strong>\n<ul class=\"wp-block-list\">\n<li><strong><a href=\"https:\/\/www.ugb.ro\/index.php\/studii-2\/studii-postuniversitare\/managementul-implementarii-tehnologiilor-digitale-in-procesul-educational\/\" target=\"_blank\" rel=\"noreferrer noopener\">Managementul implement\u0103rii tehnologiilor digitale \u00een procesul educa\u021bional (1 semestru)<\/a><\/strong><\/li>\n\n\n\n<li><strong><a href=\"https:\/\/www.ugb.ro\/index.php\/studii-2\/studii-postuniversitare\/specializarea-managementul-institutiilor-de-educatie\/\" data-type=\"URL\" data-id=\"https:\/\/www.ugb.ro\/index.php\/studii-2\/studii-postuniversitare\/specializarea-managementul-institutiilor-de-educatie\/\">Managementul institu\u0163iilor de educa\u0163ie<\/a> (2 semestre);<\/strong><\/li>\n\n\n\n<li><strong><a href=\"https:\/\/www.ugb.ro\/index.php\/studii-2\/studii-postuniversitare\/specializarea-managementul-achizitiilor\/\" data-type=\"URL\" data-id=\"https:\/\/www.ugb.ro\/index.php\/studii-2\/studii-postuniversitare\/specializarea-managementul-achizitiilor\/\">Managementul achizi\u0163iilor<\/a> (<strong>4 luni<\/strong>);<\/strong><\/li>\n\n\n\n<li><strong><a href=\"https:\/\/www.ugb.ro\/index.php\/studii-2\/studii-postuniversitare\/specializarea-managementul-institutiilor-prestatoare-de-servicii-sociale-si-de-sanatate\/\" data-type=\"URL\" data-id=\"https:\/\/www.ugb.ro\/index.php\/studii-2\/studii-postuniversitare\/specializarea-managementul-institutiilor-prestatoare-de-servicii-sociale-si-de-sanatate\/\">Managementul institu\u021biilor prestatoare de servicii sociale \u0219i de s\u0103n\u0103tate<\/a><\/strong> (<strong>4 luni)<\/strong><\/li>\n<\/ul>\n<\/li>\n<\/ul>\n\n\n\n<h3 class=\"wp-block-heading\">Avizierul Decanatului facult\u0103\u021bii<\/h3>\n\n\n\n<p>Pentru a consulta anun\u021burile decanatului accesa\u021bi avizierul electronic dedicat acestuia \u2013 <a href=\"https:\/\/avizier.ugb.ro\/avizier-decanat\" target=\"_blank\" rel=\"noreferrer noopener\">click aici<\/a>.<\/p>\n\n\n\n<h3 class=\"wp-block-heading\">Cadre didactice titulare<\/h3>\n\n\n\n<ul class=\"wp-block-list\">\n<li><a href=\"https:\/\/drive.google.com\/file\/d\/1x1wtf26DjOq07CYtoAKulZVXiLNEMK3y\/view?usp=drive_link\" target=\"_blank\" rel=\"noreferrer noopener\"><strong>Conf. univ. dr. Alexandru AMITITELOAIE<\/strong><\/a><\/li>\n\n\n\n<li><a rel=\"noreferrer noopener\" href=\"https:\/\/drive.google.com\/file\/d\/1NQJC3Cz50-2oo-r0zt3HEEBOvpqArQ2m\/view?usp=drive_link\" target=\"_blank\"><strong>Conf. univ. dr. Marius-Ciprian BOGEA<\/strong><\/a><\/li>\n\n\n\n<li><a href=\"https:\/\/drive.google.com\/file\/d\/10Prjhf4RkPzN_7S9dTvFBFd9vo_Ltgg8\/view?usp=share_link\" target=\"_blank\" rel=\"noreferrer noopener\"><strong>Conf. univ. dr. Gabriela-Daniela BORDEIANU<\/strong><\/a><\/li>\n\n\n\n<li><strong><a href=\"https:\/\/drive.google.com\/file\/d\/1H00VYfqtVWqlJxWsd9w-zB2pa0HwfECX\/view?usp=drive_link\" target=\"_blank\" rel=\"noreferrer noopener\">Conf. univ. dr. Florin Mihai C\u0102PRIOAR\u0102<\/a><\/strong><\/li>\n\n\n\n<li><strong><a href=\"https:\/\/drive.google.com\/file\/d\/1gO1eF_CkoiOuA3AgNRcxctdOlcV_EeNT\/view?usp=drive_link\" target=\"_blank\" rel=\"noreferrer noopener\">Conf. univ. dr. Radu FLOREA<\/a><\/strong><\/li>\n\n\n\n<li><a rel=\"noreferrer noopener\" href=\"https:\/\/drive.google.com\/file\/d\/19qaUtwcCa94nP3fu-Eb638B5wXg4N-aK\/view?usp=share_link\" target=\"_blank\"><strong>Conf. univ. dr. Ramona FLOREA<\/strong><\/a><\/li>\n\n\n\n<li><strong><a href=\"https:\/\/drive.google.com\/file\/d\/1ETEYL9yO-Nl-n3JsG4dgzKukfEkHLfDB\/view?usp=drive_link\" target=\"_blank\" rel=\"noreferrer noopener\">Conf. univ. dr. Adrian GHERASIM<\/a><\/strong><\/li>\n\n\n\n<li><a href=\"https:\/\/europa.eu\/europass\/eportfolio\/api\/eprofile\/shared-profile\/daniel-gherasim\/0c68796a-e0fc-4ca7-88cc-681a44e97b59?view=html\" data-type=\"URL\" target=\"_blank\" rel=\"noreferrer noopener\"><strong>Conf. univ. dr. Daniel GHERASIM<\/strong><\/a><\/li>\n\n\n\n<li><a href=\"https:\/\/drive.google.com\/file\/d\/18YvrXWjw5QbkxGNcpvViw0iHwhAIBCnG\/view?usp=drive_link\" target=\"_blank\" rel=\"noreferrer noopener\"><strong>Conf. univ. dr. Violeta HAZAPARU<\/strong><\/a><\/li>\n\n\n\n<li><a rel=\"noreferrer noopener\" href=\"https:\/\/drive.google.com\/file\/d\/1AI-j6Isg77DkN_R1tG2wXlzDkLH4VXPN\/view?usp=share_link\" target=\"_blank\"><strong>Conf. univ. dr. Adreia Simona MELNIC<\/strong><\/a><\/li>\n\n\n\n<li><a rel=\"noreferrer noopener\" href=\"https:\/\/drive.google.com\/file\/d\/1j_STlpi_n-Idz3c0bb5Jf1XmaUqH_9o8\/view?usp=share_link\" target=\"_blank\"><strong>Conf. univ. dr. Nelu NI\u021a\u0102<\/strong><\/a><\/li>\n\n\n\n<li><a rel=\"noreferrer noopener\" href=\"https:\/\/drive.google.com\/file\/d\/1hzaoGaiIFA_OKO68Q7eywYxbcjaxjviX\/view?usp=share_link\" target=\"_blank\"><strong>Conf. univ. dr. Andrei-Octavian PARASCHIVESCU<\/strong><\/a><\/li>\n\n\n\n<li><strong><a href=\"https:\/\/drive.google.com\/file\/d\/1nN3EtNFKPmBatUkZVnFADs0Kcswb1Lve\/view?usp=drive_link\" target=\"_blank\" rel=\"noreferrer noopener\">Conf. univ. dr. Florin RADU<\/a><\/strong><\/li>\n\n\n\n<li><a rel=\"noreferrer noopener\" href=\"https:\/\/drive.google.com\/file\/d\/1JAZmRMKFVTnxEC6vq5WEFBVh8KyvLW5U\/view?usp=drive_link\" target=\"_blank\"><strong>Lect. univ. dr. Ovidiu BONTA\u0218<\/strong><\/a><\/li>\n\n\n\n<li><strong><a href=\"https:\/\/drive.google.com\/file\/d\/1BkhwwSVRWCfWfmuZhOrO2HZd7q7yDrOH\/view?usp=share_link\" data-type=\"URL\" target=\"_blank\" rel=\"noreferrer noopener\">Lect. univ. dr. Radu-Cristian BUC\u0218\u0102<\/a><\/strong><\/li>\n\n\n\n<li><a href=\"https:\/\/drive.google.com\/file\/d\/1mvDXgj6u_QCN6PSqrWWbJxUPNXwOnQXr\/view?usp=sharing\" target=\"_blank\" rel=\"noreferrer noopener\"><strong>Lect. univ. dr. Gabriela FOTACHE<\/strong><\/a><\/li>\n\n\n\n<li><a href=\"https:\/\/drive.google.com\/file\/d\/1fG1D-yDLnvM2LeWfrpaL_xv5pWEfo9mw\/view?usp=drive_link\" target=\"_blank\" rel=\"noreferrer noopener\"><strong>Lect. univ. dr. Mihaela VASILOAIA<\/strong><\/a><\/li>\n\n\n\n<li><a rel=\"noreferrer noopener\" href=\"https:\/\/drive.google.com\/file\/d\/19vARPhd_TGE4tvs0tCnA4JhqF-7sg6y-\/view?usp=share_link\" target=\"_blank\"><strong>Lect. univ. dr. Crina-Mihaela VERGA<\/strong><\/a><\/li>\n\n\n\n<li><strong><a href=\"https:\/\/drive.google.com\/file\/d\/1BAKiydh_eueWTJjyQZfODGiD9PFrzVRD\/view?usp=drive_link\" target=\"_blank\" rel=\"noreferrer noopener\">Lect. univ. dr. Gheorghe Daniel \u0218TEFAN<\/a><\/strong><\/li>\n\n\n\n<li><a rel=\"noreferrer noopener\" href=\"https:\/\/drive.google.com\/file\/d\/1ATKiureAQCWvGVKftc1ohxsjwMHqvYyr\/view?usp=drive_link\" target=\"_blank\"><strong>Lect. univ. dr. Florentina NEAM\u021aU<\/strong><\/a><\/li>\n\n\n\n<li><a href=\"https:\/\/drive.google.com\/file\/d\/1WNlm7QXjR3HNy2v6Xw99AE1p5P2WByUr\/view?usp=drive_link\" data-type=\"URL\" data-id=\"https:\/\/drive.google.com\/file\/d\/1MkD9MIssddsB7OvxnYl1UYauEor5UwTz\/view?usp=sharing\" target=\"_blank\" rel=\"noreferrer noopener\"><strong>Lect. univ. dr. Elena-Tania N\u0102VODARIU<\/strong><\/a><\/li>\n\n\n\n<li><a href=\"https:\/\/drive.google.com\/file\/d\/1jTq5HtckfwXArVlZ1hNKUzdjEyZk-9bt\/view?usp=share_link\" target=\"_blank\" rel=\"noreferrer noopener\"><strong>Asist. univ. dr. Alina ABABEI<\/strong><\/a><\/li>\n<\/ul>\n\n\n\n<h4 class=\"wp-block-heading\">Cadre didactice asociate<\/h4>\n\n\n\n<ul class=\"wp-block-list\">\n<li><a rel=\"noreferrer noopener\" href=\"https:\/\/drive.google.com\/file\/d\/17nDgaPaLZ7nK9wHKsHkNduOIZfVLfHhS\/view?usp=sharing\" target=\"_blank\"><strong>Prof. univ. dr. Dumitru BONTA\u0218<\/strong><\/a><\/li>\n\n\n\n<li><a rel=\"noreferrer noopener\" href=\"https:\/\/drive.google.com\/file\/d\/1aBmbLB9XptHZgZpId3YJjshpj7AVunLi\/view?usp=sharing\" target=\"_blank\"><strong>Prof. univ. dr. Toader GHERASIM<\/strong><\/a><\/li>\n\n\n\n<li><a rel=\"noreferrer noopener\" href=\"https:\/\/drive.google.com\/open?id=15rHWNcTpFXnXvLlsmytqBBrVprrPV0XT\" target=\"_blank\"><strong>Prof. univ. dr. Dumitru \u2013 Marius PARASCHIVESCU<\/strong><\/a><\/li>\n\n\n\n<li><a href=\"https:\/\/drive.google.com\/file\/d\/14FVKa4iRYXk8myKn1ejIKadnHeiyjX-r\/view?usp=drive_link\" target=\"_blank\" rel=\"noreferrer noopener\"><strong>Prof. univ.dr. Heghe\u0219 Nicoleta Elena<\/strong><\/a><\/li>\n\n\n\n<li><a rel=\"noreferrer noopener\" href=\"https:\/\/drive.google.com\/file\/d\/1jH0Hs1hZUv1DpzdwPs7JWjqj2KeJbqHo\/view?usp=share_link\" target=\"_blank\"><strong>Prof. univ. dr. Tatiana PUIU<\/strong><\/a><\/li>\n\n\n\n<li><a rel=\"noreferrer noopener\" href=\"https:\/\/drive.google.com\/file\/d\/10bLZrcuIRAXVOj15LC4GETUf986Qjust\/view?usp=share_link\" target=\"_blank\"><strong>Prof. univ. dr. Ion RUSU<\/strong><\/a><\/li>\n\n\n\n<li><a rel=\"noreferrer noopener\" href=\"https:\/\/drive.google.com\/file\/d\/1lR0vi3pOc75xaElAjEPAn2CeZR1e_40t\/view?usp=share_link\" target=\"_blank\"><strong>Conf. univ. dr. Ioan CIOCHIN\u0102-BARBU<\/strong><\/a><\/li>\n\n\n\n<li><strong>Lect. univ. Dr. Daniela Dima<\/strong><\/li>\n\n\n\n<li><a href=\"https:\/\/drive.google.com\/file\/d\/1pQSe2qpfFZLeGIEOtlA480eMB4m0NE07\/view?usp=drive_link\" target=\"_blank\" rel=\"noreferrer noopener\"><strong>Lect. univ. Dr. Maria-Ema F\u00e2ciu<\/strong><\/a><\/li>\n\n\n\n<li><strong><a href=\"https:\/\/drive.google.com\/file\/d\/1YfpBLn-1UQvFPBSl1mpiYYTs-gxZzRys\/view?usp=drive_link\" target=\"_blank\" rel=\"noreferrer noopener\">Lect. univ. dr. Radu N\u0103forni\u021b\u0103<\/a><\/strong><\/li>\n\n\n\n<li><strong><a href=\"https:\/\/drive.google.com\/file\/d\/1qp9Lwp8uv4LoBIfa0CQmg614bVrEv0E0\/view?usp=drive_link\" target=\"_blank\" rel=\"noreferrer noopener\">Lect. univ. dr. Alina Cornelia C\u0102PRIOAR\u0102<\/a><\/strong><\/li>\n\n\n\n<li><a rel=\"noreferrer noopener\" href=\"https:\/\/drive.google.com\/file\/d\/18IkqLYxGLEiwBCcFJNXieRtrybevIBfv\/view?usp=share_link\" target=\"_blank\"><strong>Lect. univ. dr. Oana DAMASCHIN<\/strong><\/a><\/li>\n\n\n\n<li><strong><a href=\"https:\/\/drive.google.com\/file\/d\/1TrNyOVpl3umFSXPRwSku7jMytby3t8Rm\/view?usp=drive_link\" target=\"_blank\" rel=\"noreferrer noopener\">Asist.univ.drd. George Dan Sebastian Stoica<\/a><\/strong><\/li>\n<\/ul>\n","protected":false},"excerpt":{"rendered":"<p>Decan: Conf. univ. Dr. Violeta Hazaparu \u00cen cadrul Facult\u0103\u0163ii de \u015etiin\u0163e Economice, Juridice \u015fi Administrative sunt derulate programe de studii universitare de licen\u0163\u0103 \u015fi de&hellip;<\/p>\n","protected":false},"author":1,"featured_media":0,"parent":174,"menu_order":0,"comment_status":"closed","ping_status":"closed","template":"","meta":{"footnotes":""},"class_list":["post-145","page","type-page","status-publish","hentry"],"_links":{"self":[{"href":"https:\/\/www.ugb.ro\/index.php\/wp-json\/wp\/v2\/pages\/145","targetHints":{"allow":["GET"]}}],"collection":[{"href":"https:\/\/www.ugb.ro\/index.php\/wp-json\/wp\/v2\/pages"}],"about":[{"href":"https:\/\/www.ugb.ro\/index.php\/wp-json\/wp\/v2\/types\/page"}],"author":[{"embeddable":true,"href":"https:\/\/www.ugb.ro\/index.php\/wp-json\/wp\/v2\/users\/1"}],"replies":[{"embeddable":true,"href":"https:\/\/www.ugb.ro\/index.php\/wp-json\/wp\/v2\/comments?post=145"}],"version-history":[{"count":97,"href":"https:\/\/www.ugb.ro\/index.php\/wp-json\/wp\/v2\/pages\/145\/revisions"}],"predecessor-version":[{"id":1867,"href":"https:\/\/www.ugb.ro\/index.php\/wp-json\/wp\/v2\/pages\/145\/revisions\/1867"}],"up":[{"embeddable":true,"href":"https:\/\/www.ugb.ro\/index.php\/wp-json\/wp\/v2\/pages\/174"}],"wp:attachment":[{"href":"https:\/\/www.ugb.ro\/index.php\/wp-json\/wp\/v2\/media?parent=145"}],"curies":[{"name":"wp","href":"https:\/\/api.w.org\/{rel}","templated":true}]}}