{"id":1231,"date":"2023-05-04T15:39:06","date_gmt":"2023-05-04T15:39:06","guid":{"rendered":"https:\/\/www.ugb.ro\/?page_id=1231"},"modified":"2026-05-08T09:31:50","modified_gmt":"2026-05-08T09:31:50","slug":"concursuri","status":"publish","type":"page","link":"https:\/\/www.ugb.ro\/index.php\/concursuri\/","title":{"rendered":"Concursuri"},"content":{"rendered":"\n<p class=\"has-text-align-left\"><a href=\"https:\/\/drive.google.com\/file\/d\/1ljqd0zmp0-m-veDYykeuKLVqb7Liel26\/view?usp=sharing\" target=\"_blank\" rel=\"noreferrer noopener\"><strong>ANUN\u021a privind organizarea examenului de promovare \u00een cariera didactic\u0103 pentru ocuparea postului didactic vacant de conferen\u021biar universitar &#8211; semestrul II, anul universitar 2025\u20132026<\/strong><\/a><br>publicat \u00een data de 24.04.2026<\/p>\n\n\n\n<p>Universitatea \u201eGeorge Bacovia\u201d din Bac\u0103u anun\u0163\u0103 organizarea examenului de promovare \u00een cariera didactic\u0103 pentru ocuparea postului didactic vacant de conferen\u0163iar universitar, \u00een baza avizului ob\u021binut de la Ministerul Educa\u021biei \u0219i Cercet\u0103rii, \u00een conformitate cu legisla\u021bia \u00een vigoare, Legea \u00eenv\u0103\u021b\u0103m\u00e2ntului superior nr. 199\/2023, cu modific\u0103rile \u0219i complet\u0103rile ulterioare, Hot\u0103r\u00e2rea Guvernului nr. 56\/2024 pentru aprobarea Metodologiei-cadru privind organizarea \u0219i desf\u0103\u0219urarea examenului de promovare \u00een cariera didactic\u0103 \u00een \u00eenv\u0103\u021b\u0103m\u00e2ntul superior, precum \u0219i cu Metodologia proprie a universit\u0103\u021bii.<\/p>\n\n\n\n<p><strong>Pentru detalii &#8211; <a href=\"https:\/\/drive.google.com\/file\/d\/1ljqd0zmp0-m-veDYykeuKLVqb7Liel26\/view?usp=sharing\" target=\"_blank\" rel=\"noreferrer noopener\">click aici<\/a>.<\/strong><\/p>\n\n\n\n<p><strong><a href=\"https:\/\/drive.google.com\/file\/d\/170BTaRgZysSXa8yU8B6fZSKuO4ibbpMU\/view?usp=share_link\" target=\"_blank\" rel=\"noreferrer noopener\">Metodologia privind organizarea \u0219i desf\u0103\u0219urarea examenului de promovare \u00een cariera didactic\u0103 la Universitatea George Bacovia din Bac\u0103u<\/a><\/strong><\/p>\n\n\n\n<hr class=\"wp-block-separator has-alpha-channel-opacity\"\/>\n\n\n\n<p class=\"has-text-align-center\"><a href=\"https:\/\/drive.google.com\/file\/d\/1vY66jcRV8kzcB6evqHgFrRKb58uxeRjC\/view?usp=sharing\" target=\"_blank\" rel=\"noreferrer noopener\"><strong>ANUN\u021a privind organizarea concursului pentru ocuparea postului didactic vacant de lector universitar semestrul II, 2025-2026<\/strong><\/a><br>publicat \u00een data de 23.04.2026<\/p>\n\n\n\n<p class=\"has-text-align-left\">Universitatea \u201eGeorge Bacovia\u201d din Bac\u0103u anun\u0163\u0103 organizarea concursului privind ocuparea postului didactic vacant pentru func\u0163ia de lector universitar, publicat\u0103 de c\u0103tre Ministerul Educa\u0163iei, \u00een Monitorul Oficial al Rom\u00e2niei nr. 97 din 23 aprilie 2026, Partea a III-a, \u00een conformitate cu legisla\u021bia \u00een vigoare, Hot\u0103r\u00e2rea Guvernului nr. 1339\/2023 privind aprobarea Metodologiei-cadru de concurs pentru ocuparea posturilor didactice \u015fi de cercetare vacante din \u00eenv\u0103\u0163\u0103m\u00e2ntul superior \u015fi cu Metodologia proprie a universit\u0103\u0163ii.<\/p>\n\n\n\n<p><strong>Pentru detalii &#8211; <\/strong><a href=\"https:\/\/drive.google.com\/file\/d\/1vY66jcRV8kzcB6evqHgFrRKb58uxeRjC\/view?usp=drive_link\" target=\"_blank\" rel=\"noreferrer noopener\"><strong>click aici<\/strong><\/a>.<\/p>\n\n\n\n<p><a href=\"https:\/\/drive.google.com\/file\/d\/1CTxwS57V_v3hE1zeLPxWJnUiENUlMLgZ\/view?usp=sharing\" target=\"_blank\" rel=\"noreferrer noopener\"><strong>Metodologia de conferire a titlurilor \u0219i de ocupare a posturilor didactice \u0219i de cercetare vacante \u00een Universitatea George Bacovia din Bac\u0103u &#8211; click aici<\/strong><\/a><\/p>\n\n\n\n<p><strong>Tematica concursului &#8211; <a href=\"https:\/\/drive.google.com\/file\/d\/1Rnfd8E4IH6MFmQ1GGZkcLKEPKrZjKJDG\/view?usp=drive_link\" target=\"_blank\" rel=\"noreferrer noopener\">click aici<\/a>.<\/strong><\/p>\n\n\n\n<hr class=\"wp-block-separator has-alpha-channel-opacity\"\/>\n\n\n\n<p class=\"has-text-align-center\"><a href=\"https:\/\/drive.google.com\/file\/d\/1ALtgWW5JKoi7ODY1VzT8yJdsNtxYIxx6\/view?usp=sharing\" target=\"_blank\" rel=\"noreferrer noopener\"><strong>Anun\u021b privind organizarea examenului de promovare \u00een cariera didactic\u0103 semestrul I, 2025-2026<\/strong><\/a><br>publicat \u00een data de 24.11.2025<\/p>\n\n\n\n<p>UNIVERSITATEA \u201eGEORGE BACOVIA\u201d DIN BAC\u0102U anun\u021b\u0103 organizarea examenului de promovare \u00een cariera didactic\u0103 pentru ocuparea posturilor didactice vacante de conferen\u021biar universitar, \u00een baza avizului ob\u021binut de la Ministerul Educa\u0163iei \u0219i Cercet\u0103rii, \u00een conformitate cu legisla\u021bia \u00een vigoare, Legea \u00eenv\u0103\u021b\u0103m\u00e2ntului superior nr. 199\/2023, cu modific\u0103rile \u0219i complet\u0103rile ulterioare, Hot\u0103r\u00e2rea Guvernului nr. 56\/2024 pentru aprobarea Metodologiei-cadru privind organizarea \u0219i desf\u0103\u0219urarea examenului de promovare \u00een cariera didactic\u0103 \u00een \u00eenv\u0103\u021b\u0103m\u00e2ntul superior, cu modific\u0103rile \u0219i complet\u0103rile ulterioare \u015fi cu Metodologia proprie a universit\u0103\u0163ii.<\/p>\n\n\n\n<p><strong>Pentru detalii &#8211; <a href=\"https:\/\/drive.google.com\/file\/d\/1ALtgWW5JKoi7ODY1VzT8yJdsNtxYIxx6\/view?usp=sharing\" target=\"_blank\" rel=\"noreferrer noopener\">click aici.<\/a><\/strong><\/p>\n\n\n\n<p><strong>Decizia rectorului privind numirea comisiilor de examen promovare \u00een cariera didactica 2025-2026<\/strong> &#8211; <a href=\"https:\/\/drive.google.com\/file\/d\/1aXd0V2dLIfefE0QUu3fUx8eEtKu1srk8\/view?usp=drive_link\" target=\"_blank\" rel=\"noreferrer noopener\">click aici<\/a>.<\/p>\n\n\n\n<p><strong>Lista candidati inscrisi la examenul de promovare in cariera didactica sem. I 2025-2026 &#8211; <a href=\"https:\/\/drive.google.com\/file\/d\/1xxrWO0WvX1d4wZanxmetp1U8nE4-84-x\/view?usp=drive_link\" target=\"_blank\" rel=\"noreferrer noopener\">click aici<\/a><\/strong>.<\/p>\n\n\n\n<ul class=\"wp-block-list\">\n<li>Dosar nr. 1765\/15.12.2025\n<ul class=\"wp-block-list\">\n<li>CV &#8211; <a href=\"https:\/\/drive.google.com\/file\/d\/1rHiT_nZnzGayxjpU_svQa1KGxGGtf7jw\/view?usp=drive_link\" target=\"_blank\" rel=\"noreferrer noopener\">click aici<\/a><\/li>\n\n\n\n<li>Fisa de verificare a \u00eendeplinirii standardelor minimale pentru conferen\u021biar &#8211; <a href=\"https:\/\/drive.google.com\/file\/d\/1lHp2AzD1euJhnOvEDS25coyjagFOm_Ra\/view?usp=drive_link\" target=\"_blank\" rel=\"noreferrer noopener\">click aici<\/a><\/li>\n\n\n\n<li>Lista de lucr\u0103ri &#8211; <a href=\"https:\/\/drive.google.com\/file\/d\/19EkXSTaLBcxw79nZLuf4dGUXaxbUJF61\/view?usp=drive_link\" target=\"_blank\" rel=\"noreferrer noopener\">click aici<\/a><\/li>\n<\/ul>\n<\/li>\n\n\n\n<li>Dosar nr. 1774\/16.12.2025\n<ul class=\"wp-block-list\">\n<li>CV &#8211; <a href=\"https:\/\/drive.google.com\/file\/d\/12hq2dcnn1uF5a734S1uB94CpysVuABkS\/view?usp=sharing\" target=\"_blank\" rel=\"noreferrer noopener\">click aici<\/a><\/li>\n\n\n\n<li>Fisa de verificare a \u00eendeplinirii standardelor minimale pentru conferen\u021biar &#8211; <a href=\"https:\/\/drive.google.com\/file\/d\/1VnWx7MxOZW-lfNZNhOj4EqmGvJy9gT_0\/view?usp=drive_link\" target=\"_blank\" rel=\"noreferrer noopener\">click aici<\/a><\/li>\n\n\n\n<li>Lista de lucr\u0103ri &#8211; <a href=\"https:\/\/drive.google.com\/file\/d\/1tWh78NaAB3E11ey_hoXE3YUgwGOKiNRN\/view?usp=drive_link\" target=\"_blank\" rel=\"noreferrer noopener\">click aici<\/a><\/li>\n<\/ul>\n<\/li>\n\n\n\n<li>Dosar nr. 1783\/18.12.2025\n<ul class=\"wp-block-list\">\n<li>CV &#8211; <a href=\"https:\/\/drive.google.com\/file\/d\/1SchATTdj3X_4BnsGq4YiEbv4WjiP1wJV\/view?usp=sharing\" target=\"_blank\" rel=\"noreferrer noopener\">click aici<\/a><\/li>\n\n\n\n<li>Fisa de verificare a \u00eendeplinirii standardelor minimale pentru conferen\u021biar &#8211; <a href=\"https:\/\/drive.google.com\/file\/d\/1AV9DU_d1cXgMkoKAR0_O2pvOwVRP_oib\/view?usp=drive_link\" target=\"_blank\" rel=\"noreferrer noopener\">click aici<\/a><\/li>\n\n\n\n<li>Lista de lucr\u0103ri &#8211; <a href=\"https:\/\/drive.google.com\/file\/d\/1hrPozXDc2gV-Al56WGEe0xtTXcjXgLuH\/view?usp=drive_link\" target=\"_blank\" rel=\"noreferrer noopener\">click aici<\/a><\/li>\n<\/ul>\n<\/li>\n<\/ul>\n\n\n\n<p><strong>Lista candida\u021bilor care au ob\u021binut avizul juridic<\/strong><\/p>\n\n\n\n<ul class=\"wp-block-list\">\n<li>Dosar nr. 1765\/15.12.2025\n<ul class=\"wp-block-list\">\n<li>Avizul juridic &#8211; <a href=\"https:\/\/drive.google.com\/file\/d\/1IRbg3zem1zLwHtG3Px539khN-A5CFhVG\/view?usp=drive_link\" target=\"_blank\" rel=\"noreferrer noopener\">click aici<\/a><\/li>\n\n\n\n<li>Rezolu\u021bia comisiei de evaluare &#8211; <a href=\"https:\/\/drive.google.com\/file\/d\/1570JGOQ7CWpaw7dN54q3tIhftmTC6iOu\/view?usp=drive_link\" target=\"_blank\" rel=\"noreferrer noopener\">click aici<\/a><\/li>\n<\/ul>\n<\/li>\n\n\n\n<li>Dosar nr. 1774\/16.12.2025\n<ul class=\"wp-block-list\">\n<li>Avizul juridic &#8211; <a href=\"https:\/\/drive.google.com\/file\/d\/1b3-lyqW7YzosCf0qVDcqFRwYG4jUuelh\/view?usp=drive_link\" target=\"_blank\" rel=\"noreferrer noopener\">click aici<\/a><\/li>\n\n\n\n<li>Rezolu\u021bia comisiei de evaluare &#8211; <a href=\"https:\/\/drive.google.com\/file\/d\/1GBll5kfHlGxdzkBWzUmB0hV802qkbzMx\/view?usp=sharing\" target=\"_blank\" rel=\"noreferrer noopener\">click aici<\/a><\/li>\n<\/ul>\n<\/li>\n\n\n\n<li>Dosar nr. 1783\/18.12.2025\n<ul class=\"wp-block-list\">\n<li>Avizul juridic &#8211; <a href=\"https:\/\/drive.google.com\/file\/d\/17m_NGdPMPzaUcuG1drxvMRCytAx5VE4l\/view?usp=drive_link\" target=\"_blank\" rel=\"noreferrer noopener\">click aici<\/a><\/li>\n\n\n\n<li>Rezolu\u021bia comisiei de evaluare &#8211; <a href=\"https:\/\/drive.google.com\/file\/d\/1qUgxJNvxao4QK8Han_s2W2ariol7wlpK\/view?usp=drive_link\" target=\"_blank\" rel=\"noreferrer noopener\">click aici<\/a><\/li>\n<\/ul>\n<\/li>\n<\/ul>\n\n\n\n<p><strong>Rezultatele examenului de promovare \u00een carier\u0103 didactic\u0103 &#8211; <a href=\"https:\/\/drive.google.com\/file\/d\/1U19nwsjxeYc6dv7Sb7IAM0p818M4DxaF\/view?usp=sharing\" target=\"_blank\" rel=\"noreferrer noopener\">click aici<\/a><\/strong><\/p>\n\n\n\n<p><strong>Rezultatele finale ale examenului de promovare \u00een carier\u0103 &#8211; <a href=\"https:\/\/drive.google.com\/file\/d\/1h-5aFvwWvYvQOu-HWwylNDU6tOgMZNEi\/view?usp=drive_link\" target=\"_blank\" rel=\"noreferrer noopener\">click aici<\/a><\/strong> <\/p>\n\n\n\n<p><strong>Lista candida\u021bilor promova\u021bi &#8211; <a href=\"https:\/\/drive.google.com\/file\/d\/19UTkjQx6QSuEc8Jk-xG1U78zER3pY2iQ\/view?usp=drive_link\" target=\"_blank\" rel=\"noreferrer noopener\">click aici<\/a><\/strong><\/p>\n\n\n\n<p><strong>Anun\u021b concurs pentru ocuparea posturilor de Conferen\u021biar la UGB Bac\u0103u prin examen de promovare \u00een cariera didactic\u0103 &#8211; <\/strong><a href=\"https:\/\/drive.google.com\/file\/d\/1b4AbFllBGo6FC9FY3NII-ZULCGoTQojv\/view?usp=drive_link\" target=\"_blank\" rel=\"noreferrer noopener\"><strong>click aici<\/strong><\/a><\/p>\n\n\n\n<p><strong>Metodologia privind organizarea \u0219i desf\u0103\u0219urarea examenului de promovare \u00een cariera didactic\u0103 la Universitatea George Bacovia din Bac\u0103u &#8211; <a href=\"https:\/\/www.ugb.ro\/index.php\/despre-noi\/managementul-calitatii\/#:~:text=M10%20Metodologia%20privind%20organizarea%20%C8%99i%20desf%C4%83%C8%99urarea%20examenului%20de%20promovare%20%C3%AEn%20cariera%20didactic%C4%83%20la%20Universitatea%20George%20Bacovia%20din%20Bac%C4%83u\" data-type=\"link\" data-id=\"https:\/\/www.ugb.ro\/index.php\/despre-noi\/managementul-calitatii\/#:~:text=M10%20Metodologia%20privind%20organizarea%20%C8%99i%20desf%C4%83%C8%99urarea%20examenului%20de%20promovare%20%C3%AEn%20cariera%20didactic%C4%83%20la%20Universitatea%20George%20Bacovia%20din%20Bac%C4%83u\" target=\"_blank\" rel=\"noreferrer noopener\">click aici<\/a>.<\/strong><\/p>\n\n\n\n<hr class=\"wp-block-separator has-alpha-channel-opacity\"\/>\n\n\n\n<p><mark style=\"background-color:rgba(0, 0, 0, 0)\" class=\"has-inline-color has-vivid-red-color\"><strong>2023-2024 &#8211; Posturi didactice pentru examenul de promovare \u00een cariera didactic\u0103<\/strong><\/mark><\/p>\n\n\n\n<ul class=\"wp-block-list\">\n<li><strong><a href=\"https:\/\/drive.google.com\/file\/d\/1TRahbzdVXTaYBJLZetCPmBlJRo916K12\/view?usp=sharing\" target=\"_blank\" rel=\"noreferrer noopener\">Lector, Pozi\u021bia 32, disciplinele<\/a><\/strong>: \n<ul class=\"wp-block-list\">\n<li>Organizarea \u0219i etica profesiilor juridice,<\/li>\n\n\n\n<li>Dreptul muncii \u0219i securit\u0103\u021bii sociale, <\/li>\n\n\n\n<li>Dreptul familiei, <\/li>\n\n\n\n<li>Drept interna\u021bional public.<\/li>\n<\/ul>\n<\/li>\n\n\n\n<li><a href=\"https:\/\/drive.google.com\/file\/d\/13XqnlGiNiuYE6McjDgxjcnUNBLSkIMiy\/view?usp=drive_link\" target=\"_blank\" rel=\"noreferrer noopener\"><strong>Tematica probelor de examen<\/strong> &#8211; click aici<\/a><\/li>\n\n\n\n<li><a href=\"https:\/\/drive.google.com\/file\/d\/1rxrITpGrSvXTcLLG5zCDWCSsq3CBKya0\/view?usp=drive_link\" target=\"_blank\" rel=\"noreferrer noopener\"><strong>Calendarul de desf\u0103\u0219urare a examenului de promovare \u00een cariera didactic\u0103<\/strong> &#8211; click aici<\/a>.<\/li>\n\n\n\n<li><strong><a href=\"https:\/\/drive.google.com\/file\/d\/1Jz8rc0BY_7e_3ZORBl3UlnoLC4Cy-xA-\/view?usp=sharing\" target=\"_blank\" rel=\"noreferrer noopener\">Anun\u021b concurs pentru ocuparea postului de Lector la UGB Bac\u0103u prin examen de promovare \u00een cariera didactic\u0103<\/a><\/strong><a href=\"https:\/\/drive.google.com\/file\/d\/1Jz8rc0BY_7e_3ZORBl3UlnoLC4Cy-xA-\/view?usp=sharing\"> &#8211; click aici<\/a> &#8211; publicat \u00een data de 26.01.2024<\/li>\n\n\n\n<li><strong><a href=\"https:\/\/drive.google.com\/file\/d\/1sZzDTc6CTLvdtrWeG-BIV1FpUYQ3EiwS\/view?usp=drive_link\" target=\"_blank\" rel=\"noreferrer noopener\">Fisa verificare standarde minime dosar concurs Tania Navodariu<\/a><\/strong><a href=\"https:\/\/drive.google.com\/file\/d\/1sZzDTc6CTLvdtrWeG-BIV1FpUYQ3EiwS\/view?usp=drive_link\"> &#8211; click aici.<\/a><\/li>\n\n\n\n<li><a href=\"https:\/\/drive.google.com\/file\/d\/1A-rXBgE7xpRt9r_laFrUWZhshWm0JRUV\/view?usp=drive_link\"><strong>CV \u0219i Lista lucrari Tania Navo<\/strong><\/a><a href=\"https:\/\/drive.google.com\/file\/d\/1A-rXBgE7xpRt9r_laFrUWZhshWm0JRUV\/view?usp=drive_link\" target=\"_blank\" rel=\"noreferrer noopener\"><strong>dariu<\/strong><\/a><a href=\"https:\/\/drive.google.com\/file\/d\/1A-rXBgE7xpRt9r_laFrUWZhshWm0JRUV\/view?usp=drive_link\"> &#8211; click aici<\/a>.<\/li>\n\n\n\n<li><a href=\"https:\/\/drive.google.com\/file\/d\/1Wq7Yzv4FK7LoTP0Uw5CwqFVl5t9Ru9oZ\/view?usp=sharing\"><strong>Anun\u021b privind tema pentru prob\u0103 oral\u0103 (prelegere)<\/strong> &#8211; click aici.<\/a> &#8211; publicat \u00een data de 05.02.2024<\/li>\n\n\n\n<li><strong><a href=\"https:\/\/drive.google.com\/file\/d\/1PPX3gsvOuCq_2GG1omaYtdsyEAFCa7oR\/view?usp=drive_link\" target=\"_blank\" rel=\"noreferrer noopener\">Rezultat examen de promovare \u00een cariera didactic\u0103<\/a><\/strong><a href=\"https:\/\/drive.google.com\/file\/d\/1PPX3gsvOuCq_2GG1omaYtdsyEAFCa7oR\/view?usp=drive_link\"> &#8211; click aici<\/a> &#8211; publicat \u00een data de 07.02.2024<\/li>\n\n\n\n<li><a href=\"https:\/\/drive.google.com\/file\/d\/1MkGUnIGmeGqD1dffLFFUz_0EzIie3Gel\/view?usp=sharing\" target=\"_blank\" rel=\"noreferrer noopener\"><strong>Hot\u0103r\u00e2rea Senatului UGB privind aprobarea rezultatului examenului de promovare \u00een cariera didactic\u0103<\/strong> &#8211; click aici<\/a> &#8211; publicat \u00een data de 15.02.2024<br><\/li>\n<\/ul>\n\n\n\n<p><mark style=\"background-color:rgba(0, 0, 0, 0)\" class=\"has-inline-color has-vivid-red-color\"><strong style=\"\">Metodologia privind organizarea \u0219i desf\u0103\u0219urarea examenului de promovare \u00een cariera didactic\u0103 la Universitatea George Bacovia din Bac\u0103u<\/strong> &#8211; <\/mark><a href=\"https:\/\/drive.google.com\/file\/d\/170BTaRgZysSXa8yU8B6fZSKuO4ibbpMU\/view?usp=share_link\" target=\"_blank\" rel=\"noreferrer noopener\">click aici<\/a>.<\/p>\n\n\n\n<p>Hot\u0103r\u00e2rea Senatului privind aprobarea comisiilor pentru organizarea \u0219i desf\u0103\u0219urarea examenului de promovare \u00een cariera didactic\u0103 &#8211; <a href=\"https:\/\/drive.google.com\/file\/d\/1etSlScZUI9_OD2K8Gca8WW9VcwbQsGBf\/view?usp=drive_link\" target=\"_blank\" rel=\"noreferrer noopener\">click aici<\/a><\/p>\n\n\n\n<p>Hot\u0103r\u00e2rea Consiliului de Administra\u021bie privind avizarea comisiei de evaluare a dosarelor de examen pentru promovarea \u00een cariera didactic\u0103 &#8211; <a href=\"https:\/\/drive.google.com\/file\/d\/1RH5R7qP5xp30HqWb3Sc71PDfFIlxT8eh\/view?usp=drive_link\" target=\"_blank\" rel=\"noreferrer noopener\">click aici<\/a><\/p>\n\n\n\n<hr class=\"wp-block-separator has-alpha-channel-opacity\"\/>\n\n\n\n<p><mark style=\"background-color:rgba(0, 0, 0, 0)\" class=\"has-inline-color has-vivid-red-color\"><strong>2022-2023 &#8211; Posturi didactice pentru examenul de promovare \u00een cariera didactic\u0103<\/strong><\/mark><\/p>\n\n\n\n<ul class=\"wp-block-list\">\n<li><a href=\"https:\/\/drive.google.com\/file\/d\/12co3VysSIkZk0v9I-_aAauuLjcKJOAau\/view?usp=share_link\" target=\"_blank\" rel=\"noreferrer noopener\"><strong>Lector, Pozi\u021bia 33, disciplinele<\/strong><\/a>: \n<ul class=\"wp-block-list\">\n<li>Dreptul muncii \u0219i securit\u0103\u021bii sociale, <\/li>\n\n\n\n<li>Dreptul familiei, <\/li>\n\n\n\n<li>Drept interna\u021bional public, <\/li>\n\n\n\n<li>Practic\u0103 de specialitate.<\/li>\n<\/ul>\n<\/li>\n\n\n\n<li><strong><a rel=\"noreferrer noopener\" href=\"https:\/\/drive.google.com\/file\/d\/1MSjGIVLCUiQNBTSN8Z9VGiFZglunDq4-\/view?usp=share_link\" target=\"_blank\">Tematica probelor de examen<\/a><\/strong><\/li>\n<\/ul>\n\n\n\n<hr class=\"wp-block-separator has-alpha-channel-opacity\"\/>\n\n\n\n<ul class=\"wp-block-list\">\n<li><a rel=\"noreferrer noopener\" href=\"https:\/\/drive.google.com\/file\/d\/12co3VysSIkZk0v9I-_aAauuLjcKJOAau\/view?usp=share_link\" target=\"_blank\"><strong>Lector, Pozi\u021bia 34, disciplinele<\/strong><\/a>: \n<ul class=\"wp-block-list\">\n<li>Drept roman, <\/li>\n\n\n\n<li>Dreptul comer\u021bului interna\u021bional, <\/li>\n\n\n\n<li>Drept civil. Teoria obliga\u021biilor, <\/li>\n\n\n\n<li>Drept civil. Drepturi reale, <\/li>\n\n\n\n<li>Practic\u0103 de specialitate.<\/li>\n<\/ul>\n<\/li>\n\n\n\n<li><a rel=\"noreferrer noopener\" href=\"https:\/\/drive.google.com\/file\/d\/1y09NWOlUVbISSFEnI1Vp7NjnOW1BWXPT\/view?usp=share_link\" target=\"_blank\"><strong>Tematica probelor de examen<\/strong><\/a><\/li>\n<\/ul>\n\n\n\n<hr class=\"wp-block-separator has-alpha-channel-opacity\"\/>\n\n\n\n<ul class=\"wp-block-list\">\n<li><a href=\"https:\/\/drive.google.com\/file\/d\/1K3hVXv4ncoeJ_UjaAmLkncXh8QeOdKcg\/view?usp=share_link\" target=\"_blank\" rel=\"noreferrer noopener\"><strong>Calendarul de desf\u0103\u0219urare a examenului de promovare \u00een cariera didactic\u0103<\/strong> &#8211; click aici<\/a>.<\/li>\n<\/ul>\n\n\n\n<p><mark style=\"background-color:rgba(0, 0, 0, 0)\" class=\"has-inline-color has-vivid-red-color\"><strong style=\"\">Metodologia privind organizarea \u0219i desf\u0103\u0219urarea examenului de promovare \u00een cariera didactic\u0103 la Universitatea George Bacovia din Bac\u0103u<\/strong> &#8211; <\/mark><a href=\"https:\/\/drive.google.com\/file\/d\/1tqdbTScn90TbU4jKU34Fzd33CCq0l9jE\/view?usp=share_link\" target=\"_blank\" rel=\"noreferrer noopener\">click aici<\/a>.<\/p>\n","protected":false},"excerpt":{"rendered":"<p>ANUN\u021a privind organizarea examenului de promovare \u00een cariera didactic\u0103 pentru ocuparea postului didactic vacant de conferen\u021biar universitar &#8211; semestrul II, anul universitar 2025\u20132026publicat \u00een data&hellip;<\/p>\n","protected":false},"author":1,"featured_media":0,"parent":0,"menu_order":0,"comment_status":"closed","ping_status":"closed","template":"","meta":{"footnotes":""},"class_list":["post-1231","page","type-page","status-publish","hentry"],"_links":{"self":[{"href":"https:\/\/www.ugb.ro\/index.php\/wp-json\/wp\/v2\/pages\/1231","targetHints":{"allow":["GET"]}}],"collection":[{"href":"https:\/\/www.ugb.ro\/index.php\/wp-json\/wp\/v2\/pages"}],"about":[{"href":"https:\/\/www.ugb.ro\/index.php\/wp-json\/wp\/v2\/types\/page"}],"author":[{"embeddable":true,"href":"https:\/\/www.ugb.ro\/index.php\/wp-json\/wp\/v2\/users\/1"}],"replies":[{"embeddable":true,"href":"https:\/\/www.ugb.ro\/index.php\/wp-json\/wp\/v2\/comments?post=1231"}],"version-history":[{"count":49,"href":"https:\/\/www.ugb.ro\/index.php\/wp-json\/wp\/v2\/pages\/1231\/revisions"}],"predecessor-version":[{"id":1914,"href":"https:\/\/www.ugb.ro\/index.php\/wp-json\/wp\/v2\/pages\/1231\/revisions\/1914"}],"wp:attachment":[{"href":"https:\/\/www.ugb.ro\/index.php\/wp-json\/wp\/v2\/media?parent=1231"}],"curies":[{"name":"wp","href":"https:\/\/api.w.org\/{rel}","templated":true}]}}